{"id":7337,"date":"2019-08-09T10:26:55","date_gmt":"2019-08-09T10:26:55","guid":{"rendered":"https:\/\/www.bonus.ca\/fr\/?page_id=7337"},"modified":"2025-05-21T08:47:04","modified_gmt":"2025-05-21T08:47:04","slug":"playtech","status":"publish","type":"page","link":"https:\/\/www.bonus.ca\/fr\/casino-en-ligne\/logiciel\/playtech","title":{"rendered":"Casino Playtech"},"content":{"rendered":"<h2>Meilleurs Playtech Casinos en 2026<\/h2>\n<p>Voici les types de promotions que vous trouverez sur les sites Playtech:<\/p>\n<ul>\n<li><strong>Bonus de bienvenue<\/strong> <br \/>\nImaginez les meilleurs bonus de bienvenue que vous puissiez trouver. Un bon bonus de d\u00e9p\u00f4t Playtech double ou m\u00eame triple votre argent. Ce sont donc le genre de bonus que vous souhaitez. Les casinos Playtech au Canada que nous avons \u00e9num\u00e9r\u00e9 ci-dessus sont particuli\u00e8rement g\u00e9n\u00e9reux avec leurs bonus de d\u00e9p\u00f4t. Profitez-en pour multiplier vos dollars avant de mettre votre argent en jeu. <\/li>\n<li><strong>Tours gratuits<\/strong> <br \/> Jouez quelques tours en argent r\u00e9el offerts gratuitement. Notez que si ces promotions sont assez courantes en 2026), elles sont rarement destin\u00e9es aux machines \u00e0 sous Playtech. M\u00eame dans un casino Playtech, les tours sont le plus souvent dirig\u00e9s vers une machine \u00e0 sous par d&#8217;autres d\u00e9veloppeurs de jeux.<\/li>\n<li><strong>Bonus sans d\u00e9p\u00f4t<\/strong> <br \/>\nLes casinos Playtech offrent rarement des bonus sans d\u00e9p\u00f4t. Si nous en trouvons un, vous le verrez appara\u00eetre sur la liste en haut de cette page.<\/li>\n<li><strong>R\u00e9compenses de fid\u00e9lit\u00e9<\/strong> <br \/>\nChaque <a href=\"https:\/\/www.bonus.ca\/fr\/\">casino en ligne<\/a> g\u00e8re son propre programme de fid\u00e9lit\u00e9. Les casinos Playtech ne sont pas diff\u00e9rents. D\u00e9posez et jouez contre de l&#8217;argent r\u00e9el et vous recevrez de nombreux avantages VIP, allant des bonus de d\u00e9p\u00f4t personnalis\u00e9s aux tours gratuits sur les nouvelles machines \u00e0 sous Playtech.<\/li>\n<\/ul>\n<h2> Casinos Playtech au Canada <\/h2>\n<p>Les jeux de casino Playtech ne sont pas disponibles dans tous les casinos canadiens. Bien que la s\u00e9lection des casinos canadiens Playtech ne soit pas \u00e9norme, au moins elle est bonne. Voici nos choix pr\u00e9f\u00e9r\u00e9s pour les meilleurs casinos Playtech ouverts aux joueurs du Canada:<\/p>\n<ol>\n<li>LeoVegas Casino:<br \/>\nExcellent casino en ligne o\u00f9 vous appr\u00e9cierez les machines \u00e0 sous Playtech ainsi que des centaines de machines \u00e0 sous provenant d&#8217;autres grands d\u00e9veloppeurs de jeux comme Microgaming et Play N Go. Parmi les points forts, mentionnons les encaissements ultra rapides (trait\u00e9s en quelques heures), les m\u00e9thodes bancaires canadiennes et d&#8217;excellents bonus dont des tours gratuits. <\/li>\n<li><a href=\"https:\/\/www.bonus.ca\/fr\/888-casino\">Casino 888<\/a> <br \/>\nL&#8217;un des plus grands sites de jeu de la plan\u00e8te. Grand choix de machines \u00e0 sous Playtech et de jeux de table (y compris la roulette et le black jack). Le Casino 888 ne devrait pas vous d\u00e9cevoir.<\/li>\n<li>777 Casino<br \/>\nLe site partneaire de 888 propose les m\u00eames jeux, mais des bonus diff\u00e9rents. Conseil: jouez d&#8217;abord \u00e0 888 et une fois votre bonus \u00e9puis\u00e9, rendez-vous au casino 777. <\/li>\n<\/ol>\n<p>Comme vous pouvez le constater, la liste des casinos canadiens Playtech n&#8217;est pas tr\u00e8s longue. Mais pas de panique, Mr Green semble remporter chaque ann\u00e9e les r\u00e9compenses du &#8220;casino de l&#8217;ann\u00e9e&#8221;. Vous pourrez donc au moins profiter des jeux Playtech dans les meilleurs casinos en ligne du moment.<\/p>\n<p>Si vous vous limitez aux casinos Playtech, vous risquez de manquer certains des meilleurs bonus du moment. Consultez notre liste pour trouver les <a href=\"https:\/\/www.bonus.ca\/fr\/casino-bonus\"> meilleurs casinos offrant des bonus au Canada<\/a> et assurez-vous de tirer le maximum de gains.<\/p>\n<h2> Logiciel Playtech Casino <\/h2>\n<p>Le <a href=\"https:\/\/www.playtech.com\/products\/casino\" rel=\"noopener noreferrer\" target=\"_blank\">logiciel de casino Playtech<\/a> a \u00e9t\u00e9 lanc\u00e9 pour la premi\u00e8re fois au d\u00e9but de 1999, il y a donc plus de 20 ans. Alors que le logiciel a commenc\u00e9 comme une plate-forme de casino r\u00e9serv\u00e9e au t\u00e9l\u00e9chargement, les jeux Playtech d&#8217;aujourd&#8217;hui se retrouvent dans les casinos \u00e0 jeu instantan\u00e9 o\u00f9 vous pouvez les appr\u00e9cier sur votre navigateur Web. En plus des jeux de casino, Playtech, bas\u00e9 sur l&#8217;\u00eele de Man et en Isra\u00ebl, propose \u00e9galement des logiciels de poker en ligne, de bingo et de casinos en direct.<\/p>\n<p>Les jeux Playtech les plus jou\u00e9s incluent la roulette, le black jack et une vari\u00e9t\u00e9 de machines \u00e0 sous populaires.<\/p>\n<h2>Machines \u00e0 Sous Playtech en Ligne<\/h2>\n<p>Playtech se distingue des autres fournisseurs de machines \u00e0 sous par son habitude \u00e0 d\u00e9velopper les jeux en fonction de propri\u00e9t\u00e9s sous licence. Celles-ci vont des titres de films comme Top Gun et Gladiator \u00e0 des titres loufoques comme Ace Ventura Pet Detective et American Dad.<\/p>\n<p>Malgr\u00e9 le choix de licences bizarres (qui aurait cru que le monde avait besoin d&#8217;une machine \u00e0 sous en ligne Ace Ventura?) les machines \u00e0 sous les plus populaires sont principalement des jeux \u00e0 gros lot g\u00e9n\u00e9riques.<\/p>\n<p>Voici les machines \u00e0 sous Playtech les plus populaires en 2026:<\/p>\n<ul>\n<li>Beach Life<\/li>\n<li>Age of Gods: King of Olympus<\/li>\n<li>Age of Gods: Prince of Olympus<\/li>\n<li>Gladiator<\/li>\n<li>Buffalo Blitz<\/li>\n<\/ul>\n<p>Notez bien que jouer \u00e0 une machine \u00e0 sous \u00e0 gros lot Playtech peut \u00eatre assez co\u00fbteux. Vous devez miser 10$ par tour sur Beach Life pour avoir une chance de gagner le gros lot. Comparez cela \u00e0 Mega Moolah o\u00f9 une mise de moins de 1$ fait l&#8217;affaire.<\/p>\n<p>Pour les joueurs canadiens et qu\u00e9b\u00e9cois, le meilleur casino pour jouer aux machines \u00e0 sous Playtech est Mr Green. Il n&#8217;a pas tous les jeux Playtech, mais vous pouvez \u00e9galement profiter d&#8217;une grande vari\u00e9t\u00e9 de jeux parmi les meilleurs <a href=\"https:\/\/www.bonus.ca\/fr\/casino-en-ligne\/logiciel\">fournisseurs de jeux de casino<\/a>.<\/p>\n<div class=\"video-wrapper\">\n\t<div class=\"youtube-player embed-player no-margin\" data-id=9Hq2fvu8_1Y><\/div>\n<\/div>\n\n<p>Voici \u00e0 quoi ressemble la machine \u00e0 sous Top Gun de Playtech. Si vous souhaitez entrer dans la zone de danger, nous vous recommandons d&#8217;essayer ce jeu chez Mr Green.<\/p>\n<h3>Machines \u00e0 Sous Quickspin<\/h3>\n<p>Vous vous demandez peut-\u00eatre pourquoi Quickspin est souvent mentionn\u00e9 conjointement avec Playtech. En fait, Playtech a rachet\u00e9 Quickspin, un fournisseur de jeux de machines \u00e0 sous en 2016. Cet achat a ajout\u00e9 quelques-unes des meilleures machines \u00e0 sous en ligne au portefeuille de Playtech.<\/p>\n<p>Les meilleurs machines \u00e0 sous Quickspin incluent:<\/p>\n<ul>\n<li>Big Bad Wolf<\/li>\n<li>Second Strike<\/li>\n<li>Sakura Fortune<\/li>\n<li>Volcano Riches<\/li>\n<li>Goldilocks<\/li>\n<\/ul>\n<p>Ces machines \u00e0 sous Quickspin sont disponibles dans les casinos qui ne proposent pas d&#8217;autres jeux Playtech. Par exemple, rendez-vous sur Rizk Casino pour profiter des jeux Quickspin avec un excellent bonus.<\/p>\n<div id=\"attachment_6208\" style=\"width: 810px\" class=\"wp-caption aligncenter\"><img aria-describedby=\"caption-attachment-6208\" src = \"https:\/\/www.bonus.ca\/fr\/images\/playtech-slot.jpg\" alt = \"playtech bonus\" width = \"800\" height=\"423\" class =\"wp-image-6208\"\/><p id=\"caption-attachment-6208\" class=\"wp-caption-text\">Big Bad Wolf par Quickspin, propri\u00e9t\u00e9 de Playtech, est l&#8217;une des meilleures machines \u00e0 sous en 2026<\/p><\/div>\n<h2>Playtech Mobile<\/h2>\n<p>Playtech \u00e9tait le dernier des &#8220;grands&#8221; d\u00e9veloppeurs de casino (les autres \u00e9tant Microgaming, Big Time Gaming et NetEnt) \u00e0 embrasser le jeu mobile. Cela a pris du temps, mais maintenant, en 2026, tous les jeux et machines \u00e0 sous les plus importants de Playtech fonctionnent aussi bien sur ordinateur que sur un t\u00e9l\u00e9phone portable.<\/p>\n<p>Les jeux mobiles Playtech fonctionnent bien sur:<\/p>\n<ul>\n<li> T\u00e9l\u00e9phones et tablettes Android <\/li>\n<li> iPhone <\/li>\n<li> iPad <\/li>\n<li> T\u00e9l\u00e9phones et tablettes Blackberry <\/li>\n<\/ul>\n<p>Notez que la plupart des casinos en ligne ne poss\u00e8dent pas d&#8217;application. Par cons\u00e9quent, au lieu d&#8217;aller sur Google Play ou Apple Store, enregistrez-vous au casino Playtech de votre choix et jouez directement aux jeux sur le site Web du casino.<\/p>\n<p>Voici \u00e0 quoi ressemble le casino en direct:<\/p>\n<div class=\"video-wrapper\">\n\t<div class=\"youtube-player embed-player no-margin\" data-id=UFjqf3I-_J8><\/div>\n<\/div>\n\n","protected":false},"excerpt":{"rendered":"<p>Meilleurs Playtech Casinos en Voici les types de promotions que vous trouverez sur les sites Playtech: Bonus de bienvenue Imaginez les meilleurs bonus de bienvenue que vous puissiez trouver. Un bon bonus de d\u00e9p\u00f4t Playtech double ou m\u00eame triple votre argent. Ce sont donc le genre de bonus que vous souhaitez. Les casinos Playtech au [&hellip;]<\/p>\n","protected":false},"author":123,"featured_media":0,"parent":8311,"menu_order":0,"comment_status":"closed","ping_status":"closed","template":"","meta":{"inline_featured_image":false,"_glsr_average":0,"_glsr_ranking":0,"_glsr_reviews":0,"footnotes":""},"class_list":["post-7337","page","type-page","status-publish","hentry"],"yoast_head":"<!-- This site is optimized with the Yoast SEO plugin v27.3 - https:\/\/yoast.com\/product\/yoast-seo-wordpress\/ -->\n<title>Playtech Casino \u25b7 Casinos Offrant les Jeux Playtech \u25b7 2026<\/title>\n<meta name=\"description\" content=\"D\u00e9couvrez les meilleurs casinos Playtech au Canada. \u2714\ufe0f Liste de tours gratuits Playtech, bonus exclusifs et casinos fiables.\" \/>\n<meta name=\"robots\" content=\"index, follow, max-snippet:-1, max-image-preview:large, max-video-preview:-1\" \/>\n<link rel=\"canonical\" href=\"https:\/\/www.bonus.ca\/fr\/casino-en-ligne\/logiciel\/playtech\" \/>\n<meta property=\"og:type\" content=\"article\" \/>\n<meta property=\"og:title\" content=\"Playtech Casino \u25b7 Casinos Offrant les Jeux Playtech \u25b7 2026\" \/>\n<meta property=\"og:description\" content=\"D\u00e9couvrez les meilleurs casinos Playtech au Canada. \u2714\ufe0f Liste de tours gratuits Playtech, bonus exclusifs et casinos fiables.\" \/>\n<meta property=\"og:url\" content=\"https:\/\/www.bonus.ca\/fr\/casino-en-ligne\/logiciel\/playtech\" \/>\n<meta property=\"article:modified_time\" content=\"2025-05-21T08:47:04+00:00\" \/>\n<meta name=\"twitter:card\" content=\"summary_large_image\" \/>\n<meta name=\"twitter:label1\" content=\"Est. reading time\" \/>\n\t<meta name=\"twitter:data1\" content=\"5 minutes\" \/>\n<!-- \/ Yoast SEO plugin. -->","yoast_head_json":{"title":"Playtech Casino \u25b7 Casinos Offrant les Jeux Playtech \u25b7 2026","description":"D\u00e9couvrez les meilleurs casinos Playtech au Canada. \u2714\ufe0f Liste de tours gratuits Playtech, bonus exclusifs et casinos fiables.","robots":{"index":"index","follow":"follow","max-snippet":"max-snippet:-1","max-image-preview":"max-image-preview:large","max-video-preview":"max-video-preview:-1"},"canonical":"https:\/\/www.bonus.ca\/fr\/casino-en-ligne\/logiciel\/playtech","og_type":"article","og_title":"Playtech Casino \u25b7 Casinos Offrant les Jeux Playtech \u25b7 2026","og_description":"D\u00e9couvrez les meilleurs casinos Playtech au Canada. \u2714\ufe0f Liste de tours gratuits Playtech, bonus exclusifs et casinos fiables.","og_url":"https:\/\/www.bonus.ca\/fr\/casino-en-ligne\/logiciel\/playtech","article_modified_time":"2025-05-21T08:47:04+00:00","twitter_card":"summary_large_image","twitter_misc":{"Est. reading time":"5 minutes"},"schema":{"@context":"https:\/\/schema.org","@graph":[{"@type":"WebPage","@id":"https:\/\/www.bonus.ca\/fr\/casino-en-ligne\/logiciel\/playtech","url":"https:\/\/www.bonus.ca\/fr\/casino-en-ligne\/logiciel\/playtech","name":"Playtech Casino \u25b7 Casinos Offrant les Jeux Playtech \u25b7 2026","isPartOf":{"@id":"https:\/\/www.bonus.ca\/fr\/#website"},"datePublished":"2019-08-09T10:26:55+00:00","dateModified":"2025-05-21T08:47:04+00:00","description":"D\u00e9couvrez les meilleurs casinos Playtech au Canada. \u2714\ufe0f Liste de tours gratuits Playtech, bonus exclusifs et casinos fiables.","breadcrumb":{"@id":"https:\/\/www.bonus.ca\/fr\/casino-en-ligne\/logiciel\/playtech#breadcrumb"},"inLanguage":"en-US","potentialAction":[{"@type":"ReadAction","target":["https:\/\/www.bonus.ca\/fr\/casino-en-ligne\/logiciel\/playtech"]}]},{"@type":"BreadcrumbList","@id":"https:\/\/www.bonus.ca\/fr\/casino-en-ligne\/logiciel\/playtech#breadcrumb","itemListElement":[{"@type":"ListItem","position":1,"name":"Home","item":"https:\/\/www.bonus.ca\/fr\/"},{"@type":"ListItem","position":2,"name":"Casino argent r\u00e9\u00e8l","item":"https:\/\/www.bonus.ca\/fr\/casino-en-ligne"},{"@type":"ListItem","position":3,"name":"Logiciels de Casino","item":"https:\/\/www.bonus.ca\/fr\/casino-en-ligne\/logiciel"},{"@type":"ListItem","position":4,"name":"Casino Playtech"}]},{"@type":"WebSite","@id":"https:\/\/www.bonus.ca\/fr\/#website","url":"https:\/\/www.bonus.ca\/fr\/","name":"BonusFinder Canada (Fran\u00e7ais)","description":"La source de bonus n\u00b0 1 au Canada","potentialAction":[{"@type":"SearchAction","target":{"@type":"EntryPoint","urlTemplate":"https:\/\/www.bonus.ca\/fr\/?s={search_term_string}"},"query-input":{"@type":"PropertyValueSpecification","valueRequired":true,"valueName":"search_term_string"}}],"inLanguage":"en-US"}]}},"_links":{"self":[{"href":"https:\/\/www.bonus.ca\/fr\/wp-json\/wp\/v2\/pages\/7337","targetHints":{"allow":["GET"]}}],"collection":[{"href":"https:\/\/www.bonus.ca\/fr\/wp-json\/wp\/v2\/pages"}],"about":[{"href":"https:\/\/www.bonus.ca\/fr\/wp-json\/wp\/v2\/types\/page"}],"author":[{"embeddable":true,"href":"https:\/\/www.bonus.ca\/fr\/wp-json\/wp\/v2\/users\/123"}],"replies":[{"embeddable":true,"href":"https:\/\/www.bonus.ca\/fr\/wp-json\/wp\/v2\/comments?post=7337"}],"version-history":[{"count":11,"href":"https:\/\/www.bonus.ca\/fr\/wp-json\/wp\/v2\/pages\/7337\/revisions"}],"predecessor-version":[{"id":23767,"href":"https:\/\/www.bonus.ca\/fr\/wp-json\/wp\/v2\/pages\/7337\/revisions\/23767"}],"up":[{"embeddable":true,"href":"https:\/\/www.bonus.ca\/fr\/wp-json\/wp\/v2\/pages\/8311"}],"wp:attachment":[{"href":"https:\/\/www.bonus.ca\/fr\/wp-json\/wp\/v2\/media?parent=7337"}],"curies":[{"name":"wp","href":"https:\/\/api.w.org\/{rel}","templated":true}]}}