{"id":7341,"date":"2019-08-09T10:16:08","date_gmt":"2019-08-09T10:16:08","guid":{"rendered":"https:\/\/www.bonus.ca\/fr\/?post_type=bookmakers&#038;p=7341"},"modified":"2025-05-29T09:15:57","modified_gmt":"2025-05-29T09:15:57","slug":"777-casino","status":"publish","type":"page","link":"https:\/\/www.bonus.ca\/fr\/777-casino","title":{"rendered":"777 Casino"},"content":{"rendered":"<h2>777 Casino en Ligne<\/h2>\n<p>Si vous aimez l&#8217;ambiance r\u00e9tro et d\u00e9contract\u00e9e, vous allez adorer <strong>777 Casino<\/strong>. Non seulement ce <a href=\"https:\/\/www.bonus.ca\/fr\/\">casino en ligne<\/a> vous accueille avec un gros bonus casino, mais il r\u00e9veillera aussi votre d\u00e9sir pour l&#8217;aventure.<\/p>\n<p>777 Casino vous offre une exp\u00e9rience de jeu excellente que ce soit depuis leur casino mobile ou sur votre ordinateur. Le site web du casino est facile \u00e0 utiliser et vous pourrez naviguer \u00e0 travers l&#8217;interface rapidement.<\/p>\n<p>Les d\u00e9p\u00f4ts et retraits se font facilement et de fa\u00e7on s\u00e9curitaire. Poursuivez votre lecture pour en savoir plus!<\/p>\n<p>[table_start]<br \/>\n[table_row column-1=&#8221;<strong>Nom du site<\/strong>&#8221; column-2=&#8217;\t777 Casino&#8217;]<br \/>\n[table_row column-1=&#8217;<strong>Bonus total<\/strong>&#8216; column-2=&#8217;200$ + 77 tours gratuits sans depot&#8217;]<br \/>\n[table_row column-1=&#8217;<strong>Jeux<\/strong>&#8216; column-2=&#8217;+700 &#8216;]<br \/>\n[table_row column-1=&#8217;<strong>Casino mobile<\/strong>&#8216; column-2=&#8217;Oui (Android, iOS, Windows)&#8217;]<br \/>\n[table_row column-1=&#8217;<strong>Jeu gratuit<\/strong>&#8216; column-2=&#8217;Starburst&#8217;]<br \/>\n[table_end]<\/p>\n<div id=\"attachment_16619\" style=\"width: 1546px\" class=\"wp-caption alignnone\"><img loading=\"lazy\" decoding=\"async\" aria-describedby=\"caption-attachment-16619\" src=\"https:\/\/www.bonus.ca\/fr\/images\/777-bonus-casino.png\" alt=\"777 bonus casino \" width=\"1536\" height=\"920\" class=\"size-full wp-image-16619\" srcset=\"https:\/\/mediafr.bonus.ca\/images\/777-bonus-casino.png 1536w, https:\/\/mediafr.bonus.ca\/images\/777-bonus-casino-300x180.png 300w, https:\/\/mediafr.bonus.ca\/images\/777-bonus-casino-1024x613.png 1024w, https:\/\/mediafr.bonus.ca\/images\/777-bonus-casino-1048x628.png 1048w, https:\/\/mediafr.bonus.ca\/images\/777-bonus-casino-90x54.png 90w\" sizes=\"auto, (max-width: 1536px) 100vw, 1536px\" \/><p id=\"caption-attachment-16619\" class=\"wp-caption-text\">777 casino vous r\u00e9compensera avec un bonus de 100%, jusqu&#8217;\u00e0 200$.<\/p><\/div>\n<h3>Casino gratuit 777 pour les joueurs canadiens <\/h3>\n<p>Le casino en ligne 777 accepte les dollars canadiens et vous permet de faire vos d\u00e9p\u00f4ts et retraits avec les m\u00e9thodes bancaires populaires aupr\u00e8s des joueurs canadiens et qu\u00e9b\u00e9cois. <\/p>\n<p>De plus, ce casino en ligne offre les jeux bien aim\u00e9s des joueurs venant du Canada, ce qui devrait rendre votre exp\u00e9rience de jeu en ligne plus amusante.<\/p>\n<p>Notez que pour le moment, le <a href=\"https:\/\/www.bonus.ca\/fr\/casino-en-ligne\/quebec\">casino en ligne qu\u00e9bec<\/a> 777 Casino n&#8217;offre pas de version en fran\u00e7ais. Toutefois, il est assez facile de comprendre le site et d&#8217;y naviguer.<\/p>\n<h3>Pourquoi choisir 777 Casino ?<\/h3>\n<p>\t<div class=\"pros-cons-item pro list-item\">\n\t\t<div class=\"list-item-icon\">\n\t\t\t<div class=\"icon-small\">\n\t\t\t\t<svg width=\"100%\" height=\"100%\" viewBox=\"0 0 24 24\" fill=\"none\" xmlns=\"http:\/\/www.w3.org\/2000\/svg\" aria-labelledby=\"proTitle proDesc\">\n\t<title id=\"proTitle\">Plus sign<\/title>\n\t<desc id=\"proDesc\">White plus sign on green background<\/desc>\n\t<path d=\"M15 3C15 2.44772 14.5523 2 14 2L10 2C9.44772 2 9 2.44772 9 3V9H3C2.44772 9 2 9.44772 2 10V14C2 14.5523 2.44772 15 3 15H9V21C9 21.5523 9.44771 22 10 22H14C14.5523 22 15 21.5523 15 21V15H21C21.5523 15 22 14.5523 22 14V10C22 9.44772 21.5523 9 21 9H15V3Z\" fill=\"currentColor\"><\/path>\n<\/svg>\n\n\t\t\t<\/div>\n\t\t<\/div>\n\t\t<div class=\"text\"><strong>Site r\u00e9tro avec un joli design<\/strong><\/div>\n\t<\/div>\n<br \/>\n\t<div class=\"pros-cons-item pro list-item\">\n\t\t<div class=\"list-item-icon\">\n\t\t\t<div class=\"icon-small\">\n\t\t\t\t<svg width=\"100%\" height=\"100%\" viewBox=\"0 0 24 24\" fill=\"none\" xmlns=\"http:\/\/www.w3.org\/2000\/svg\" aria-labelledby=\"proTitle proDesc\">\n\t<title id=\"proTitle\">Plus sign<\/title>\n\t<desc id=\"proDesc\">White plus sign on green background<\/desc>\n\t<path d=\"M15 3C15 2.44772 14.5523 2 14 2L10 2C9.44772 2 9 2.44772 9 3V9H3C2.44772 9 2 9.44772 2 10V14C2 14.5523 2.44772 15 3 15H9V21C9 21.5523 9.44771 22 10 22H14C14.5523 22 15 21.5523 15 21V15H21C21.5523 15 22 14.5523 22 14V10C22 9.44772 21.5523 9 21 9H15V3Z\" fill=\"currentColor\"><\/path>\n<\/svg>\n\n\t\t\t<\/div>\n\t\t<\/div>\n\t\t<div class=\"text\"><strong>Accepte l'argent canadien<\/strong><\/div>\n\t<\/div>\n<br \/>\n\t<div class=\"pros-cons-item pro list-item\">\n\t\t<div class=\"list-item-icon\">\n\t\t\t<div class=\"icon-small\">\n\t\t\t\t<svg width=\"100%\" height=\"100%\" viewBox=\"0 0 24 24\" fill=\"none\" xmlns=\"http:\/\/www.w3.org\/2000\/svg\" aria-labelledby=\"proTitle proDesc\">\n\t<title id=\"proTitle\">Plus sign<\/title>\n\t<desc id=\"proDesc\">White plus sign on green background<\/desc>\n\t<path d=\"M15 3C15 2.44772 14.5523 2 14 2L10 2C9.44772 2 9 2.44772 9 3V9H3C2.44772 9 2 9.44772 2 10V14C2 14.5523 2.44772 15 3 15H9V21C9 21.5523 9.44771 22 10 22H14C14.5523 22 15 21.5523 15 21V15H21C21.5523 15 22 14.5523 22 14V10C22 9.44772 21.5523 9 21 9H15V3Z\" fill=\"currentColor\"><\/path>\n<\/svg>\n\n\t\t\t<\/div>\n\t\t<\/div>\n\t\t<div class=\"text\"><strong>Bonus sans d\u00e9p\u00f4t int\u00e9ressant: 77 chances de gagner gros<\/strong><\/div>\n\t<\/div>\n<br \/>\n\t<div class=\"pros-cons-item pro list-item\">\n\t\t<div class=\"list-item-icon\">\n\t\t\t<div class=\"icon-small\">\n\t\t\t\t<svg width=\"100%\" height=\"100%\" viewBox=\"0 0 24 24\" fill=\"none\" xmlns=\"http:\/\/www.w3.org\/2000\/svg\" aria-labelledby=\"proTitle proDesc\">\n\t<title id=\"proTitle\">Plus sign<\/title>\n\t<desc id=\"proDesc\">White plus sign on green background<\/desc>\n\t<path d=\"M15 3C15 2.44772 14.5523 2 14 2L10 2C9.44772 2 9 2.44772 9 3V9H3C2.44772 9 2 9.44772 2 10V14C2 14.5523 2.44772 15 3 15H9V21C9 21.5523 9.44771 22 10 22H14C14.5523 22 15 21.5523 15 21V15H21C21.5523 15 22 14.5523 22 14V10C22 9.44772 21.5523 9 21 9H15V3Z\" fill=\"currentColor\"><\/path>\n<\/svg>\n\n\t\t\t<\/div>\n\t\t<\/div>\n\t\t<div class=\"text\"><strong>M\u00e9thodes bancaires faciles et s\u00e9curitaires<\/strong><\/div>\n\t<\/div>\n<br \/>\n<div class=\"pros-cons-item con list-item\">\n\t\t<div class=\"list-item-icon\">\n\t\t\t<div class=\"icon-small\">\n\t\t\t\t<svg width=\"100%\" height=\"100%\" viewBox=\"0 0 24 24\" fill=\"none\" xmlns=\"http:\/\/www.w3.org\/2000\/svg\" aria-labelledby=\"conTitle conDesc\">\n\t<title id=\"conTitle\">Minus sign<\/title>\n\t<desc id=\"conDesc\">White minus sign on red background<\/desc>\n\t<rect x=\"2\" y=\"9\" width=\"20\" height=\"6\" rx=\"1\" fill=\"currentColor\"><\/rect>\n<\/svg>\n\n\t\t\t<\/div>\n\t\t<\/div>\n\t\t<div class=\"text\"><strong>Il n'y a pas une section pour les paris sportifs<\/strong><\/div>\n\t<\/div>\n<br \/>\n<div class=\"pros-cons-item con list-item\">\n\t\t<div class=\"list-item-icon\">\n\t\t\t<div class=\"icon-small\">\n\t\t\t\t<svg width=\"100%\" height=\"100%\" viewBox=\"0 0 24 24\" fill=\"none\" xmlns=\"http:\/\/www.w3.org\/2000\/svg\" aria-labelledby=\"conTitle conDesc\">\n\t<title id=\"conTitle\">Minus sign<\/title>\n\t<desc id=\"conDesc\">White minus sign on red background<\/desc>\n\t<rect x=\"2\" y=\"9\" width=\"20\" height=\"6\" rx=\"1\" fill=\"currentColor\"><\/rect>\n<\/svg>\n\n\t\t\t<\/div>\n\t\t<\/div>\n\t\t<div class=\"text\"><strong>Casino 777 n'offre pas de version en fran\u00e7ais<\/strong><\/div>\n\t<\/div>\n<\/p>\n<h2>777 Casino Bonus 2026<\/h2>\n<p>Le Bonus Casino 777 commence avec 77 tours gratuits sans d\u00e9p\u00f4t d\u00e8s l&#8217;inscription. Ensuite, vous recevrez un bonus de bienvenue \u00e0 100% jusqu&#8217;\u00e0 200$.<\/p>\n<p>[table_start]<br \/>\n[table_row column-1=&#8221;<strong>Bonus sans d\u00e9p\u00f4t<\/strong>&#8221; column-2=&#8217;77 Tours Gratuits Sans D\u00e9p\u00f4t&#8217;]<br \/>\n[table_row column-1=&#8217;<strong>Bonus Casino<\/strong>&#8216; column-2=&#8217;200$&#8217;]<br \/>\n[table_row column-1=&#8217;<strong>Code bonus 777<\/strong>&#8216; column-2=&#8217;WELCOME777&#8242;]<br \/>\n[table_row column-1=&#8217;<strong>D\u00e9p\u00f4t Minimum<\/strong>&#8216; column-2=&#8217;20$&#8217;]<br \/>\n[table_end]<\/p>\n<h3>Casino 777 bonus sans depot<\/h3>\n<p>777  vous permet de jouer gratuitement avec 77 tours gratuits sans d\u00e9p\u00f4t. Cela dit, vous pourrez donc tester 777 Casino gratuitement sans faire aucun d\u00e9p\u00f4t. Il s&#8217;agit d&#8217;un bonus sans d\u00e9p\u00f4t plut\u00f4t int\u00e9ressant, n&#8217;est-ce pas? <\/p>\n<p>Ensuite, si vous \u00eates satisfait de votre exp\u00e9rience avec les free spins, vous pourrez faire votre premier d\u00e9p\u00f4t pour jouer avec plus.<\/p>\n<div id=\"attachment_16621\" style=\"width: 1546px\" class=\"wp-caption alignnone\"><img loading=\"lazy\" decoding=\"async\" aria-describedby=\"caption-attachment-16621\" src=\"https:\/\/www.bonus.ca\/fr\/images\/777-free-spins.png\" alt=\"777 free spins\" width=\"1536\" height=\"920\" class=\"size-full wp-image-16621\" srcset=\"https:\/\/mediafr.bonus.ca\/images\/777-free-spins.png 1536w, https:\/\/mediafr.bonus.ca\/images\/777-free-spins-300x180.png 300w, https:\/\/mediafr.bonus.ca\/images\/777-free-spins-1024x613.png 1024w, https:\/\/mediafr.bonus.ca\/images\/777-free-spins-1048x628.png 1048w, https:\/\/mediafr.bonus.ca\/images\/777-free-spins-90x54.png 90w\" sizes=\"auto, (max-width: 1536px) 100vw, 1536px\" \/><p id=\"caption-attachment-16621\" class=\"wp-caption-text\">777 casino vous permet de jouer gratuitement avec 77 tours offerts sans d\u00e9p\u00f4t<\/p><\/div>\n<h3>777 Casino Bonus Codes<\/h3>\n<p>Utilisez le codes bonus 777 lors de votre premier d\u00e9p\u00f4t: &#8220;WELCOME777&#8221;. Le tout vous donnera un bonus \u00e0 100% jusqu&#8217;\u00e0 200$.<\/p>\n<h2>R\u00e9compenses &#038; Programme de Fid\u00e9lit\u00e9<\/h2>\n<p>Les joueurs de casino les plus fid\u00e8les et les plus avis\u00e9s du 777 Casino peuvent profiter de r\u00e9compenses et de services VIP sp\u00e9ciaux. <\/p>\n<p>En tant que VIP, vous obtenez un acc\u00e8s exclusif \u00e0 des promotions somptueuses et \u00e0 d&#8217;autres avantages, tels que des escapades de week-end de luxe, des bijoux, les toutes derni\u00e8res technologies et des bonus en argent r\u00e9el.<\/p>\n<p>Lorsque vous devenez un membre VIP, vous avez \u00e9galement acc\u00e8s au Superstore VIP Loyalty. Vous pouvez ensuite \u00e9changer vos points contre de grandes r\u00e9compenses, telles que des voitures, des motos et des vacances de luxe.<\/p>\n<p><img loading=\"lazy\" decoding=\"async\" src=\"https:\/\/www.bonus.ca\/fr\/images\/777-casino-logo.png\" alt=\"777 casino logo \" width=\"1536\" height=\"920\" class=\"alignnone size-full wp-image-16620\" srcset=\"https:\/\/mediafr.bonus.ca\/images\/777-casino-logo.png 1536w, https:\/\/mediafr.bonus.ca\/images\/777-casino-logo-300x180.png 300w, https:\/\/mediafr.bonus.ca\/images\/777-casino-logo-1024x613.png 1024w, https:\/\/mediafr.bonus.ca\/images\/777-casino-logo-1048x628.png 1048w, https:\/\/mediafr.bonus.ca\/images\/777-casino-logo-90x54.png 90w\" sizes=\"auto, (max-width: 1536px) 100vw, 1536px\" \/><\/p>\n<h2>Jeux de casino<\/h2>\n<p>Que vous soyez amateurs de machines \u00e0 sous, de jeux live ou de jeux de table, 777 Casino saura certainement vous surprendre. Ne laissez pas l&#8217;interface vous tromper : vous \u00eates certain de trouver du plaisir au casino en direct. Vous trouverez par exemple Live Hold&#8217;em dans la s\u00e9lection de jeux de croupiers en direct.<\/p>\n<h3>Machines \u00e0 sous<\/h3>\n<p>Avec les machines \u00e0 sous de 777 Casino, vous pouvez placer des mises adapt\u00e9es \u00e0 votre compte en banque. Au 777Casino, vous b\u00e9n\u00e9ficiez d&#8217;une incroyable s\u00e9lection de machines \u00e0 sous en ligne de haute qualit\u00e9.<\/p>\n<p>Au 777 Casino, vous pouvez profiter de tout, des jeux de machines \u00e0 sous classiques avec 3 rouleaux aux machines \u00e0 sous vid\u00e9o \u00e0 la fine pointe de la technologie avec 5 rouleaux et des centaines de mani\u00e8res de gagner. Et n&#8217;oubliez pas les machines \u00e0 sous les plus populaires, les jeux de machines \u00e0 sous \u00e0 gros lots progressif (jackpots). <\/p>\n<h3>Jeux de machines \u00e0 sous jackpots<\/h3>\n<p>Des titres comme Millionaire Genie, Treasure Fair ou Irish Riches peuvent changer votre vie tr\u00e8s rapidement. Vous trouverez \u00e9galement ces faiseurs de millionnaires au 777 Casino.<\/p>\n<h3>Jeux de table<\/h3>\n<p>Les classiques tels que le baccara, la roulette et le blackjack sont bien s\u00fbr \u00e9galement sur le site. Vous trouverez aussi de nombreuses versions de ces jeux classiques. <\/p>\n<p>Les tables de roulette Majestic sont disponibles avec les r\u00e8gles europ\u00e9ennes, am\u00e9ricaines et fran\u00e7aises.<\/p>\n<p>Vous pouvez \u00e9galement jouer au blackjack, jeu de cartes palpitant, \u00e0 plusieurs mains ou avec les r\u00e8gles am\u00e9ricaines. Dans l&#8217;ensemble, la s\u00e9lection de jeux est grande et vari\u00e9e dans la section des jeux de table.<\/p>\n<p><strong>Pour les d\u00e9butants et les joueurs sur un petit budget, les mises minimums commencent \u00e0 0,50$. Si vous voulez jouer gros, il existe des tables \u00e0 hautes limites avec des mises maximales de plusieurs milliers de dollars en argent r\u00e9el.<\/strong><\/p>\n<h3>Casino live<\/h3>\n<p>Le 777 Casino propose des jeux de casino en direct authentiques et vous pouvez entrer dans leur somptueuse ar\u00e8ne de jeux depuis le confort de votre foyer. <\/p>\n<p>Si vous cherchez l&#8217;exp\u00e9rience de jeu et de divertissement ultime, ne cherchez pas plus loin.<\/p>\n<p>Ce casino en ligne canadien \u00e0 propose des croupiers professionnels et la derni\u00e8re technologie. Le style classique de Las Vegas est \u00e9galement dominant au 777 Live Casino. <\/p>\n<p>Des tables \u00e9l\u00e9gantes et des croupiers chaleureux et accueillants sont l\u00e0 pour garantir une exp\u00e9rience de jeu envoutante. <\/p>\n<h3>Mini-jeux<\/h3>\n<p>les mini-jeux apportent une touche de fun et de vari\u00e9t\u00e9 entre deux sessions de machines \u00e0 sous ou de jeux de table. <\/p>\n<p>Vous y trouverez des titres populaires comme le Plinko, Aviator et JetX qui offrent des parties dynamiques avec des gains instantan\u00e9s.<\/p>\n<p>Si vous aimez le hasard et l&#8217;adr\u00e9naline, Plinko est un excellent choix. Notre <a href=\"https:\/\/www.bonus.ca\/fr\/casino-en-ligne\/plinko\">Plinko avis<\/a> met en avant ses options de mises flexibles et son syst\u00e8me de multiplicateurs qui permet de d\u00e9crocher des gains int\u00e9ressants en un seul lancer.<\/p>\n<h2>M\u00e9thodes bancaires<\/h2>\n<p>Le Casino 777 vous offre de nombreuses options de paiement, mais en revanche, le retrait de vos gains peut prendre jusqu&#8217;\u00e0 une semaine. <\/p>\n<p>C&#8217;est franchement inacceptable de nos jours, puisque les paiements devraient \u00eatre r\u00e9gl\u00e9s dans les 48 heures les jours de semaine. <\/p>\n<p>Toutefois, les transferts fonctionnent comme ils le devraient et le service \u00e0 la client\u00e8le de 777 Casino est toujours l\u00e0 pour vous aider peu importe ce qui vous chicotte.<\/p>\n<p>Voici un aper\u00e7u des m\u00e9thodes bancaires disponibles au casino 777.<\/p>\n<p>[table_start]<br \/>\n[table_head column-1=&#8217;<strong>M\u00e9thodes bancaires<\/strong>&#8216; column-2=&#8217;<strong>Pris en charge<\/strong>&#8216;]<br \/>\n[table_row column-1=&#8217;<strong>Interac<\/strong>&#8216; column-2=&#8217;Oui&#8217;]<br \/>\n[table_row column-1=&#8217;<strong>iDebit<\/strong>&#8216; column-2=&#8217;Oui&#8217;]<br \/>\n[table_row column-1=&#8217;<strong>Visa\/Mastercard<\/strong>&#8216; column-2=&#8217;Oui&#8217;]<br \/>\n[table_row column-1=&#8217;<strong>eCheck<\/strong>&#8216; column-2=&#8217;Non&#8217;]<br \/>\n[table_row column-1=&#8217;<strong>Instant Banking<\/strong>&#8216; column-2=&#8217;Oui&#8217;]<br \/>\n[table_row column-1=&#8217;<strong>Instadebit<\/strong>&#8216; column-2=&#8217;Oui&#8217;]<br \/>\n[table_row column-1=&#8217;<strong>Ecopayz<\/strong>&#8216; column-2=&#8217;Non&#8217;]<br \/>\n[table_row column-1=&#8217;<strong>Paysafecard<\/strong>&#8216; column-2=&#8217;Oui&#8217;]<br \/>\n[table_row column-1=&#8217;<strong>Paypal<\/strong>&#8216; column-2=&#8217;Non&#8217;]<br \/>\n[table_end]<\/p>\n<h3>Retraits<\/h3>\n<p>Si vous gagnez de gros montants, il faudra garder en t\u00eate que 777 Casino limite les retraits mensuels \u00e0 30,000$. Cela est raisonnable car certains casinos en ligne imposent des limites de retraits mensuels \u00e0 &#8220;seulement&#8221; 10,000$. <\/p>\n<p>Un plafond de 30,000$ est acceptable car vous devez vraiment gagner beaucoup pour atteindre ce plafond. Quelle est la pire chose qui puisse arriver? Vous devrez attendre un mois de plus pour encaisser ces 30,000$.<\/p>\n<h2>Casino 777 mobile<\/h2>\n<p>Le site de 777 est bien optimis\u00e9 pour jouer sur mobile, ce qui vous permet de jouer en tout temps peu importe votre appareil pr\u00e9f\u00e9r\u00e9. Vous pourrez donc jouer facilement depuis le casino mobile en utilisant votre tablette ou votre t\u00e9l\u00e9phone.<\/p>\n<p>La majorit\u00e9 des jeux de casino fonctionnent \u00e9galement sur mobile, et vous entrez directement dans le jeu sans devoir t\u00e9l\u00e9charger d&#8217;applications ou de logiciels. De plus, il y a diff\u00e9rentes tables pour les joueurs \u00e0 petits budgets et pour les gros joueurs.<\/p>\n<h2>Service client<\/h2>\n<p>Pour une assistance en temps r\u00e9el, un chat en direct est disponible 24h\/24, 7j\/7, r\u00e9serv\u00e9 aux clients du casino canadien. <\/p>\n<p>[table_start]<br \/>\n[table_row column-1=&#8217;<strong>Live Chat<\/strong>&#8216; column-2=&#8217;24\/7 &#8216;]<br \/>\n[table_row column-1=&#8217;<strong>Email<\/strong>&#8216; column-2=&#8217;support@777.com&#8217;]<br \/>\n[table_end]<\/p>\n<h2>777 Casino Avis: Top bonus sans depot<\/h2>\n<p>Le bonus sur le premier d\u00e9p\u00f4t de 100$ est un bon moyen de commencer au Casino 777. Il existe de nombreuses options bancaires parmi lesquelles choisir, ce qui est, parfois, rare dans les casinos en ligne. <\/p>\n<p>Cependant, la rapidit\u00e9 des retraits pourrait \u00eatre am\u00e9lior\u00e9e, dans la mesure o\u00f9 sept jours ne sont pas r\u00e9ellement acceptables en 2026. <\/p>\n<p>Si vous \u00eates un joueur de machine \u00e0 sous, vous pourriez le rester longtemps chez 777 Casino. Vous pouvez m\u00eame essayer le tout sans risque avec 77 tours sans d\u00e9p\u00f4t d\u00e8s votre inscription.<\/p>\n<h3>Verdict d\u00e9finitif<\/h3>\n<p>[table_start]<br \/>\n[table_row column-1=&#8217;<strong>Machines \u00e0 sous<\/strong>&#8216; column-2=&#8217;\u2b50\u2b50\u2b50\u2b50\u2b50&#8217;]<br \/>\n[table_row column-1=&#8217;<strong>Casino en direct<\/strong>&#8216; column-2=&#8217;\u2b50\u2b50&#8217;]<br \/>\n[table_row column-1=&#8217;<strong>Design du site<\/strong>&#8216; column-2=&#8217;\u2b50\u2b50\u2b50\u2b50&#8217;]<br \/>\n[table_row column-1=&#8217;<strong>Options de paiement<\/strong>&#8216; column-2=&#8217;\u2b50\u2b50\u2b50&#8217;]<br \/>\n[table_row column-1=&#8217;<strong>Service client<\/strong>&#8216; column-2=&#8217;\u2b50\u2b50\u2b50&#8217;]<br \/>\n[table_end]<\/p>\n","protected":false},"excerpt":{"rendered":"<p>777 Casino en Ligne Si vous aimez l&#8217;ambiance r\u00e9tro et d\u00e9contract\u00e9e, vous allez adorer 777 Casino. Non seulement ce casino en ligne vous accueille avec un gros bonus casino, mais il r\u00e9veillera aussi votre d\u00e9sir pour l&#8217;aventure. 777 Casino vous offre une exp\u00e9rience de jeu excellente que ce soit depuis leur casino mobile ou sur [&hellip;]<\/p>\n","protected":false},"author":123,"featured_media":0,"parent":0,"menu_order":0,"comment_status":"closed","ping_status":"closed","template":"","meta":{"inline_featured_image":false,"_glsr_average":0,"_glsr_ranking":0,"_glsr_reviews":0,"footnotes":""},"class_list":["post-7341","page","type-page","status-publish","hentry"],"yoast_head":"<!-- This site is optimized with the Yoast SEO plugin v27.4 - https:\/\/yoast.com\/product\/yoast-seo-wordpress\/ -->\n<title>777 Casino \ud83c\udf96\ufe0f 77 Tours Gratuits Sans Depot<\/title>\n<meta name=\"description\" content=\"Casino Gratuit 777 est un casino fiable au Canada \u2b50 77 free spin en bonus sans d\u00e9p\u00f4t \u2b50Jusqu&#039;\u00e0 200$ en bonus bienvenue \u2b50 Lisez notre avis \ud83d\udee1\ufe0f\" \/>\n<meta name=\"robots\" content=\"index, follow, max-snippet:-1, max-image-preview:large, max-video-preview:-1\" \/>\n<link rel=\"canonical\" href=\"https:\/\/www.bonus.ca\/fr\/777-casino\" \/>\n<meta property=\"og:type\" content=\"article\" \/>\n<meta property=\"og:title\" content=\"777 Casino \ud83c\udf96\ufe0f 77 Tours Gratuits Sans Depot\" \/>\n<meta property=\"og:description\" content=\"Casino Gratuit 777 est un casino fiable au Canada \u2b50 77 free spin en bonus sans d\u00e9p\u00f4t \u2b50Jusqu&#039;\u00e0 200$ en bonus bienvenue \u2b50 Lisez notre avis \ud83d\udee1\ufe0f\" \/>\n<meta property=\"og:url\" content=\"https:\/\/www.bonus.ca\/fr\/777-casino\" \/>\n<meta property=\"article:published_time\" content=\"2019-08-09T10:16:08+00:00\" \/>\n<meta property=\"article:modified_time\" content=\"2025-05-29T09:15:57+00:00\" \/>\n<meta property=\"og:image\" content=\"https:\/\/mediafr.bonus.ca\/images\/777-bonus-casino.png\" \/>\n\t<meta property=\"og:image:width\" content=\"1536\" \/>\n\t<meta property=\"og:image:height\" content=\"920\" \/>\n\t<meta property=\"og:image:type\" content=\"image\/png\" \/>\n<meta name=\"twitter:card\" content=\"summary_large_image\" \/>\n<meta name=\"twitter:label1\" content=\"Est. reading time\" \/>\n\t<meta name=\"twitter:data1\" content=\"8 minutes\" \/>\n<!-- \/ Yoast SEO plugin. -->","yoast_head_json":{"title":"777 Casino \ud83c\udf96\ufe0f 77 Tours Gratuits Sans Depot","description":"Casino Gratuit 777 est un casino fiable au Canada \u2b50 77 free spin en bonus sans d\u00e9p\u00f4t \u2b50Jusqu'\u00e0 200$ en bonus bienvenue \u2b50 Lisez notre avis \ud83d\udee1\ufe0f","robots":{"index":"index","follow":"follow","max-snippet":"max-snippet:-1","max-image-preview":"max-image-preview:large","max-video-preview":"max-video-preview:-1"},"canonical":"https:\/\/www.bonus.ca\/fr\/777-casino","og_type":"article","og_title":"777 Casino \ud83c\udf96\ufe0f 77 Tours Gratuits Sans Depot","og_description":"Casino Gratuit 777 est un casino fiable au Canada \u2b50 77 free spin en bonus sans d\u00e9p\u00f4t \u2b50Jusqu'\u00e0 200$ en bonus bienvenue \u2b50 Lisez notre avis \ud83d\udee1\ufe0f","og_url":"https:\/\/www.bonus.ca\/fr\/777-casino","article_published_time":"2019-08-09T10:16:08+00:00","article_modified_time":"2025-05-29T09:15:57+00:00","og_image":[{"width":1536,"height":920,"url":"https:\/\/mediafr.bonus.ca\/images\/777-bonus-casino.png","type":"image\/png"}],"twitter_card":"summary_large_image","twitter_misc":{"Est. reading time":"8 minutes"},"schema":{"@context":"https:\/\/schema.org","@graph":[{"@type":"WebPage","@id":"https:\/\/www.bonus.ca\/fr\/777-casino","url":"https:\/\/www.bonus.ca\/fr\/777-casino","name":"777 Casino \ud83c\udf96\ufe0f 77 Tours Gratuits Sans Depot","isPartOf":{"@id":"https:\/\/www.bonus.ca\/fr\/#website"},"primaryImageOfPage":{"@id":"https:\/\/www.bonus.ca\/fr\/777-casino#primaryimage"},"image":{"@id":"https:\/\/www.bonus.ca\/fr\/777-casino#primaryimage"},"thumbnailUrl":"https:\/\/www.bonus.ca\/fr\/images\/777-bonus-casino.png","datePublished":"2019-08-09T10:16:08+00:00","dateModified":"2025-05-29T09:15:57+00:00","description":"Casino Gratuit 777 est un casino fiable au Canada \u2b50 77 free spin en bonus sans d\u00e9p\u00f4t \u2b50Jusqu'\u00e0 200$ en bonus bienvenue \u2b50 Lisez notre avis \ud83d\udee1\ufe0f","breadcrumb":{"@id":"https:\/\/www.bonus.ca\/fr\/777-casino#breadcrumb"},"inLanguage":"en-US","potentialAction":[{"@type":"ReadAction","target":["https:\/\/www.bonus.ca\/fr\/777-casino"]}]},{"@type":"ImageObject","inLanguage":"en-US","@id":"https:\/\/www.bonus.ca\/fr\/777-casino#primaryimage","url":"https:\/\/mediafr.bonus.ca\/images\/777-bonus-casino.png","contentUrl":"https:\/\/mediafr.bonus.ca\/images\/777-bonus-casino.png","width":1536,"height":920,"caption":"777 casino vous r\u00e9compensera avec un bonus de 100%, jusqu\u2019\u00e0 200$."},{"@type":"BreadcrumbList","@id":"https:\/\/www.bonus.ca\/fr\/777-casino#breadcrumb","itemListElement":[{"@type":"ListItem","position":1,"name":"Home","item":"https:\/\/www.bonus.ca\/fr\/"},{"@type":"ListItem","position":2,"name":"777 Casino"}]},{"@type":"WebSite","@id":"https:\/\/www.bonus.ca\/fr\/#website","url":"https:\/\/www.bonus.ca\/fr\/","name":"BonusFinder Canada (Fran\u00e7ais)","description":"La source de bonus n\u00b0 1 au Canada","potentialAction":[{"@type":"SearchAction","target":{"@type":"EntryPoint","urlTemplate":"https:\/\/www.bonus.ca\/fr\/?s={search_term_string}"},"query-input":{"@type":"PropertyValueSpecification","valueRequired":true,"valueName":"search_term_string"}}],"inLanguage":"en-US"}]}},"_links":{"self":[{"href":"https:\/\/www.bonus.ca\/fr\/wp-json\/wp\/v2\/pages\/7341","targetHints":{"allow":["GET"]}}],"collection":[{"href":"https:\/\/www.bonus.ca\/fr\/wp-json\/wp\/v2\/pages"}],"about":[{"href":"https:\/\/www.bonus.ca\/fr\/wp-json\/wp\/v2\/types\/page"}],"author":[{"embeddable":true,"href":"https:\/\/www.bonus.ca\/fr\/wp-json\/wp\/v2\/users\/123"}],"replies":[{"embeddable":true,"href":"https:\/\/www.bonus.ca\/fr\/wp-json\/wp\/v2\/comments?post=7341"}],"version-history":[{"count":11,"href":"https:\/\/www.bonus.ca\/fr\/wp-json\/wp\/v2\/pages\/7341\/revisions"}],"predecessor-version":[{"id":24965,"href":"https:\/\/www.bonus.ca\/fr\/wp-json\/wp\/v2\/pages\/7341\/revisions\/24965"}],"wp:attachment":[{"href":"https:\/\/www.bonus.ca\/fr\/wp-json\/wp\/v2\/media?parent=7341"}],"curies":[{"name":"wp","href":"https:\/\/api.w.org\/{rel}","templated":true}]}}