{"id":7630,"date":"2019-09-08T03:48:03","date_gmt":"2019-09-08T03:48:03","guid":{"rendered":"https:\/\/www.bonus.ca\/fr\/?post_type=bookmakers&#038;p=7630"},"modified":"2026-04-02T12:46:49","modified_gmt":"2026-04-02T12:46:49","slug":"playojo","status":"publish","type":"page","link":"https:\/\/www.bonus.ca\/fr\/playojo","title":{"rendered":"PlayOJO Casino"},"content":{"rendered":"<h2>PlayOJO En Fran\u00e7ais<\/h2>\n<p>Play OJO.Net casino en ligne est un <a href=\"https:\/\/www.bonus.ca\/fr\/casino-en-ligne\/nouveaux\">nouveau casino en ligne<\/a> plus juste avec son slogan <strong>&#8220;Pas de mises. Pas de conneries&#8221;<\/strong>. <\/p>\n<p>Pour les joueurs canadiens, cela signifie qu&#8217;il n&#8217;y a aucune activit\u00e9 douteuse dans ce casino en ligne. <\/p>\n<p>Aucune exigence de mise, aucun bonus compliqu\u00e9, pas de petits caract\u00e8res, juste de l&#8217;argent r\u00e9el et du jeu en ligne comme on l&#8217;aime. <\/p>\n<p>Le <strong>Casino PlayOJO en fran\u00e7ais<\/strong> est disponible au Qu\u00e9bec. Alors, vous serez en mesure de jouer facilement en fran\u00e7ais sur Playojo dans la province Qu\u00e9b\u00e9coise. <\/p>\n<p>M\u00eame si les casinos en ligne sont en anglais, il n&#8217;est pas trop difficile de comprendre le tout mais pour les joueurs du Qu\u00e9bec, c&#8217;est toujours plaisant de trouver un <a href=\"https:\/\/www.bonus.ca\/fr\/casino-en-ligne\/quebec\">casino en ligne qu\u00e9b\u00e9cois<\/a> en fran\u00e7ais.<\/p>\n<p>[table_start]<br \/>\n[table_row column-1=&#8217;<strong>Nom du Site<\/strong>&#8216; column-2=&#8217;PlayOJO&#8217;]<br \/>\n[table_row column-1=&#8221;<strong>Adresse Web<\/strong>&#8221; column-2=&#8217;https:\/\/www.playojo.com&#8217;]<br \/>\n[table_row column-1=&#8217;<strong>Num\u00e9ro de licence<\/strong>&#8216; column-2=&#8217;MGA\/CRP\/171\/2009\/03&#8242;]<br \/>\n[table_row column-1=&#8217;<strong>Condition de Mise<\/strong>&#8216; column-2=&#8217;Aucun&#8217;]<br \/>\n[table_end]<\/p>\n<h3>PlayOJO Canada<\/h3>\n<p>Le casino PlayOJO Canada a cr\u00e9\u00e9 quelque chose de tr\u00e8s sp\u00e9cial et, pour \u00eatre honn\u00eate, c&#8217;est extr\u00eamement rafra\u00eechissant. Pas \u00e9tonnant que Play OJO Casino soit rapidement devenu l&#8217;un des nouveaux casinos en ligne les plus populaires au Canada. <\/p>\n<p>Ce site parmis le <a href=\"https:\/\/www.bonus.ca\/fr\/\">top 10 casino en ligne canada<\/a> supporte la devise canadienne, mais, malheureusement, il n&#8217;offre pas un tas d&#8217;options bancaires populaires au Canada.<\/p>\n<p>Les joueurs qu\u00e9b\u00e9cois seront heureux d&#8217;apprendre que vous pourrez jouer chez PlayOJO Casino en fran\u00e7ais.<\/p>\n<p><img loading=\"lazy\" decoding=\"async\" src=\"https:\/\/www.bonus.ca\/fr\/images\/PlayOjo-accueil-1.png\" alt=\"Bonus de bienvenue PlayOjo\" width=\"1536\" height=\"920\" class=\"alignnone size-full wp-image-24260\" srcset=\"https:\/\/mediafr.bonus.ca\/images\/PlayOjo-accueil-1.png 1536w, https:\/\/mediafr.bonus.ca\/images\/PlayOjo-accueil-1-300x180.png 300w, https:\/\/mediafr.bonus.ca\/images\/PlayOjo-accueil-1-1024x613.png 1024w, https:\/\/mediafr.bonus.ca\/images\/PlayOjo-accueil-1-1048x628.png 1048w\" sizes=\"auto, (max-width: 1536px) 100vw, 1536px\" \/><\/p>\n<h2>PlayOJO Bonus 2026<\/h2>\n<p>Obtenez 100 tours gratuits \u00e0 jouer sur Big Bass Bonanza lors votre premier d\u00e9p\u00f4t!<\/p>\n<p>Vous recevrez <strong>100 tours gratuits<\/strong> lorsque vous effectuerez votre premier d\u00e9p\u00f4t en argent r\u00e9el sur le casino PlayOJO. Vous devez effectuer un d\u00e9p\u00f4t d&#8217;au moins 10$ pour obtenir le bonus maximum. <\/p>\n<p>Voici un aper\u00e7u du bonus casino PlayOJO:<\/p>\n<p>[table_start]<br \/>\n[table_row column-1=&#8217;<strong>Nom du Casino<\/strong>&#8216; column-2=&#8217;PlayOJO&#8217;]<br \/>\n[table_row column-1=&#8221;<strong>Bonus d&#8217;inscription<\/strong>&#8221; column-2=&#8217;100 Free Spins&#8217;]<br \/>\n[table_row column-1=&#8217;<strong>Jeux Gratuits<\/strong>&#8216; column-2=&#8217;Big Bass Bonanza&#8217;]<br \/>\n[table_row column-1=&#8217;<strong>D\u00e9p\u00f4t Minimum<\/strong>&#8216; column-2=&#8217;10$&#8217;]<br \/>\n[table_row column-1=&#8217;<strong>Casino Mobile<\/strong>&#8216; column-2=&#8217;Oui&#8217;]<br \/>\n[table_row column-1=&#8217;<strong>Casino Live<\/strong>&#8216; column-2=&#8217;Oui&#8217;]<br \/>\n[table_end]<\/p>\n<h3>Code Promo PlayOjO<\/h3>\n<p>Vous n&#8217;aurez pas besoin de code coupon pour obtenir votre bonus PlayOJO. Cliquez simplement sur notre bouton &#8220;obtenez ce bonus&#8221; pour r\u00e9clamer votre offre ainsi que vos <a href=\"https:\/\/www.bonus.ca\/fr\/machines-a-sous-gratuites\">casino tour gratuit sans d\u00e9p\u00f4t<\/a>. <\/p>\n<p>Il s&#8217;agit de la meilleure mani\u00e8re d&#8217;obtenir vos tours sans conditions au Casino Play OJO.<\/p>\n<h3>Play OJO No Deposit Bonus<\/h3>\n<p>En ce moment, PlayOJO n&#8217;offre pas de <a href=\"https:\/\/www.bonus.ca\/fr\/casino-bonus\/sans-depot\">bonus casino sans d\u00e9p\u00f4t<\/a>. Si la situation change dans le futur, nous mettrons \u00e0 jour cette page. D&#8217;ici l\u00e0, vous pouvez obtenir un bonus sans condition avec un d\u00e9p\u00f4t de 10$.<\/p>\n<p>Alors, il ne sera pas possible de jouer sur une version de PlayOJO gratuit.<\/p>\n<h3>Termes &#038; Conditions<\/h3>\n<div id=\"attachment_16543\" style=\"width: 1546px\" class=\"wp-caption alignnone\"><img loading=\"lazy\" decoding=\"async\" aria-describedby=\"caption-attachment-16543\" src=\"https:\/\/www.bonus.ca\/fr\/images\/PlayOJO-Logo.png\" alt=\"PlayOJO Logo\" width=\"1536\" height=\"920\" class=\"size-full wp-image-16543\" srcset=\"https:\/\/mediafr.bonus.ca\/images\/PlayOJO-Logo.png 1536w, https:\/\/mediafr.bonus.ca\/images\/PlayOJO-Logo-300x180.png 300w, https:\/\/mediafr.bonus.ca\/images\/PlayOJO-Logo-1024x613.png 1024w, https:\/\/mediafr.bonus.ca\/images\/PlayOJO-Logo-1048x628.png 1048w, https:\/\/mediafr.bonus.ca\/images\/PlayOJO-Logo-90x54.png 90w\" sizes=\"auto, (max-width: 1536px) 100vw, 1536px\" \/><p id=\"caption-attachment-16543\" class=\"wp-caption-text\">La meilleure chose \u00e0 propos des tours gratuits de PlayOJO Canada est que vous n&#8217;avez pas \u00e0 parier vos gains. C&#8217;est-\u00e0-dire que vous n&#8217;avez aucune condition de mise.<\/p><\/div>\n<p>\u00c0 premi\u00e8re vue, l&#8217;offre de bonus casino PlayOJO Qu\u00e9bec ne semble pas \u00eatre la plus lucrative de l&#8217;industrie. <\/p>\n<p>Toutefois, le fait que vous ne soyez soumis \u00e0 aucune exigence de mise ni \u00e0 l&#8217;obtention de gains maximum avec vos tours gratuits rendent cette offre tr\u00e8s attrayante. <\/p>\n<p>Les tours gratuits sont cr\u00e9dit\u00e9s sur la <a href=\"https:\/\/www.bonus.ca\/fr\/machines-a-sous-gratuites\/big-bass-bonanza\">machine \u00e0 sous jeu Big Bass bonanza<\/a>.<\/p>\n<h2>Jeux de Casino<\/h2>\n<p>PlayOJO Canada vous offre une grande s\u00e9lection de jeux en ligne. Leur collection vous offre plus de 2000 jeux de casino. Cela dit, vous aurez la chance d&#8217;essayer une grande vari\u00e9t\u00e9 de jeu incluant les nouveaut\u00e9s.<\/p>\n<p>Voici le genre de jeux de casino que vous trouverez chez PlayOjo Casino en ligne:<\/p>\n<ul>\n<li><strong>Machines \u00e0 sous classiques<\/strong><\/li>\n<li><strong>Machines \u00e0 sous vid\u00e9o modernes<\/strong><\/li>\n<li><strong>Jeux \u00e0 gros lots progressifs<\/strong><\/li>\n<li><strong>Jeux de table<\/strong><\/li>\n<li><strong>Jeux live (en direct)<\/strong><\/li>\n<\/ul>\n<h3>Machines \u00e0 Sous<\/h3>\n<p>Vous trouverez tous les titres classiques ainsi de nouveaux jeux. <\/p>\n<p>La collection de jeux de machines \u00e0 sous comprend <strong>les meilleurs d&#8217;entre elles<\/strong> provenant des plus grands fournisseurs de jeux l&#8217;industrie, tels que Microgaming, NetEnt et Playtech.<\/p>\n<p>Que vous aimiez les anciennes machines \u00e0 fruits \u00e0 3 rouleaux ou les machines \u00e0 sous vid\u00e9o plus modernes, vous trouverez ce que vous cherchez sur le casino PlayOJO.<\/p>\n<p>De plus, vous trouverez des titres dont vous n&#8217;avez jamais entendu parl\u00e9 mais que vous voudrez essayer.<\/p>\n<h3>Jeux \u00e0 Jackpots<\/h3>\n<p>Le principe des jeux \u00e0 gros lot progressif est tr\u00e8s simple. Chaque fois que quelqu&#8217;un joue au jeu \u00e0 gros lot, le lot augmente l\u00e9g\u00e8rement. <\/p>\n<p>Souvent, un m\u00eame jeu peut \u00eatre offert sur plusieur sites de casino et sont mis en commun ou li\u00e9s entre eux pour former un \u00e9norme gros lot. <\/p>\n<p>Lorsque le gros lot est gagn\u00e9, le lot du jeu est r\u00e9initialis\u00e9.<\/p>\n<p>Ces jeux \u00e0 <strong>gros lots progressifs<\/strong> ont d\u00e9j\u00e0 fait de nombreux nouveaux millionnaires au Canada au fil des ann\u00e9es.<\/p>\n<h3>Jeux de Table<\/h3>\n<p>Bien avant qu&#8217;il y ait des machines \u00e0 sous en ligne, il y avait des jeux de table. Les jeux de table ont fait bien du chemin depuis le temps, et ils demeurent appr\u00e9ci\u00e9s des joueurs de casino. <\/p>\n<p>Sur PlayOJO Casino, vous trouverez tous les jeux de cartes classiques, roulette, d\u00e9s et bien plus encore.<\/p>\n<p>Sur le casino en ligne playOJO, vous trouverez tous les titres classiques comme la roulette, le blackjack ou le baccara. <\/p>\n<p>Presque tous ces jeux sont \u00e9galement disponibles en versions diff\u00e9rentes, telles que la roulette am\u00e9ricaine et fran\u00e7aise, et ce, avec divers enjeux. <\/p>\n<h3>Casino PlayOJO Live<\/h3>\n<p>Vous trouverez, \u00e9galement, un casino en direct chez PlayOJO Casino. D&#8217;ailleurs, vous y trouverez tous les <strong>jeux de table classiques en version live<\/strong>. <\/p>\n<p>Le tout sera anim\u00e9 par un croupier en direct. Aussi, l&#8217;exp\u00e9rience live sur mobile est parfaite ce qui veut dire que vous pourrez jouer depuis votre appareil pr\u00e9f\u00e9r\u00e9 sans soucis.<\/p>\n<h2>R\u00e9compenses &#038; Programme de Fid\u00e9lit\u00e9<\/h2>\n<p>Le casino PlayOJO sait comment r\u00e9compenser ses joueurs. La plupart des grands joueurs, ou OJOers comme ils disent, deviennent des A-Listers. <\/p>\n<p>Cela signifie que PlayOJO Casino d\u00e9roule le tapis rouge et vous invite \u00e0 joindre son club VIP de luxe. <\/p>\n<h3>A-Listers, Club PlayOJO VIP<\/h3>\n<p>\u00catre un A-Lister signifie encore plus d&#8217;argent pour chaque mise. Le <strong>syst\u00e8me de r\u00e9compense standard OJOplus<\/strong> fait d\u00e9j\u00e0 de PlayOJO le casino en ligne le plus payant de l&#8217;industrie. Les A-Listers obtiennent encore plus.<\/p>\n<p>Il existe \u00e9galement de nombreux autres avantages \u00e0 \u00eatre un joueur A-Lister PlayOjO: augmentation des limites de mises, r\u00e9compenses exclusives, cadeaux exclusifs, tours gratuits, cadeau d&#8217;anniversaire, etc. <\/p>\n<p>En fait, nous n&#8217;avons jamais vu de programme VIP aussi complet. <\/p>\n<h3>OJO Kickers: Avantages Sp\u00e9ciaux pour les OJOers<\/h3>\n<p>Il y a une autre fa\u00e7on pour Play OJO Casino de r\u00e9compenser les joueurs actifs et fid\u00e8les. \u00c7a s&#8217;appelle <strong>OJO Kicker<\/strong> et vous le retrouverez presque tous les jours sur votre compte. <\/p>\n<p>Les kickers sont des avantages sp\u00e9ciaux tels que des tours gratuits, des bonus, des promotions exclusives et des prix gratuits.<\/p>\n<p>Vous trouverez vos offres sur mesure dans la section Kickers dans la barre \u00e0 gauche de la page d&#8217;accueil d&#8217;OJO.<\/p>\n<div class=\"bonusfinder-tip expert-pick-card\">\n\t<div class=\"title\">\n\t\t<div class=\"tip-icon\">\n\t\t\t<img decoding=\"async\" src=\"https:\/\/mediafr.bonus.ca\/images\/crown.svg\" width=\"36\" height=\"36\" class=\"icon-xlarge\" loading=\"lazy\" alt=\"expert-pick-icon\" srcset=\"https:\/\/mediafr.bonus.ca\/images\/crown.svg 1x, https:\/\/mediafr.bonus.ca\/images\/crown.svg 2x\" \/>\n\t\t<\/div>\n\t\t<div class=\"expert-title\">Recommandation de Notre Expert BonusFinder<\/div>\n\t<\/div>\n\t<div>Pensez \u00e0 v\u00e9rifier les nouveaux Kickers tous les jours et de profiter de ces offres sp\u00e9ciales.<\/div>\n    \t<div class=\"expert-pick-author-container\">\n\t\t<img decoding=\"async\" width=\"40\" height=\"40\" src=\"https:\/\/mediafr.bonus.ca\/images\/luciano.png\" class=\"expert-pick-author-image\" loading=\"lazy\" srcset=\"https:\/\/mediafr.bonus.ca\/images\/luciano.png 1x, https:\/\/mediafr.bonus.ca\/images\/luciano.png 2x\" \/>\n\t\t\t<div class=\"expert-pick-content-container\">\n\t\t\t\t<a href=\"https:\/\/www.bonus.ca\/fr\/a-propos\/auteurs\/luciano-passavanti\" class=\"expert-pick-author-name\">Luciano Passavanti<\/a>\n\t\t\t\t<div class=\"expert-pick-author-title\">Vice-pr\u00e9sident et v\u00e9rificateur de faits<\/div>\n\t\t\t<\/div>\n\t<\/div>\n\t<\/div>\n\n<h3>OJOplus : Gagnez sur Chaque Mise<\/h3>\n<p>Il n&#8217;y a aucune restriction sur les retraits d&#8217;argent OJOplus. Bien s\u00fbr, \u00e7a ne paie pas beaucoup par tour ou par main, mais c&#8217;est de l&#8217;argent gratuit. <\/p>\n<p>Et si vous \u00eates un joueur actif, les montants s&#8217;accumulent rapidement.<\/p>\n<h4>Combien d&#8217;argent gratuit puis-je obtenir avec OJOplus?<\/h4>\n<p>Tous les jeux de Casino PlayOJO ont une cat\u00e9gorie OJOplus. Vous trouverez une petite ic\u00f4ne \u00e0 c\u00f4t\u00e9 de chaque partie. <\/p>\n<p>Il y aura soit 1, 2 ou 3 ic\u00f4nes OJO +. Plus le jeu a d&#8217;ic\u00f4nes, plus OJO vous remettra. Ces paiements sont faits de fa\u00e7on dynamique et peuvent changer de temps en temps.<\/p>\n<h2>M\u00e9thodes Bancaires<\/h2>\n<p>Le casino en ligne PlayOJO <strong>accepte la plupart des principaux moyens de paiement<\/strong>. Vous pouvez utiliser les cartes de cr\u00e9dit\/d\u00e9bit Visa et Mastercard, ecoPayz, entropay et PaySafeCard. <\/p>\n<p>Cependant, certaines des options populaires telles que iDebit, eCheck ou Interac ne sont pas prises en charge pour le moment.<\/p>\n<p>[table_start]<br \/>\n[table_row column-1=&#8217;<strong>EcoPayz<\/strong>&#8216; column-2=&#8217;Oui&#8217;]<br \/>\n[table_row column-1=&#8217;<strong>Visa\/Mastercard<\/strong>&#8216; column-2=&#8217;Oui&#8217;]<br \/>\n[table_row column-1=&#8217;<strong>Entropay<\/strong>&#8216; column-2=&#8217;Oui&#8217;]<br \/>\n[table_row column-1=&#8217;<strong>Instadebit<\/strong>&#8216; column-2=&#8217;Non&#8217;]<br \/>\n[table_row column-1=&#8217;<strong>Paysafecard<\/strong>&#8216; column-2=&#8217;Oui&#8217;]<br \/>\n[table_row column-1=&#8217;<strong>Paypal<\/strong>&#8216; column-2=&#8217;Non&#8217;]<br \/>\n[table_end]<\/p>\n<h3>D\u00e9p\u00f4t<\/h3>\n<p>On doit, toutefois, critiquer Play OJO Casino Canada concernant ses frais de d\u00e9p\u00f4t. <\/p>\n<p>Alors que la plupart des casinos en ligne au Canada offrent des transactions gratuites, <strong>PlayOJO charge des frais<\/strong> pour les transactions. <\/p>\n<p>Les d\u00e9p\u00f4ts par carte de d\u00e9bit\/cr\u00e9dit et entropay ont des frais de 2,5%, ecoPayz 3,5% et PaySafeCard 5%. Il est donc important de savoir cela avant de faire un d\u00e9p\u00f4t.<\/p>\n<p>Vous devrez fournir des documents de v\u00e9rification, c&#8217;est-\u00e0-dire une copie de votre carte d&#8217;identi\u00e9 et de votre derni\u00e8re facture d&#8217;\u00e9lectricit\u00e9 lors de la premi\u00e8re demande de retrait. <\/p>\n<h3>Retraits<\/h3>\n<p>Tous les retraits sont gratuits et seront trait\u00e9s dans les 24 heures.<\/p>\n<h2>PlayOJO Casino Mobile<\/h2>\n<p>PlayOJO Casino fonctionne sur mobile. Vous pouvez parcourir leur site Web et profiter de toute l&#8217;action du mobile casino. <\/p>\n<p>Cela fonctionne parfaitement sur tous les syst\u00e8mes d&#8217;exploitation et vous aurez un acc\u00e8s instantan\u00e9 \u00e0 leur immense vari\u00e9t\u00e9 de jeux en d\u00e9placement.<\/p>\n<p>Si vous \u00eates un utilisateur iOS ou Android, vous pouvez \u00e9galement choisir de t\u00e9l\u00e9charger l&#8217;application cr\u00e9\u00e9e par PlayOJO Casino. <\/p>\n<p>L&#8217;application mobile est comme le site; facile \u00e0 utiliser et tr\u00e8s efficace. Vous pouvez \u00e9galement effectuer toutes vos op\u00e9rations bancaires sur un appareil mobile.<\/p>\n<h2>Casino PlayOJO : Avis d&#8217;Expert<\/h2>\n<p>PlayOJO Casino est un nouveau casino en ligne fantastique. Il r\u00e9compense les joueurs canadiens et qu\u00e9b\u00e9cois avec plus de moyens que vous pourriez m\u00eame imaginer.<\/p>\n<p>Le bonus de bienvenue est petit pour les gros joueurs, mais parfait pour les d\u00e9butants et les joueurs occasionnels \u00e0 la recherche de divertissement sans trop de restrictions ou de conditions. <\/p>\n<p>Nous devons leur donner <strong>un point n\u00e9gatif<\/strong> toutefois en ce qui concerne les frais de d\u00e9p\u00f4t, mais sinon, PlayOJO est certainement l&#8217;un des nouveaux casinos en ligne les plus excitants du moment.<\/p>\n<p>Comme on vous l&#8217;a dit pr\u00e9c\u00e9demment, il n&#8217;y a pas d&#8217;exigences de mise ni de termes cach\u00e9s dans le monde d&#8217;OJO Casino. <\/p>\n<p>C&#8217;est pratique lorsqu&#8217;il s&#8217;agit de gagner des tours gratuits. La plupart des casinos en ligne veulent que vous misiez vos gains de tours gratuits au moins 20x. <\/p>\n<p>Avec ce genre de conditions, il y a des chances que vous vous retrouviez sans argent.<\/p>\n<p>[table_start]<br \/>\n[table_row column-1=&#8217;<strong>Machines \u00e0 sous<\/strong>&#8216; column-2=&#8217;\u2b50\u2b50\u2b50\u2b50\u2b50&#8217;]<br \/>\n[table_row column-1=&#8217;<strong>Casino en direct<\/strong>&#8216; column-2=&#8217;\u2b50\u2b50\u2b50\u2b50\u2b50&#8217;]<br \/>\n[table_row column-1=&#8217;<strong>Design du site<\/strong>&#8216; column-2=&#8217;\u2b50\u2b50\u2b50\u2b50\u2b50&#8217;]<br \/>\n[table_row column-1=&#8217;<strong>Options de paiement<\/strong>&#8216; column-2=&#8217;\u2b50\u2b50\u2b50&#8217;]<br \/>\n[table_row column-1=&#8217;<strong>Service client<\/strong>&#8216; column-2=&#8217;\u2b50\u2b50\u2b50&#8217;]<br \/>\n[table_end]<\/p>\n","protected":false},"excerpt":{"rendered":"<p>PlayOJO En Fran\u00e7ais Play OJO.Net casino en ligne est un nouveau casino en ligne plus juste avec son slogan &#8220;Pas de mises. Pas de conneries&#8221;. Pour les joueurs canadiens, cela signifie qu&#8217;il n&#8217;y a aucune activit\u00e9 douteuse dans ce casino en ligne. Aucune exigence de mise, aucun bonus compliqu\u00e9, pas de petits caract\u00e8res, juste de [&hellip;]<\/p>\n","protected":false},"author":123,"featured_media":0,"parent":0,"menu_order":0,"comment_status":"closed","ping_status":"closed","template":"","meta":{"inline_featured_image":false,"_glsr_average":0,"_glsr_ranking":0,"_glsr_reviews":0,"footnotes":""},"class_list":["post-7630","page","type-page","status-publish","hentry"],"yoast_head":"<!-- This site is optimized with the Yoast SEO plugin v27.3 - https:\/\/yoast.com\/product\/yoast-seo-wordpress\/ -->\n<title>PlayOJO en Fran\u00e7ais: 80 Tours Gratuits Sans Conditions<\/title>\n<meta name=\"description\" content=\"PlayOJO est un casino en ligne en fran\u00e7ais qui offre 100 tours gratuits sur Big Bass Bonanza pour tous les joueurs canadiens !\" \/>\n<meta name=\"robots\" content=\"index, follow, max-snippet:-1, max-image-preview:large, max-video-preview:-1\" \/>\n<link rel=\"canonical\" href=\"https:\/\/www.bonus.ca\/fr\/playojo\" \/>\n<meta property=\"og:type\" content=\"article\" \/>\n<meta property=\"og:title\" content=\"PlayOJO en Fran\u00e7ais: 80 Tours Gratuits Sans Conditions\" \/>\n<meta property=\"og:description\" content=\"PlayOJO est un casino en ligne en fran\u00e7ais qui offre 100 tours gratuits sur Big Bass Bonanza pour tous les joueurs canadiens !\" \/>\n<meta property=\"og:url\" content=\"https:\/\/www.bonus.ca\/fr\/playojo\" \/>\n<meta property=\"article:modified_time\" content=\"2026-04-02T12:46:49+00:00\" \/>\n<meta property=\"og:image\" content=\"https:\/\/mediafr.bonus.ca\/images\/PlayOjo-accueil-1.png\" \/>\n\t<meta property=\"og:image:width\" content=\"1536\" \/>\n\t<meta property=\"og:image:height\" content=\"920\" \/>\n\t<meta property=\"og:image:type\" content=\"image\/png\" \/>\n<meta name=\"twitter:card\" content=\"summary_large_image\" \/>\n<meta name=\"twitter:label1\" content=\"Est. reading time\" \/>\n\t<meta name=\"twitter:data1\" content=\"8 minutes\" \/>\n<!-- \/ Yoast SEO plugin. -->","yoast_head_json":{"title":"PlayOJO en Fran\u00e7ais: 80 Tours Gratuits Sans Conditions","description":"PlayOJO est un casino en ligne en fran\u00e7ais qui offre 100 tours gratuits sur Big Bass Bonanza pour tous les joueurs canadiens !","robots":{"index":"index","follow":"follow","max-snippet":"max-snippet:-1","max-image-preview":"max-image-preview:large","max-video-preview":"max-video-preview:-1"},"canonical":"https:\/\/www.bonus.ca\/fr\/playojo","og_type":"article","og_title":"PlayOJO en Fran\u00e7ais: 80 Tours Gratuits Sans Conditions","og_description":"PlayOJO est un casino en ligne en fran\u00e7ais qui offre 100 tours gratuits sur Big Bass Bonanza pour tous les joueurs canadiens !","og_url":"https:\/\/www.bonus.ca\/fr\/playojo","article_modified_time":"2026-04-02T12:46:49+00:00","og_image":[{"width":1536,"height":920,"url":"https:\/\/mediafr.bonus.ca\/images\/PlayOjo-accueil-1.png","type":"image\/png"}],"twitter_card":"summary_large_image","twitter_misc":{"Est. reading time":"8 minutes"},"schema":{"@context":"https:\/\/schema.org","@graph":[{"@type":"WebPage","@id":"https:\/\/www.bonus.ca\/fr\/playojo","url":"https:\/\/www.bonus.ca\/fr\/playojo","name":"PlayOJO en Fran\u00e7ais: 80 Tours Gratuits Sans Conditions","isPartOf":{"@id":"https:\/\/www.bonus.ca\/fr\/#website"},"primaryImageOfPage":{"@id":"https:\/\/www.bonus.ca\/fr\/playojo#primaryimage"},"image":{"@id":"https:\/\/www.bonus.ca\/fr\/playojo#primaryimage"},"thumbnailUrl":"https:\/\/www.bonus.ca\/fr\/images\/PlayOjo-accueil-1.png","datePublished":"2019-09-08T03:48:03+00:00","dateModified":"2026-04-02T12:46:49+00:00","description":"PlayOJO est un casino en ligne en fran\u00e7ais qui offre 100 tours gratuits sur Big Bass Bonanza pour tous les joueurs canadiens !","breadcrumb":{"@id":"https:\/\/www.bonus.ca\/fr\/playojo#breadcrumb"},"inLanguage":"en-US","potentialAction":[{"@type":"ReadAction","target":["https:\/\/www.bonus.ca\/fr\/playojo"]}]},{"@type":"ImageObject","inLanguage":"en-US","@id":"https:\/\/www.bonus.ca\/fr\/playojo#primaryimage","url":"https:\/\/mediafr.bonus.ca\/images\/PlayOjo-accueil-1.png","contentUrl":"https:\/\/mediafr.bonus.ca\/images\/PlayOjo-accueil-1.png","width":1536,"height":920,"caption":"Bonus bienvenue PlayOjo Casino"},{"@type":"BreadcrumbList","@id":"https:\/\/www.bonus.ca\/fr\/playojo#breadcrumb","itemListElement":[{"@type":"ListItem","position":1,"name":"Home","item":"https:\/\/www.bonus.ca\/fr\/"},{"@type":"ListItem","position":2,"name":"PlayOJO Casino"}]},{"@type":"WebSite","@id":"https:\/\/www.bonus.ca\/fr\/#website","url":"https:\/\/www.bonus.ca\/fr\/","name":"BonusFinder Canada (Fran\u00e7ais)","description":"La source de bonus n\u00b0 1 au Canada","potentialAction":[{"@type":"SearchAction","target":{"@type":"EntryPoint","urlTemplate":"https:\/\/www.bonus.ca\/fr\/?s={search_term_string}"},"query-input":{"@type":"PropertyValueSpecification","valueRequired":true,"valueName":"search_term_string"}}],"inLanguage":"en-US"}]}},"_links":{"self":[{"href":"https:\/\/www.bonus.ca\/fr\/wp-json\/wp\/v2\/pages\/7630","targetHints":{"allow":["GET"]}}],"collection":[{"href":"https:\/\/www.bonus.ca\/fr\/wp-json\/wp\/v2\/pages"}],"about":[{"href":"https:\/\/www.bonus.ca\/fr\/wp-json\/wp\/v2\/types\/page"}],"author":[{"embeddable":true,"href":"https:\/\/www.bonus.ca\/fr\/wp-json\/wp\/v2\/users\/123"}],"replies":[{"embeddable":true,"href":"https:\/\/www.bonus.ca\/fr\/wp-json\/wp\/v2\/comments?post=7630"}],"version-history":[{"count":11,"href":"https:\/\/www.bonus.ca\/fr\/wp-json\/wp\/v2\/pages\/7630\/revisions"}],"predecessor-version":[{"id":26466,"href":"https:\/\/www.bonus.ca\/fr\/wp-json\/wp\/v2\/pages\/7630\/revisions\/26466"}],"wp:attachment":[{"href":"https:\/\/www.bonus.ca\/fr\/wp-json\/wp\/v2\/media?parent=7630"}],"curies":[{"name":"wp","href":"https:\/\/api.w.org\/{rel}","templated":true}]}}