{"id":7669,"date":"2019-09-10T08:12:43","date_gmt":"2019-09-10T08:12:43","guid":{"rendered":"https:\/\/www.bonus.ca\/fr\/?post_type=bookmakers&#038;p=7669"},"modified":"2026-04-02T12:37:00","modified_gmt":"2026-04-02T12:37:00","slug":"casino-action","status":"publish","type":"page","link":"https:\/\/www.bonus.ca\/fr\/casino-action","title":{"rendered":"Casino Action"},"content":{"rendered":"<h2>Casino Action Rewards Avis<\/h2>\n<p>Casino Action est un site sign\u00e9 Microgaming qui a attir\u00e9 l&#8217;attention des joueurs novices et v\u00e9t\u00e9rans du monde entier. Des tonnes de pays ont acc\u00e8s \u00e0 Casino Action Rewards, le Canada compris.<\/p>\n<p>Les Canadiens et les Qu\u00e9b\u00e9cois s&#8217;inscrivent sur le portail de jeu Casino Action pour profiter de cette offre de bonus pouvant atteindre 1 250$. M\u00eame apr\u00e8s l&#8217;utilisation de votre bonus, il est peu probable que vous passiez \u00e0 un autre <a href=\"https:\/\/www.bonus.ca\/fr\/\">casino en ligne canadien<\/a>. <\/p>\n<p>Lisez notre avis complet sur le Casino Action pour en savoir plus. Notre avis vous donnera des d\u00e9tails sur les m\u00e9thodes bancaires, jeux de casino et sur le bonus d&#8217;inscription. Continuez votre lecture pour d\u00e9couvrir tous les d\u00e9tails.<\/p>\n<p>[table_start]<br \/>\n[table_row column-1=&#8217;<strong>Bonus Total<\/strong>&#8216; column-2=&#8217;1250$&#8217;]<br \/>\n[table_row column-1=&#8217;<strong>D\u00e9p\u00f4t Minimum<\/strong>&#8216; column-2=&#8217;10$&#8217;]<br \/>\n[table_row column-1=&#8217;<strong>Jeux <\/strong>&#8216; column-2=&#8217;600+&#8217;]<br \/>\n[table_row column-1=&#8217;<strong>Condition de Mise<\/strong>&#8216; column-2=&#8217;60x&#8217;]<br \/>\n[table_end]<\/p>\n<p>Ce casino en ligne canadien a vu le jour \u00e0 la fin du si\u00e8cle, puis est devenu membre du groupe <a href=\"https:\/\/www.bonus.ca\/fr\/casino-bonus\/rewards\">Casino Rewards<\/a> en 2009. Ce groupe est l&#8217;un des plus respect\u00e9s dans l&#8217;industrie du jeu en ligne gr\u00e2ce \u00e0 son syst\u00e8me de fid\u00e9lit\u00e9 et de r\u00e9compenses.<\/p>\n<h3>Casino en fran\u00e7ais<\/h3>\n<p>Vous serez heureux d&#8217;apprendre que vous pouvez jouer au Casino Action en fran\u00e7ais. En effet, le site du Casino Action accueille les joueurs du Qu\u00e9bec en fran\u00e7ais, ce qui rend l&#8217;exp\u00e9rience de jeu plus agr\u00e9able. Bien que certains joueurs pr\u00e9f\u00e8rent jouer en anglais, vous aurez le choix!<\/p>\n<div id=\"attachment_16853\" style=\"width: 1546px\" class=\"wp-caption alignnone\"><img loading=\"lazy\" decoding=\"async\" aria-describedby=\"caption-attachment-16853\" src=\"https:\/\/www.bonus.ca\/fr\/images\/Casino-Action-Rewards-logo.png\" alt=\"casino action rewards logo \" width=\"1536\" height=\"920\" class=\"size-full wp-image-16853\" srcset=\"https:\/\/mediafr.bonus.ca\/images\/Casino-Action-Rewards-logo.png 1536w, https:\/\/mediafr.bonus.ca\/images\/Casino-Action-Rewards-logo-300x180.png 300w, https:\/\/mediafr.bonus.ca\/images\/Casino-Action-Rewards-logo-1024x613.png 1024w, https:\/\/mediafr.bonus.ca\/images\/Casino-Action-Rewards-logo-1048x628.png 1048w, https:\/\/mediafr.bonus.ca\/images\/Casino-Action-Rewards-logo-90x54.png 90w\" sizes=\"auto, (max-width: 1536px) 100vw, 1536px\" \/><p id=\"caption-attachment-16853\" class=\"wp-caption-text\">CAsino Action en Ligne est membre du groupe casino rewards.<\/p><\/div>\n<h2>Casino Action Bonus 2026<\/h2>\n<p>Le Casino Action Bonus vous offre un bonus de bienvenue en 5 parties totalisant jusqu&#8217;\u00e0 1250$. Il s&#8217;agit d&#8217;un gros bonus casino pour les joueurs du Canada et du Qu\u00e9bec. Le montant minimum \u00e0 d\u00e9poser commence \u00e0 10$ &#8211; ce qui est assez minimal pour profiter de cette offre. Jouez avec plus!<\/p>\n<p>[table_start]<br \/>\n[table_row left=&#8217;<strong>Bonus Total<\/strong>&#8216; right=&#8221;Bonus de d\u00e9p\u00f4t en 5 parties jusqu&#8217;\u00e0 1 250$&#8221;]<br \/>\n[table_row left=&#8217;<strong>Bonus du premier d\u00e9p\u00f4t<\/strong>&#8216; right=&#8221;100% jusqu&#8217;\u00e0 150$&#8221;]<br \/>\n[table_row left=&#8217;<strong>Exigence de mise du premier d\u00e9p\u00f4t<\/strong>&#8216; right=&#8217;60x&#8217;]<br \/>\n[table_row left=&#8217;<strong>Exigence de mise sur les d\u00e9p\u00f4ts suivants<\/strong>&#8216; right=&#8217;30x&#8217;]<br \/>\n[table_row left=&#8217;<strong>Code bonus<\/strong>&#8216; right=&#8217;Cliquez sur le bouton&#8217;]<br \/>\n[table_row left=&#8217;<strong>D\u00e9p\u00f4t minimum<\/strong>&#8216; right=&#8217;10$&#8217;]<br \/>\n[table_end]<\/p>\n<h3>Bonus Casino en 5 D\u00e9p\u00f4ts<\/h3>\n<p>Une fois que vous avez cr\u00e9\u00e9 votre compte au Action Casino en ligne, vous disposez de 7 jours pour effectuer votre premier d\u00e9p\u00f4t afin de commencer \u00e0 r\u00e9clamer le bonus de bienvenue.<\/p>\n<p>Ainsi, m\u00eame si vous n&#8217;\u00eates pas pr\u00eat \u00e0 r\u00e9clamer le montant total du bonus tout de suite, faites au moins un premier d\u00e9p\u00f4t au cours de la premi\u00e8re semaine. Cela vous permettra au moins de r\u00e9clamer les 4 parties restantes du bonus de nouveau membre.<\/p>\n<p>Le bonus de bienvenue est divis\u00e9 en 5 d\u00e9p\u00f4ts:<\/p>\n<ul>\n<li><strong>D\u00e9p\u00f4t n\u00b01:<\/strong> 100% jusqu&#8217;\u00e0 150$<\/li>\n<li><strong>D\u00e9p\u00f4t n\u00b02:<\/strong> 50% jusqu&#8217;\u00e0 200$<\/li>\n<li><strong>D\u00e9p\u00f4t n\u00b03:<\/strong> 25% jusqu&#8217;\u00e0 500$<\/li>\n<li><strong>D\u00e9p\u00f4t n\u00b04:<\/strong> 50% jusqu&#8217;\u00e0 250$<\/li>\n<li><strong>D\u00e9p\u00f4t n\u00b05:<\/strong> 100% jusqu&#8217;\u00e0 150$<\/li>\n<\/ul>\n<p>Lorsque vous faites le calcul, vous pouvez voir qu&#8217;il est possible d&#8217;obtenir 1250$ en bonus si vous d\u00e9posez le montant total \u00e0 chaque fois.<\/p>\n<div id=\"attachment_16854\" style=\"width: 1546px\" class=\"wp-caption alignnone\"><img loading=\"lazy\" decoding=\"async\" aria-describedby=\"caption-attachment-16854\" src=\"https:\/\/www.bonus.ca\/fr\/images\/Logo-Casino-Action.png\" alt=\"Casino Action Logo \" width=\"1536\" height=\"920\" class=\"size-full wp-image-16854\" srcset=\"https:\/\/mediafr.bonus.ca\/images\/Logo-Casino-Action.png 1536w, https:\/\/mediafr.bonus.ca\/images\/Logo-Casino-Action-300x180.png 300w, https:\/\/mediafr.bonus.ca\/images\/Logo-Casino-Action-1024x613.png 1024w, https:\/\/mediafr.bonus.ca\/images\/Logo-Casino-Action-1048x628.png 1048w, https:\/\/mediafr.bonus.ca\/images\/Logo-Casino-Action-90x54.png 90w\" sizes=\"auto, (max-width: 1536px) 100vw, 1536px\" \/><p id=\"caption-attachment-16854\" class=\"wp-caption-text\">Obtenez un bonus jusqu&#8217;\u00e0 1250$ chez Action Casino! Qu&#8217;attendez-vous? Ce bonus casino est approuv\u00e9 par BonusFinder.<\/p><\/div>\n<h3>Casino Action Code Bonus<\/h3>\n<p>Vous n&#8217;aurez pas besoin de code bonus pour obtenir l&#8217;offre de Casino Action. Cliquez simplement sur le bouton &#8220;Obtenez ce bonus&#8221; et jouez d\u00e8s aujourd&#8217;hui.<\/p>\n<h3>Casino Action Bonus Sans D\u00e9p\u00f4t<\/h3>\n<p>Le bonus de bienvenue offert au casino en ligne Casino Action pr\u00e9sente un inconv\u00e9nient. Les nouveaux joueurs ne re\u00e7oivent aucun tour gratuit sans d\u00e9p\u00f4t. D&#8217;autres grands noms de l&#8217;industrie, tel que <a href=\"https:\/\/www.bonus.ca\/fr\/jonny-jackpot\">JonnyJackpot<\/a> propose des tours gratuits sans d\u00e9p\u00f4t. Vous ne trouverez pas ce genre d&#8217;offee au Casino Action.<\/p>\n<h2>Termes &#038; Conditions<\/h2>\n<p>Tout bonus de bienvenue atteignant la barre des quatre chiffres attire l&#8217;attention. Lorsqu&#8217;un casino offre aux nouveaux joueurs un potentiel de plus de 1 000$ en bonus, nous devenons curieux. Chez Casino Action en ligne, les nouveaux joueurs ont la possibilit\u00e9 de r\u00e9clamer jusqu&#8217;\u00e0 1 250$ avec leurs cinq premiers d\u00e9p\u00f4ts.<\/p>\n<h3>Conditions de mise<\/h3>\n<p>D\u00e8s que les nouveaux joueurs lisent que le bonus de bienvenue vient avec une condition de mise de 60x, ils ont tendance \u00e0 trembler et \u00e0 passer \u00e0 l&#8217;option suivante. Ce qu&#8217;ils omettent de faire, c&#8217;est de continuer \u00e0 lire les conditions g\u00e9n\u00e9rales des bonus.<\/p>\n<p>Cette exigence de mise de 60x ne s&#8217;applique qu&#8217;au premier d\u00e9p\u00f4t. Tous les autres d\u00e9p\u00f4ts effectu\u00e9s ne n\u00e9cessiteront que 30x. Ce n&#8217;est donc pas si grave. Bien s\u00fbr, 60x ce n&#8217;est pas ce que nous pr\u00e9f\u00e9rons. Mais gardez en t\u00eate que cela sera beaucoup mieux par la suite.<\/p>\n<h2>R\u00e9compenses &#038; Programme de Fid\u00e9lit\u00e9 Rewards<\/h2>\n<p>Le casino Action fait partie du groupe Rewards. Cela veut donc dire que vous aurez acc\u00e8s au programme VIP offert par ce groupe. Vous pouvez donc changer de casino comme bon vous semble tout en obtenant un bon nombre de r\u00e9compenses.<\/p>\n<p>Les conditions de mise pour le bonus offert par le Casino Action commenceront \u00e0 \u00eatre comptabilis\u00e9es d\u00e8s que l&#8217;argent sera d\u00e9pos\u00e9. Une fois que vous avez mis\u00e9 sur votre premier d\u00e9p\u00f4t 60 fois et tout le reste 30 fois, n&#8217;h\u00e9sitez pas \u00e0 encaisser.<\/p>\n<h2>Jeux de Casino<\/h2>\n<p>En tant que casino en ligne aliment\u00e9 par Microgaming, il est \u00e9vident que Casino Action se sp\u00e9cialise dans les machines \u00e0 sous, les machines \u00e0 sous et\u2026 encore plus de machines \u00e0 sous. Casino Action adore les machines \u00e0 sous, mais ils savent que la plupart des joueurs aiment la diversit\u00e9.<\/p>\n<p>C&#8217;est la raison pour laquelle le casino propose \u00e9galement des jeux de table comme le blackjack et la roulette, ainsi que le vid\u00e9o poker. Mieux encore, Casino Action propose l&#8217;une des meilleures offres de gros lots progressifs de l&#8217;industrie. Vous pouvez jouer ici sur les &#8220;faiseurs de millionnaires&#8221; pr\u00e9f\u00e9r\u00e9s tels que Mega Moolah, King Cash-a-Lot, Cash Splash, etc.<\/p>\n<h3>Machines \u00e0 Sous<\/h3>\n<p>Il n&#8217;est pas surprenant que Mega Moolah soit la machine \u00e0 sous la plus appr\u00e9ci\u00e9e de Casino Action, en raison de son statut de &#8220;faiseur de millionnaires&#8221; le plus performant au monde. Mais si vous choisissez de prendre une pause de Moolah, la bonne nouvelle est que vous avez plusieurs options.<\/p>\n<ul>\n<li><strong>Thunderstruck<\/strong><\/li>\n<li><strong>Thunderstruck II<\/strong><\/li>\n<li><strong>Immortal Romance<\/strong><\/li>\n<li><strong>Avalon II<\/strong><\/li>\n<li><strong>Football Star<\/strong><\/li>\n<li><strong>Game of Thrones<\/strong><\/li>\n<\/ul>\n<p>\u00c9tant donn\u00e9 que Casino Action ne dispose que de machines \u00e0 sous Microgaming, les membres n&#8217;ont pas acc\u00e8s aux jeux populaires propos\u00e9s par d&#8217;autres fournisseurs de logiciels, tels que NetEnt ou Play&#8217;n GO. Ce n&#8217;est pas grave, vous continuerez certainement \u00e0 vous divertir avec les centaines de machines \u00e0 sous les plus populaires de Microgaming, notamment:<\/p>\n<h3>Jeux de Table<\/h3>\n<p>Vous ne pourrez pas jouer au casino en direct, mais vous aurez toujours un grand choix de jeux de table. Casino Action propose une s\u00e9lection impressionnante de jeux de blackjack, notamment le blackjack \u00e0 une main, \u00e0 plusieurs mains, Atlantic City et Vegas Strip.<\/p>\n<h3>Roulette<\/h3>\n<p>La <a href=\"https:\/\/www.bonus.ca\/fr\/casino-en-ligne\/roulette\">roulette en ligne live<\/a> est un autre favori parmi les joueurs en ligne. Les joueurs de Casino Action peuvent choisir entre la roulette am\u00e9ricaine et europ\u00e9enne. M\u00eame si vous ne pourrez pas regarder le croupier faire tourner la bille dans un casino en direct, les jeux de roulette de Casino Action sont tr\u00e8s proches de la r\u00e9alit\u00e9.<\/p>\n<h2>Casino Action Mobile<\/h2>\n<p>Le jeu sur mobile est un must pour 99,999% des joueurs en ligne. C&#8217;est la raison pour laquelle les grands leaders de l&#8217;industrie mettent plus que jamais l&#8217;accent sur leurs sites mobiles.<\/p>\n<p>Casino Action est consid\u00e9r\u00e9 comme un <em>casino sans t\u00e9l\u00e9chargement<\/em>, ce qui signifie simplement que vous n&#8217;aurez pas \u00e0 t\u00e9l\u00e9charger d&#8217;application. Vous pourrez vous connecter \u00e0 votre compte en visitant la version mobile du site.<\/p>\n<p>Tout le contenu du site Casino Action a \u00e9t\u00e9 format\u00e9 pour s&#8217;adapter parfaitement aux appareils mobiles, notamment aux t\u00e9l\u00e9phones et tablettes Android et iOS. Vous pourrez jouer n&#8217;importe o\u00f9 et m\u00eame tenter votre chance sur le jeu Mega Moolah depuis un appareil mobile.<\/p>\n<h2>Options Bancaires<\/h2>\n<p>La s\u00e9curit\u00e9 est un facteur majeur lorsque vous choisissez un casino en ligne. Lorsque vous d\u00e9posez vos fonds, vous ne devriez pas vous demandez si vos informations personnelles et vos coordonn\u00e9es bancaires seront prot\u00e9g\u00e9es ou non. Chez Casino Action, vous n&#8217;aurez jamais \u00e0 vous inqui\u00e9ter.<\/p>\n<p>Si un pirate informatique tente de collecter vos donn\u00e9es, Casino Action en ligne prot\u00e8ge toutes les informations de ses joueurs avec un pare-feu imp\u00e9n\u00e9trable. Les joueurs peuvent utiliser le cr\u00e9dit, le d\u00e9bit, Interac en ligne ou l&#8217;un de ces modes de paiement canadien en toute tranquillit\u00e9 d&#8217;esprit:<\/p>\n<p>[table_start]<br \/>\n[table_head column-1=&#8217;<strong>M\u00e9thodes bancaires<\/strong>&#8216; column-2=&#8217;<strong>Pris en charge<\/strong>&#8216;]<br \/>\n[table_row column-1=&#8217;<strong>Interac<\/strong>&#8216; column-2=&#8217;Oui&#8217;]<br \/>\n[table_row column-1=&#8217;<strong>iDebit<\/strong>&#8216; column-2=&#8217;Oui&#8217;]<br \/>\n[table_row column-1=&#8217;<strong>Visa\/Mastercard<\/strong>&#8216; column-2=&#8217;Oui&#8217;]<br \/>\n[table_row column-1=&#8217;<strong>eCheck<\/strong>&#8216; column-2=&#8217;Oui&#8217;]<br \/>\n[table_row column-1=&#8217;<strong>Instant Banking<\/strong>&#8216; column-2=&#8217;Oui&#8217;]<br \/>\n[table_row column-1=&#8217;<strong>Instadebit<\/strong>&#8216; column-2=&#8217;Oui&#8217;]<br \/>\n[table_row column-1=&#8217;<strong>Ecopayz<\/strong>&#8216; column-2=&#8217;Oui&#8217;]<br \/>\n[table_row column-1=&#8217;<strong>Paysafecard<\/strong>&#8216; column-2=&#8217;Oui&#8217;]<br \/>\n[table_row column-1=&#8217;<strong>Paypal<\/strong>&#8216; column-2=&#8217;Non&#8217;]<br \/>\n[table_end]<\/p>\n<h3>Retraits<\/h3>\n<p>Si vous recherchez un processus de retrait instantan\u00e9, vous devrez chercher ailleurs. Mais si vous pouvez attendre 2 jours avant le d\u00e9but du traitement de vos retraits, ce n&#8217;est pas grave. En fait, certains joueurs <em> aiment <\/em> le d\u00e9lai de carence de deux jours; il offre la possibilit\u00e9 d&#8217;inverser le retrait si vous d\u00e9cidez de continuer \u00e0 faire tourner les machines \u00e0 sous.<\/p>\n<h2>Support Client<\/h2>\n<p>De plus, vous aurez acc\u00e8s \u00e0 un support client en tout temps, ce qui est id\u00e9al si vous \u00eates au Canada. Comme plusieurs casinos sont bas\u00e9s en Europe, \u00e7a devient un peu compliqu\u00e9 parfois avec les fuseaux horaires canadiens. <\/p>\n<p>[table_start]<br \/>\n[table_row column-1=&#8217;<strong>Chat Live<\/strong>&#8216; column-2=&#8217;24 heures sur 24 et 7 jours sur 7&#8242;]<br \/>\n[table_row column-1=&#8217;<strong>Email<\/strong>&#8216; column-2=&#8217;support@crhelpdesk.com&#8217;]<br \/>\n[table_end]<\/p>\n<h2>Casino Action Avis d&#8217;Expert &#8211; L&#8217;un des Meilleurs Casinos du Moment<\/h2>\n<p>Le Casino Action offre un syst\u00e8me de d\u00e9p\u00f4t et de retrait totalement s\u00e9curis\u00e9 et facile \u00e0 utiliser. Leur site utilise la technologie de cryptage 128 bits, ce qui signifie que vos informations sont totalement prot\u00e9g\u00e9es d\u00e8s que vous entrez sur le site.<\/p>\n<p>Lorsque nous comparons les points n\u00e9gatifs et positifs, il est ind\u00e9niable que Casino Action est un choix incroyable. Il est donc grand temps de sauter dans l&#8217;action d&#8217;un des casinos favoris au Canada et au Qu\u00e9bec. <\/p>\n<p>Le seul point de frustration pour certains membres chez Casino Action concerne le retrait. Lorsque vous remplissez les conditions de mise n\u00e9cessaires et que vous \u00eates pr\u00eat \u00e0 retirer vos fonds, la proc\u00e9dure de retrait est simple.<\/p>\n<h3>Verdict d\u00e9finitif<\/h3>\n<p>[table_start]<br \/>\n[table_row column-1=&#8217;<strong>Machines \u00e0 sous<\/strong>&#8216; column-2=&#8217;\u2b50\u2b50\u2b50\u2b50&#8217;]<br \/>\n[table_row column-1=&#8217;<strong>Design du site<\/strong>&#8216; column-2=&#8217;\u2b50\u2b50\u2b50&#8217;]<br \/>\n[table_row column-1=&#8217;<strong>Options de paiement<\/strong>&#8216; column-2=&#8217;\u2b50\u2b50\u2b50&#8217;]<br \/>\n[table_row column-1=&#8217;<strong>Service client<\/strong>&#8216; column-2=&#8217;\u2b50\u2b50\u2b50&#8217;]<br \/>\n[table_end]<\/p>\n","protected":false},"excerpt":{"rendered":"<p>Casino Action Rewards Avis Casino Action est un site sign\u00e9 Microgaming qui a attir\u00e9 l&#8217;attention des joueurs novices et v\u00e9t\u00e9rans du monde entier. Des tonnes de pays ont acc\u00e8s \u00e0 Casino Action Rewards, le Canada compris. Les Canadiens et les Qu\u00e9b\u00e9cois s&#8217;inscrivent sur le portail de jeu Casino Action pour profiter de cette offre de [&hellip;]<\/p>\n","protected":false},"author":123,"featured_media":0,"parent":0,"menu_order":0,"comment_status":"closed","ping_status":"closed","template":"","meta":{"inline_featured_image":false,"_glsr_average":0,"_glsr_ranking":0,"_glsr_reviews":0,"footnotes":""},"class_list":["post-7669","page","type-page","status-publish","hentry"],"yoast_head":"<!-- This site is optimized with the Yoast SEO plugin v27.4 - https:\/\/yoast.com\/product\/yoast-seo-wordpress\/ -->\n<title>Casino Action Rewards \ud83c\udf96\ufe0f 1250$ en Bonus<\/title>\n<meta name=\"description\" content=\"Casino Action en Ligne est un site sign\u00e9 Microgaming \u2b50 1250$ en bonus Rewards |\u261d\ufe0f Recevez plus d&#039;argent pour jouer sur vos jeux pr\u00e9f\u00e9r\u00e9s.\" \/>\n<meta name=\"robots\" content=\"index, follow, max-snippet:-1, max-image-preview:large, max-video-preview:-1\" \/>\n<link rel=\"canonical\" href=\"https:\/\/www.bonus.ca\/fr\/casino-action\" \/>\n<meta property=\"og:type\" content=\"article\" \/>\n<meta property=\"og:title\" content=\"Casino Action Rewards \ud83c\udf96\ufe0f 1250$ en Bonus\" \/>\n<meta property=\"og:description\" content=\"Casino Action en Ligne est un site sign\u00e9 Microgaming \u2b50 1250$ en bonus Rewards |\u261d\ufe0f Recevez plus d&#039;argent pour jouer sur vos jeux pr\u00e9f\u00e9r\u00e9s.\" \/>\n<meta property=\"og:url\" content=\"https:\/\/www.bonus.ca\/fr\/casino-action\" \/>\n<meta property=\"article:published_time\" content=\"2019-09-10T08:12:43+00:00\" \/>\n<meta property=\"article:modified_time\" content=\"2026-04-02T12:37:00+00:00\" \/>\n<meta property=\"og:image\" content=\"https:\/\/mediafr.bonus.ca\/images\/Casino-Action-Rewards-logo.png\" \/>\n\t<meta property=\"og:image:width\" content=\"1536\" \/>\n\t<meta property=\"og:image:height\" content=\"920\" \/>\n\t<meta property=\"og:image:type\" content=\"image\/png\" \/>\n<meta name=\"twitter:card\" content=\"summary_large_image\" \/>\n<meta name=\"twitter:label1\" content=\"Est. reading time\" \/>\n\t<meta name=\"twitter:data1\" content=\"8 minutes\" \/>\n<!-- \/ Yoast SEO plugin. -->","yoast_head_json":{"title":"Casino Action Rewards \ud83c\udf96\ufe0f 1250$ en Bonus","description":"Casino Action en Ligne est un site sign\u00e9 Microgaming \u2b50 1250$ en bonus Rewards |\u261d\ufe0f Recevez plus d'argent pour jouer sur vos jeux pr\u00e9f\u00e9r\u00e9s.","robots":{"index":"index","follow":"follow","max-snippet":"max-snippet:-1","max-image-preview":"max-image-preview:large","max-video-preview":"max-video-preview:-1"},"canonical":"https:\/\/www.bonus.ca\/fr\/casino-action","og_type":"article","og_title":"Casino Action Rewards \ud83c\udf96\ufe0f 1250$ en Bonus","og_description":"Casino Action en Ligne est un site sign\u00e9 Microgaming \u2b50 1250$ en bonus Rewards |\u261d\ufe0f Recevez plus d'argent pour jouer sur vos jeux pr\u00e9f\u00e9r\u00e9s.","og_url":"https:\/\/www.bonus.ca\/fr\/casino-action","article_published_time":"2019-09-10T08:12:43+00:00","article_modified_time":"2026-04-02T12:37:00+00:00","og_image":[{"width":1536,"height":920,"url":"https:\/\/mediafr.bonus.ca\/images\/Casino-Action-Rewards-logo.png","type":"image\/png"}],"twitter_card":"summary_large_image","twitter_misc":{"Est. reading time":"8 minutes"},"schema":{"@context":"https:\/\/schema.org","@graph":[{"@type":"WebPage","@id":"https:\/\/www.bonus.ca\/fr\/casino-action","url":"https:\/\/www.bonus.ca\/fr\/casino-action","name":"Casino Action Rewards \ud83c\udf96\ufe0f 1250$ en Bonus","isPartOf":{"@id":"https:\/\/www.bonus.ca\/fr\/#website"},"primaryImageOfPage":{"@id":"https:\/\/www.bonus.ca\/fr\/casino-action#primaryimage"},"image":{"@id":"https:\/\/www.bonus.ca\/fr\/casino-action#primaryimage"},"thumbnailUrl":"https:\/\/www.bonus.ca\/fr\/images\/Casino-Action-Rewards-logo.png","datePublished":"2019-09-10T08:12:43+00:00","dateModified":"2026-04-02T12:37:00+00:00","description":"Casino Action en Ligne est un site sign\u00e9 Microgaming \u2b50 1250$ en bonus Rewards |\u261d\ufe0f Recevez plus d'argent pour jouer sur vos jeux pr\u00e9f\u00e9r\u00e9s.","breadcrumb":{"@id":"https:\/\/www.bonus.ca\/fr\/casino-action#breadcrumb"},"inLanguage":"en-US","potentialAction":[{"@type":"ReadAction","target":["https:\/\/www.bonus.ca\/fr\/casino-action"]}]},{"@type":"ImageObject","inLanguage":"en-US","@id":"https:\/\/www.bonus.ca\/fr\/casino-action#primaryimage","url":"https:\/\/mediafr.bonus.ca\/images\/Casino-Action-Rewards-logo.png","contentUrl":"https:\/\/mediafr.bonus.ca\/images\/Casino-Action-Rewards-logo.png","width":1536,"height":920,"caption":"CAsino Action en Ligne est membre du groupe casino rewards."},{"@type":"BreadcrumbList","@id":"https:\/\/www.bonus.ca\/fr\/casino-action#breadcrumb","itemListElement":[{"@type":"ListItem","position":1,"name":"Home","item":"https:\/\/www.bonus.ca\/fr\/"},{"@type":"ListItem","position":2,"name":"Casino Action"}]},{"@type":"WebSite","@id":"https:\/\/www.bonus.ca\/fr\/#website","url":"https:\/\/www.bonus.ca\/fr\/","name":"BonusFinder Canada (Fran\u00e7ais)","description":"La source de bonus n\u00b0 1 au Canada","potentialAction":[{"@type":"SearchAction","target":{"@type":"EntryPoint","urlTemplate":"https:\/\/www.bonus.ca\/fr\/?s={search_term_string}"},"query-input":{"@type":"PropertyValueSpecification","valueRequired":true,"valueName":"search_term_string"}}],"inLanguage":"en-US"}]}},"_links":{"self":[{"href":"https:\/\/www.bonus.ca\/fr\/wp-json\/wp\/v2\/pages\/7669","targetHints":{"allow":["GET"]}}],"collection":[{"href":"https:\/\/www.bonus.ca\/fr\/wp-json\/wp\/v2\/pages"}],"about":[{"href":"https:\/\/www.bonus.ca\/fr\/wp-json\/wp\/v2\/types\/page"}],"author":[{"embeddable":true,"href":"https:\/\/www.bonus.ca\/fr\/wp-json\/wp\/v2\/users\/123"}],"replies":[{"embeddable":true,"href":"https:\/\/www.bonus.ca\/fr\/wp-json\/wp\/v2\/comments?post=7669"}],"version-history":[{"count":11,"href":"https:\/\/www.bonus.ca\/fr\/wp-json\/wp\/v2\/pages\/7669\/revisions"}],"predecessor-version":[{"id":26454,"href":"https:\/\/www.bonus.ca\/fr\/wp-json\/wp\/v2\/pages\/7669\/revisions\/26454"}],"wp:attachment":[{"href":"https:\/\/www.bonus.ca\/fr\/wp-json\/wp\/v2\/media?parent=7669"}],"curies":[{"name":"wp","href":"https:\/\/api.w.org\/{rel}","templated":true}]}}