{"id":8311,"date":"2019-11-21T10:21:42","date_gmt":"2019-11-21T10:21:42","guid":{"rendered":"https:\/\/www.bonus.ca\/fr\/?page_id=8311"},"modified":"2025-05-21T08:42:17","modified_gmt":"2025-05-21T08:42:17","slug":"logiciel","status":"publish","type":"page","link":"https:\/\/www.bonus.ca\/fr\/casino-en-ligne\/logiciel","title":{"rendered":"Logiciels de Casino"},"content":{"rendered":"<h2>Logiciels de Jeux de Casino<\/h2>\n<p>La premi\u00e8re compagnie a cr\u00e9\u00e9 des jeux de casinos en ligne en argent r\u00e9el est Microgaming. Cela date de 1994. Depuis ce jour, un bon nombre de fournisseur de jeux s&#8217;est ajout\u00e9 au lot. Pr\u00e9sentement, un <a href=\"https:\/\/www.bonus.ca\/fr\/\">casino en ligne canada<\/a> de taille moyenne peut avoir jusqu&#8217;\u00e0 1000 jeux de machine \u00e0 sous provenant de 20 logiciels (Dunder est un bon exemple avec ces 1100 jeux de machines \u00e0 sous).<\/p>\n<p>Les logiciels de casino vont de machine \u00e0 sous tr\u00e8s sp\u00e9cifiques tels que ELK Studio aux \u00e9normes compagnies multi-bilionaire comme Scientific Games. Cette compagnie fournit des jeux \u00e0 tous le monde ainsi qu&#8217;aux casinos de Las Vegas (sous sa compagnie conjointe Bally Technologies).<\/p>\n<div id=\"attachment_11624\" style=\"width: 1210px\" class=\"wp-caption alignnone\"><img loading=\"lazy\" decoding=\"async\" aria-describedby=\"caption-attachment-11624\" src=\"https:\/\/www.bonus.ca\/fr\/images\/fournisseurs-de-jeux.jpg\" alt=\"fournisseurs de jeux\" width=\"1200\" height=\"500\" class=\"size-full wp-image-11624\" \/><p id=\"caption-attachment-11624\" class=\"wp-caption-text\">Et voici les meilleurs fournisseurs de jeux de casino disponibles au Canada.<\/p><\/div>\n<h2>Pourquoi Avons-Nous Besoin des Fournisseurs de Jeux de Casino?<\/h2>\n<p>Les fournisseurs de jeux de casino en ligne sont n\u00e9c\u00e9ssaires dans l&#8217;industrie du jeu. Au tout d\u00e9but (avant les ann\u00e9es 2000), les casinos en ligne cr\u00e9aient leurs propres jeux. Toutefois, ce n&#8217;\u00e9tait pas une bonne tactique puisque certains jeux n&#8217;\u00e9taient pas juste. De plus, la qualit\u00e9 des jeux laissait \u00e0 d\u00e9sirer.<\/p>\n<p>Microgaming \u00e9tait en charge de ses propres casinos par le pass\u00e9. Lorsque NetEnt (foud\u00e9 en 1996) est arriv\u00e9, Microgaming a r\u00e9alis\u00e9 que c&#8217;\u00e9tait probablement mieux de fournir des jeux aux casinos en \u00e9change d&#8217;un tarif. De nos jours, les logiciels de jeux se doivent de conserver leurs jeux de mani\u00e8re juste et les casinos ne peuvent plus prendre le contr\u00f4le du jeu. C&#8217;est aussi dans l&#8217;int\u00e9r\u00eat du logiciel de cr\u00e9\u00e9er des jeux dont les joueurs raffoleront.<\/p>\n<h2>Meilleurs Fournisseurs de Jeux de Casino<\/h2>\n<p>Le meilleur fournisseur de jeux en ligne d\u00e9pend de vos pr\u00e9f\u00e9rences. NetEnt a des jeux superbes (comme Gonzos Quest), Evolution Gaming a des jeux de casinos live, Microgaming a des jeux \u00e0 jackpot et plus encore. Toutefois, c&#8217;est facile de choisir ces trois fournisseurs comme \u00e9tant les plus importants.<\/p>\n<p><strong>Microgaming<\/strong><\/p>\n<p>Microgaming \u00e9tait un pionner dans l&#8217;industrie des jeux en ligne en argent r\u00e9el. Ils ont cr\u00e9\u00e9 les jeux les plus populaires au monde comme Mega Moolah et les jeux de tables tels que<br \/>\nEuropean Gold Roulette et Vegas Blackjack.<\/p>\n<p><strong>Netent<\/strong><\/p>\n<p>NetEnt \u00e9tait le premier fournisseur \u00e0 cr\u00e9er des casino Flash en 2001. Pr\u00e9c\u00e9demment, vous aviez \u00e0 install\u00e9 le casino sur votre ordinateur pour jouer. NetEnt a donc trouv\u00e9 une mani\u00e8re plus facile de jouer directement depuis votre navigateur. \u00c7a a chang\u00e9 l&#8217;univers du casino en ligne. Cette compagnie su\u00e9doise a cr\u00e9\u00e9 deux des jeux les plus populaires, soit Starburst et Gonzos Quest.<\/p>\n<p><strong>Big Time Gaming<\/strong><\/p>\n<p>Big Time Gaming est la compagnie la plus populaire en 2026. Ils ont cr\u00e9\u00e9 les jeux populaires Megaways avec un fonctionnement jamais-vu. Ces jeux sont pr\u00e9sentement parmis les plus &#8216;hot&#8217; dans la plupart des casinos en ligne. D&#8217;ailleurs, les jeux Megaways vous permettent d&#8217;obtenir des tours gratuits et des bonus facilement.<\/p>\n<p><strong>Evolution Gaming<\/strong><\/p>\n<p>Evolution Gaming propulse les jeux de casino live. Ces jeux se d\u00e9roulent dans un vrai casino et vous pouvez rejoindre l&#8217;action depuis votre ordinateur ou votre t\u00e9l\u00e9phone. Ces jeux en direct sont super populaires et Evolution Gaming est la plus grande compagnie de jeux en direct avec ces titres populaires tels que Monopoly Live et 2 Hand Casino Hold&#8217;em.<\/p>\n<p><strong>Playtech<\/strong><\/p>\n<p>Playtech est un fournisseur de logiciels de jeux aux compagnies populaires comme William Hill. Ce fournisseur diff\u00e8re des ces comp\u00e9titeurs puisqu&#8217;il se sp\u00e9cialise en jeux offerts par le gouvernement. Ils fournissent des jeux aux compagnies de jeu de hasard \u00e0 travers le monde.<\/p>\n<h2>Liste Compl\u00e8te des Fournisseurs de Jeux de Casino<\/h2>\n<p>Voici la liste compl\u00e8te des meilleurs logiciels et fournisseurs de jeux de casino en ligne en 2026. Cette liste regroupe 30 des plus importants fournisseurs de jeux. Ceux-ci ont cr\u00e9\u00e9 les meilleurs jeux en argent r\u00e9el et sont disponibles dans les casinos en ligne populaires au Canada comme LeoVegas et Dunder.<\/p>\n<p>[table_start]<br \/>\n[table_head column-1=&#8217;Fournisseur&#8217; column-2=&#8217;Fond\u00e9&#8217;  column-3=&#8217;Jeu Populaire&#8217;]<br \/>\n[table_row column-1=&#8217;1X2 Gaming&#8217; column-2=&#8217;2002&#8242; column-3=&#8217;Vampire Hunters&#8217;]<br \/>\n[table_row column-1=&#8217;Bally&#8217; column-2=&#8217;1968&#8242; column-3=&#8217;Monopoly Heights&#8217;]<br \/>\n[table_row column-1=&#8217;Betsoft Gaming&#8217; column-2=&#8217;2006&#8242; column-3=&#8217;Fruit Zen&#8217;]<br \/>\n[table_row column-1=&#8217;Big Time Gaming&#8217; column-2=&#8217;2011&#8242; column-3=&#8217;Bonanza&#8217;]<br \/>\n[table_row column-1=&#8217;Blueprint Gaming&#8217; column-2=&#8217;2001&#8242; column-3=&#8217;Buffalo Rising Megaways&#8217;]<br \/>\n[table_row column-1=&#8217;Cryptologic&#8217; column-2=&#8217;1995&#8242; column-3=&#8217;Kanga Cash&#8217;]<br \/>\n[table_row column-1=&#8217;Elk Studios&#8217; column-2=&#8217;2012&#8242; column-3=&#8217;Ice Wolf&#8217;]<br \/>\n[table_row column-1=&#8217;Evolution Gaming&#8217; column-2=&#8217;2006&#8242; column-3=&#8217;Dream Catcher&#8217;]<br \/>\n[table_row column-1=&#8217;Genesis Gaming&#8217; column-2=&#8217;2008&#8242; column-3=&#8217;Golden Children&#8217;]<br \/>\n[table_row column-1=&#8217;IGT&#8217; column-2=&#8217;1990&#8242; column-3=&#8217;Cleopatra&#8217;]<br \/>\n[table_row column-1=&#8217;Leander Games&#8217; column-2=&#8217;2007&#8242; column-3=&#8217;Kraken Conquest&#8217;]<br \/>\n[table_row column-1=&#8217;Microgaming&#8217; column-2=&#8217;1994&#8242; column-3=&#8217;Mega Moolah&#8217;]<br \/>\n[table_row column-1=&#8217;NeoGames&#8217; column-2=&#8217;2005&#8242; column-3=&#8217;Fruity Friends&#8217;]<br \/>\n[table_row column-1=&#8217;NetEnt&#8217; column-2=&#8217;1996&#8242; column-3=&#8217;Starburst&#8217;]<br \/>\n[table_row column-1=&#8217;NextGen Gaming&#8217; column-2=&#8217;1999&#8242; column-3=&#8217;Medusa Megaways&#8217;]<br \/>\n[table_row column-1=&#8217;Novomatic&#8217; column-2=&#8217;1980&#8242; column-3=&#8217;Bat Stax&#8217;]<br \/>\n[table_row column-1=&#8217;Play`n Go&#8217; column-2=&#8217;1997&#8242; column-3=&#8217;Book of Dead&#8217;]<br \/>\n[table_row column-1=&#8217;Playtech&#8217; column-2=&#8217;1999&#8242; column-3=&#8217;Buffalo Blitz&#8217;]<br \/>\n[table_row column-1=&#8217;Pragmatic Play&#8217; column-2=&#8217;2015&#8242; column-3=&#8217;Wolf Gold&#8217;]<br \/>\n[table_row column-1=&#8217;Quickspin&#8217; column-2=&#8217;2011&#8242; column-3=&#8217;Sakura Fortune&#8217;]<br \/>\n[table_row column-1=&#8217;Rabcat&#8217; column-2=&#8217;2001&#8242; column-3=&#8217;Castle Builder&#8217;]<br \/>\n[table_row column-1=&#8217;Red Tiger&#8217; column-2=&#8217;2014&#8242; column-3=&#8217;Dragons Luck&#8217;]<br \/>\n[table_row column-1=&#8217;Thunderkick&#8217; column-2=&#8217;2015&#8242; column-3=&#8217;Divine Lotus&#8217;]<br \/>\n[table_row column-1=&#8217;Yggdrasil Gaming&#8217; column-2=&#8217;2013&#8242; column-3=&#8217;Age of Asgard&#8217;]<br \/>\n[table_row column-1=&#8217;iSoftbet&#8217; column-2=&#8217;2010&#8242; column-3=&#8217;Lost Boys Loot&#8217;]<br \/>\n[table_end]<\/p>\n<div id=\"attachment_8313\" style=\"width: 1210px\" class=\"wp-caption alignnone\"><img aria-describedby=\"caption-attachment-8313\" src='https:\/\/www.bonus.ca\/fr\/images\/microgaming-logiciel.jpg' alt='logiciel microgaming' width='1200' height='500' class='size-full wp-image-8313' \/><p id=\"caption-attachment-8313\" class=\"wp-caption-text\">Microgaming est le fournisseur de jeux original de 1994.<\/p><\/div>\n<p>Comme vous pouvez le constater, la plupart des fournisseurs datent des ann\u00e9es 90 ou de la derni\u00e8re d\u00e9cennie. Il y a quelques compagnies plus vieilles, comme Scientific Games (Propri\u00e9taire de Bally) et Novomatic, pionners du monde de l&#8217;Internet.<\/p>\n<h2>Bonus Selon le Fournisseur de Jeux<\/h2>\n<p>Vous pouvez recevoir un bon bonus de casino avec tous les meilleurs fournisseurs de logiciels de jeux. Les casinos en ligne offrent des bonus sur les jeux populaires. M\u00eame les gros fournisseurs comme Netent peuvent avoir de bons bonus de d\u00e9p\u00f4t. <\/p>\n<p>Il y a quelques petites diff\u00e9rentes entre les fournisseurs de jeux quand on parle de bonus.<\/p>\n<ul>\n<li><strong>Play N Go:<\/strong> Meilleur pour les tours gratuits. Book of Dead est le jeu des tours gratuits dans plusieurs casinos au Canada.<\/li>\n<li><strong>Microgaming:<\/strong> Gros bonus de d\u00e9p\u00f4t. Vous aurez jusqu&#8217;\u00e0 1600$ en bonus de bienvenue dans des sites comme Jackpot City.<\/li>\n<li><strong>Netent:<\/strong> Starburst est souvent le jeu de machine \u00e0 sous vid\u00e9o le plus populaire pour les promotions offertes aux joueurs VIP.<\/li>\n<\/ul>\n<p>Les autres fournisseurs de jeux ont \u00e9galement des bonus de d\u00e9p\u00f4t. Les meilleurs fournisseurs sont mentionn\u00e9 ci-dessus. Sinon, Blueprint Gaming, est un autre fournisseur de choix et les machines Megaways sont souvent objet de promotions dans les casinos populaires.<\/p>\n<div id=\"attachment_8314\" style=\"width: 1210px\" class=\"wp-caption alignnone\"><img aria-describedby=\"caption-attachment-8314\" src='https:\/\/www.bonus.ca\/fr\/images\/netent-jeux.jpg' alt='jeux netent' width='1200' height='500' class='size-full wp-image-8314' \/><p id=\"caption-attachment-8314\" class=\"wp-caption-text\">Avec des hits tels que Reel Rush et The Wolf&#8217;s Bane, Netent est l&#8217;un des meilleurs fournisseurs de jeux en ce moment<\/p><\/div>\n<h2>Fournisseurs &#038; Logiciels pour les Jeux \u00e0 Jackpots<\/h2>\n<p>S&#8217;il y a une chose parmis lesquelles les fournisseurs de jeux en ligne aiment comp\u00e9titionner, c&#8217;est bien avec les gros lots. Celui qui aura le plus gros jackpot aura m\u00eame le droit de se vanter. Les gros lots progressifs existent depuis la fin des ann\u00e9es 90 et la plupart des casinos en ligne offrent un jeu \u00e0 gros lot.<\/p>\n<p>Les plus gros lots ainsi que leurs fournisseurs:<\/p>\n<ol>\n<li>Mega Moolah \/ Microgaming Jackpot Network<\/li>\n<li>Mega Fortune \/ Netent<\/li>\n<li>Beach Life \/ Playtech<\/li>\n<li>Millionaire Genie \/ Random Logic<\/li>\n<li>Millionaires Club \/ Cryptologic<\/li>\n<\/ol>\n<h2>Fournisseurs de Jeux de Casino sur Mobile<\/h2>\n<p>Le premier des fournisseurs \u00e0 optmiser tous ses jeux pour une version mobile \u00e9tait Netent au d\u00e9but des ann\u00e9es 2000.Alors que Microgaming avait cr\u00e9\u00e9 quelques jeux optimis\u00e9s pour mobile dans les ann\u00e9es 1990, la plupart des compagnies avaient des versions t\u00e9l\u00e9chargeables.<\/p>\n<p>Alors que plusieurs compagnies d\u00e9pendent des t\u00e9l\u00e9chargements, Netent a toujours opt\u00e9 pour le jeu instantann\u00e9 depuis votre navigateur. Netent avait compris rapidement que les appareils ayant un touch screen rendaient l&#8217;exp\u00e9rience de jeu plus efficace. C&#8217;est pourquoi ils avaint cr\u00e9\u00e9 la technologie Netent Touch.<\/p>\n<p>Rapidement, les autres fournisseurs de jeux ont suivis et ont cr\u00e9\u00e9s leur propre plateformes (Microgaming avec QuickFire). Certains compagnies ont d&#8217;ailleurs \u00e9t\u00e9 cr\u00e9\u00e9es par des employ\u00e9s Netent &#8211; comme ELK Gaming.<\/p>\n<h2>\u00c9quit\u00e9 &#038; S\u00e9curit\u00e9<\/h2>\n<p>Les casinos en ligne sont r\u00e9gul\u00e9s et licensi\u00e9 par les authorit\u00e9s de leurs pays respectifs. La m\u00eame logique s&#8217;aplpiquent aux jeux de casinos. Vendre des logiciels de casinos requiert une license pour s&#8217;assurer que le jeu soit \u00e9quitable. Par exemple, l&#8217;un des crit\u00e8re est que chaque jeu se doit de se jouer de la m\u00eame fa\u00e7on peu importe si vous jouez en argent bonus versus en argent r\u00e9el.<\/p>\n<p>La commission la plus populaire est sans aucun doute la UK Gambling Commission.  Celle-ci s&#8217;assure que la compagnie de logiciels de jeux de casino respecte les standards de l&#8217;industrie, que ce soit pour un jeu de machine \u00e0 sous, de roulette ou de hasard.<\/p>\n<h2>Plateformes de Jeux de Casino<\/h2>\n<p>En plus des fournisseurs de logiciels de jeux de casino en ligne, il y a \u00e9galement des platformes de casinos. Ces plateformes combine des jeux provenant de plusieurs fournisseurs de jeux que ce soit des jeux de casinos, des paris sportifs ou du poker en ligne. Voici certaines d&#8217;entre-elles:<\/p>\n<ul>\n<li>Relax Gaming<\/li>\n<li>Nyx Gaming<\/li>\n<li>White Hat Gaming<\/li>\n<li>Microgaming Quickfire<\/li>\n<li>Softswiss<\/li>\n<li>Every Matrix<\/li>\n<li>SkillOnNet<\/li>\n<li>Inoru<\/li>\n<\/ul>\n<p>Il est important de conna\u00eetre ses plateformes puisque les casinos qui utilisent les m\u00eames plateformes utilisent souvent les m\u00eame jeux et vous donneront une exp\u00e9rience de jeu de qualit\u00e9. Par exemple, Wunderino et Casino Cruise utilisent EveryMatrix et tous deux se ressemblent \u00e9norm\u00e9ment.<\/p>\n","protected":false},"excerpt":{"rendered":"<p>Logiciels de Jeux de Casino La premi\u00e8re compagnie a cr\u00e9\u00e9 des jeux de casinos en ligne en argent r\u00e9el est Microgaming. Cela date de 1994. Depuis ce jour, un bon nombre de fournisseur de jeux s&#8217;est ajout\u00e9 au lot. Pr\u00e9sentement, un casino en ligne canada de taille moyenne peut avoir jusqu&#8217;\u00e0 1000 jeux de machine [&hellip;]<\/p>\n","protected":false},"author":123,"featured_media":0,"parent":11032,"menu_order":0,"comment_status":"closed","ping_status":"closed","template":"","meta":{"inline_featured_image":false,"_glsr_average":0,"_glsr_ranking":0,"_glsr_reviews":0,"footnotes":""},"class_list":["post-8311","page","type-page","status-publish","hentry"],"yoast_head":"<!-- This site is optimized with the Yoast SEO plugin v27.5 - https:\/\/yoast.com\/product\/yoast-seo-wordpress\/ -->\n<title>Guide des Meilleurs Fournisseurs de Jeux de Casino \u25b7 [year]<\/title>\n<meta name=\"description\" content=\"Voici tous les fournisseurs de jeux de casinos ainsi que les meilleurs bonus disponibles au Canada. \u2714\ufe0f Jouez avec plus sur Netent, Microgaming, etc.\" \/>\n<meta name=\"robots\" content=\"index, follow, max-snippet:-1, max-image-preview:large, max-video-preview:-1\" \/>\n<link rel=\"canonical\" href=\"https:\/\/www.bonus.ca\/fr\/casino-en-ligne\/logiciel\" \/>\n<meta property=\"og:type\" content=\"article\" \/>\n<meta property=\"og:title\" content=\"Guide des Meilleurs Fournisseurs de Jeux de Casino \u25b7 [year]\" \/>\n<meta property=\"og:description\" content=\"Voici tous les fournisseurs de jeux de casinos ainsi que les meilleurs bonus disponibles au Canada. \u2714\ufe0f Jouez avec plus sur Netent, Microgaming, etc.\" \/>\n<meta property=\"og:url\" content=\"https:\/\/www.bonus.ca\/fr\/casino-en-ligne\/logiciel\" \/>\n<meta property=\"article:published_time\" content=\"2019-11-21T10:21:42+00:00\" \/>\n<meta property=\"article:modified_time\" content=\"2025-05-21T08:42:17+00:00\" \/>\n<meta property=\"og:image\" content=\"https:\/\/mediafr.bonus.ca\/images\/fournisseurs-de-jeux.jpg\" \/>\n<meta name=\"twitter:card\" content=\"summary_large_image\" \/>\n<meta name=\"twitter:label1\" content=\"Est. reading time\" \/>\n\t<meta name=\"twitter:data1\" content=\"8 minutes\" \/>\n<!-- \/ Yoast SEO plugin. -->","yoast_head_json":{"title":"Guide des Meilleurs Fournisseurs de Jeux de Casino \u25b7 [year]","description":"Voici tous les fournisseurs de jeux de casinos ainsi que les meilleurs bonus disponibles au Canada. \u2714\ufe0f Jouez avec plus sur Netent, Microgaming, etc.","robots":{"index":"index","follow":"follow","max-snippet":"max-snippet:-1","max-image-preview":"max-image-preview:large","max-video-preview":"max-video-preview:-1"},"canonical":"https:\/\/www.bonus.ca\/fr\/casino-en-ligne\/logiciel","og_type":"article","og_title":"Guide des Meilleurs Fournisseurs de Jeux de Casino \u25b7 [year]","og_description":"Voici tous les fournisseurs de jeux de casinos ainsi que les meilleurs bonus disponibles au Canada. \u2714\ufe0f Jouez avec plus sur Netent, Microgaming, etc.","og_url":"https:\/\/www.bonus.ca\/fr\/casino-en-ligne\/logiciel","article_published_time":"2019-11-21T10:21:42+00:00","article_modified_time":"2025-05-21T08:42:17+00:00","og_image":[{"url":"https:\/\/mediafr.bonus.ca\/images\/fournisseurs-de-jeux.jpg","type":"","width":"","height":""}],"twitter_card":"summary_large_image","twitter_misc":{"Est. reading time":"8 minutes"},"schema":{"@context":"https:\/\/schema.org","@graph":[{"@type":"WebPage","@id":"https:\/\/www.bonus.ca\/fr\/casino-en-ligne\/logiciel","url":"https:\/\/www.bonus.ca\/fr\/casino-en-ligne\/logiciel","name":"Guide des Meilleurs Fournisseurs de Jeux de Casino \u25b7 [year]","isPartOf":{"@id":"\/#website"},"primaryImageOfPage":{"@id":"https:\/\/www.bonus.ca\/fr\/casino-en-ligne\/logiciel#primaryimage"},"image":{"@id":"https:\/\/www.bonus.ca\/fr\/casino-en-ligne\/logiciel#primaryimage"},"thumbnailUrl":"https:\/\/www.bonus.ca\/fr\/images\/fournisseurs-de-jeux.jpg","datePublished":"2019-11-21T10:21:42+00:00","dateModified":"2025-05-21T08:42:17+00:00","description":"Voici tous les fournisseurs de jeux de casinos ainsi que les meilleurs bonus disponibles au Canada. \u2714\ufe0f Jouez avec plus sur Netent, Microgaming, etc.","breadcrumb":{"@id":"https:\/\/www.bonus.ca\/fr\/casino-en-ligne\/logiciel#breadcrumb"},"inLanguage":"en-US","potentialAction":[{"@type":"ReadAction","target":["https:\/\/www.bonus.ca\/fr\/casino-en-ligne\/logiciel"]}]},{"@type":"ImageObject","inLanguage":"en-US","@id":"https:\/\/www.bonus.ca\/fr\/casino-en-ligne\/logiciel#primaryimage","url":"","contentUrl":""},{"@type":"BreadcrumbList","@id":"https:\/\/www.bonus.ca\/fr\/casino-en-ligne\/logiciel#breadcrumb","itemListElement":[{"@type":"ListItem","position":1,"name":"Home","item":"https:\/\/www.bonus.ca\/fr\/"},{"@type":"ListItem","position":2,"name":"Casino argent r\u00e9\u00e8l","item":"https:\/\/www.bonus.ca\/fr\/casino-en-ligne"},{"@type":"ListItem","position":3,"name":"Logiciels de Casino"}]},{"@type":"WebSite","@id":"\/#website","url":"\/","name":"BonusFinder Canada (Fran\u00e7ais)","description":"La source de bonus n\u00b0 1 au Canada","potentialAction":[{"@type":"SearchAction","target":{"@type":"EntryPoint","urlTemplate":"\/?s={search_term_string}"},"query-input":{"@type":"PropertyValueSpecification","valueRequired":true,"valueName":"search_term_string"}}],"inLanguage":"en-US"}]}},"_links":{"self":[{"href":"https:\/\/www.bonus.ca\/fr\/wp-json\/wp\/v2\/pages\/8311","targetHints":{"allow":["GET"]}}],"collection":[{"href":"https:\/\/www.bonus.ca\/fr\/wp-json\/wp\/v2\/pages"}],"about":[{"href":"https:\/\/www.bonus.ca\/fr\/wp-json\/wp\/v2\/types\/page"}],"author":[{"embeddable":true,"href":"https:\/\/www.bonus.ca\/fr\/wp-json\/wp\/v2\/users\/123"}],"replies":[{"embeddable":true,"href":"https:\/\/www.bonus.ca\/fr\/wp-json\/wp\/v2\/comments?post=8311"}],"version-history":[{"count":11,"href":"https:\/\/www.bonus.ca\/fr\/wp-json\/wp\/v2\/pages\/8311\/revisions"}],"predecessor-version":[{"id":23760,"href":"https:\/\/www.bonus.ca\/fr\/wp-json\/wp\/v2\/pages\/8311\/revisions\/23760"}],"up":[{"embeddable":true,"href":"https:\/\/www.bonus.ca\/fr\/wp-json\/wp\/v2\/pages\/11032"}],"wp:attachment":[{"href":"https:\/\/www.bonus.ca\/fr\/wp-json\/wp\/v2\/media?parent=8311"}],"curies":[{"name":"wp","href":"https:\/\/api.w.org\/{rel}","templated":true}]}}