{"id":8774,"date":"2019-12-23T06:45:36","date_gmt":"2019-12-23T06:45:36","guid":{"rendered":"https:\/\/www.bonus.ca\/fr\/?page_id=8774"},"modified":"2025-05-21T08:30:47","modified_gmt":"2025-05-21T08:30:47","slug":"blackjack","status":"publish","type":"page","link":"https:\/\/www.bonus.ca\/fr\/casino-en-ligne\/blackjack","title":{"rendered":"Casinos Blackjack Live"},"content":{"rendered":"<h2>Blackjack en Ligne au Canada<\/h2>\n<p>Le blackjack est l&#8217;un des jeux de casino les plus populaires \u00e0 travers le monde. Ce jeu de table est facile \u00e0 comprendre, ce qui rend le tout plus agr\u00e9able. Vous pouvez cr\u00e9er des strat\u00e9gies pour obtenir plus de chance de gagner. Jouer au blackjack live transforme ce jeu classique en jeu interactif dans un <a href=\"https:\/\/www.bonus.ca\/fr\/casino-en-ligne\/le-plus-payant\">casinos payant en ligne<\/a>.<\/p>\n<p>Cela rend donc l&#8217;exp\u00e9rience de jeu beaucoup plus int\u00e9ressante. Vous aurez l&#8217;impression d&#8217;\u00eatre dans un casino r\u00e9el, tout en \u00e9tant comfortablement assis dans votre salon. Plusieurs op\u00e9rateurs offrent des jeux de blackjack en direct, dont Netent et Evolution Gaming. Cela dit, la plupart des <a href=\"https:\/\/www.bonus.ca\/fr\/casino-en-ligne\/live\">casinos offrant des jeux live<\/a> s&#8217;assurent d&#8217;avoir du blackjack.<\/p>\n<p>Lorsque vous jouez au blackjack live, vous \u00eates assur\u00e9s que le jeu est s\u00e9curitaire. Les jeux sont r\u00e9gul\u00e9s et les croupiers en direct interagissent avec les joueurs. Puisque les jeux sont revus et licensi\u00e9s, vous n&#8217;aurez pas de mauvaise surprises. Alors assurez-vous que le casino choisi ait une license de Malta Gaming Authority (MGA) ou de United Kingdom Gambling Commission (UKGC), etc.<\/p>\n<h2>Meilleurs Casinos en Ligne pour Jouer au Blackjack<\/h2>\n<p>La plupart des casinos en ligne offrent des jeux en direct. Nous avons list\u00e9s les meilleurs casinos au Canada qui offrent le blackjack en direct. Ceux-ci sont excellent sur mobile, tablette et ordinateur.<\/p>\n<p>Notez que vous devriez jeter un coup d&#8217;oeil aux termes et conditions lors de votre inscription. Il peut \u00eatre difficile de comprendre les conditions qui viennent avec un bonus, surtout dans les jeux live. Puisque le blackjack offrent un taux de remise au joueur plut\u00f4t grand (RTP), les conditions de bonus peuvent s&#8217;av\u00e9rer diff\u00e9rentes.<\/p>\n<p>Aussi, le blackajck live n&#8217;est pas disponible en mode casino en ligne gratuit car vous ne pourrez pas miser de l&#8217;argent r\u00e9el sur ce type de casino.<\/p>\n<p>Voici les meilleurs casinos offrant du blackjack en direct :<\/p>\n<p>[table_start]<br \/>\n[table_head column-1=&#8217;Sites de Blackjack&#8217; column-2=&#8217;Bonus&#8217;  column-3=&#8217;Jeux de Blackjack&#8217;]<br \/>\n[table_row column-1=&#8217;Leovegas&#8217; column-2=&#8217;500$ en bonus casino live&#8217; column-3=&#8217;77&#8217;]<br \/>\n[table_row column-1=&#8217;Rizk&#8217; column-2=&#8217;100$ en bonus casino live&#8217; column-3=&#8217;22&#8217;]<br \/>\n[table_row column-1=&#8217;Mr Green Casino&#8217; column-2=&#8217;100$ en bonus casino live&#8217; column-3=&#8217;13&#8217;]<br \/>\n[table_row column-1=&#8217;888Casino&#8217; column-2=&#8217;88$ en jeux gratuits&#8217; column-3=&#8217;5&#8242;]<br \/>\n[table_row column-1=&#8217;Jackpot City&#8217; column-2=&#8217;1600$ en bonus&#8217; column-3=&#8217;31&#8217;]<br \/>\n[table_row column-1=&#8217;PlayAmo&#8217; column-2=&#8217;1500$ en bonus&#8217; column-3=&#8217;85&#8217;]<br \/>\n[table_row column-1=&#8217;Betway Casino&#8217; column-2=&#8217;1000$ en bonus&#8217; column-3=&#8217;68&#8217;]<br \/>\n[table_row column-1=&#8217;William Hill Casino&#8217; column-2=&#8217;300$ en bonus&#8217; column-3=&#8217;14&#8217;]<br \/>\n[table_row column-1=&#8217;Wildz Casino&#8217; column-2=&#8217;500$ en bonus&#8217; column-3=&#8217;35&#8217;]<br \/>\n[table_row column-1=&#8217;Guts Casino&#8217; column-2=&#8217;500$ en bonus&#8217; column-3=&#8217;5&#8242;]<br \/>\n[table_end]<\/p>\n<p>Il existe plusieurs alternatives quand vient le temps de jouer au blackjack. Vous pourriez trouver plusieurs versions de blackjack ainsi que diff\u00e9rentes options de mise. Par exemple, le Casino William Hill offrent des jeux en direct \u00e0 grosses mises.<\/p>\n<div id=\"attachment_8777\" style=\"width: 1210px\" class=\"wp-caption alignnone\"><img loading=\"lazy\" decoding=\"async\" aria-describedby=\"caption-attachment-8777\" src=\"https:\/\/www.bonus.ca\/fr\/images\/live-blackjack-casinos.png\" alt=\"live blackjack leovegas\" width=\"1200\" height=\"500\" class=\"size-full wp-image-8777\" \/><p id=\"caption-attachment-8777\" class=\"wp-caption-text\">Voici quelques versions de blackjack disponibles au Casino LeoVegas.<\/p><\/div>\n<h3>Bonus sur le Blackjack Live<\/h3>\n<p>Le blackjack a un grand taux de remise au joueur (RTP). En effet, si on le compare aux autres jeux de casino, son taux est \u00e9norme. C&#8217;est pourquoi vous ne trouverez pas beaucoup de bonus exclusif au blackjack. Ce ne serait pas bon pour les propri\u00e9taires de casinos. Cela explique pourquoi la plupart des casinos pr\u00e9f\u00e8rent donner des bonus sur les jeux de machines \u00e0 sous.<\/p>\n<p>Les r\u00e8gles du blackjack incluent des mises. Puisque les bonus sont li\u00e9s \u00e0 des jeux sp\u00e9cifiques, assurez-vous que le blackjack est un jeu accept\u00e9 avant de faire un d\u00e9p\u00f4t. Vous pourrez en savoir plus sur les limites d&#8217;un bonus dans nos avis d\u00e9taill\u00e9s sur chacun des casinos.<\/p>\n<h2>Faits Divers sur le Blackjack en Ligne &#038; House Egde<\/h2>\n<p>Le blackjack suit des r\u00e8gles de jeux assez simple. C&#8217;est pourquoi plusieurs joueurs adorent ce jeu de cartes. Au blackjack, vous jouez contre le croupier, et non pas contre les autres joueurs. L&#8217;objectif principal est d&#8217;obtenir une main pr\u00e8s de 21 (mais pas au dessus de 21). Si vous allez au dessus, vous perdez.<\/p>\n<p>Vous devez additionner la valeur de vos cartes. Les as valent 1 ou 11 points, les cartes avec visages valent 10 points, les cartes avec num\u00e9ros valent le nombre indiqu\u00e9 sur la carte.<\/p>\n<p>Voici les faits \u00e0 savoir sur le blackjack:<\/p>\n<p>[table_start]<br \/>\n[table_head column-1=&#8217;Fournissseur de jeux&#8217; column-2=&#8217;Evolution Gaming&#8217;]<br \/>\n[table_row column-1=&#8217;Nom Officiel&#8217; column-2=&#8217;Infinite Blackjack&#8217;]<br \/>\n[table_row column-1=&#8217;RTP&#8217; column-2=&#8217;99.47% (bas\u00e9 sur la 1\u00e8re main)&#8217;]<br \/>\n[table_row column-1=&#8217;Mise minimale&#8217; column-2=&#8217;1$&#8217;]<br \/>\n[table_row column-1=&#8217;Mise maximale&#8217; column-2=&#8217;10,000$&#8217;]<br \/>\n[table_row column-1=&#8217;Mise sp\u00e9ciale&#8217; column-2=&#8217;Side bets, Bet behind&#8217;]<br \/>\n[table_row column-1=&#8217;Compatabilit\u00e9&#8217; column-2= &#8220;Ordinateur, Mobile, Tablette&#8221;]<br \/>\n[table_row column-1=&#8217;Croupier en direct&#8217; column-2=&#8217;Un&#8217;]<br \/>\n[table_row column-1=&#8217;Clavardage en direct&#8217; column-2=&#8217;Oui&#8217;]<br \/>\n[table_row column-1=&#8217;Jeu disponible&#8217; column-2=&#8221;24\/7&#8243;]<br \/>\n[table_end]<\/p>\n<p>Il y a plusieurs version de blackjack live comme le Blackjack Party, Blackjack VIP et Salon Priv\u00e9 Blackjack &#8211; ils ont tous un RTP \u00e0 99.28%.<\/p>\n<p>Similaire aux autres jeux de casino, le blackjack a \u00e9galement un house edge. Cela veut dire que le casino a l&#8217;avantage &#8211; il peut donc y avoir de petites variations entre un casino en ligne et un casino en direct.<\/p>\n<h3>Versions de Blackjack<\/h3>\n<p>La plupart des casinos en ligne ont plus d&#8217;une version de blackjack. Le nombre peut changer d&#8217;un casino \u00e0 l&#8217;autre puisqu&#8217;il y a plusieurs fournisseurs de jeux offrant du blackjack en direct.<\/p>\n<p>Voici les versions de blackjack les plus populaires en ce moment:<\/p>\n<p>[table_start]<br \/>\n[table_head column-1=&#8217;Versions Live Blackjack&#8217; column-2=&#8217;Information sur le jeu&#8217;]<br \/>\n[table_row column-1=&#8217;Spanish 21&#8242; column-2=&#8221;Version lib\u00e9rale du jeu. Les joueurs peuvent doubler un nombre de cartes comme bon leur semble. Le blackjack est toujours gagnant. Toutefois, il n&#8217;y a pas de cartes \u00e0 visage dans le jeu.&#8221;]<br \/>\n[table_row column-1=&#8217;21st Century Blackjack&#8217; column-2=&#8217;Aussi connu sous le nom de Vegas Style Blackjack. Dans cette version, le joueur qui d\u00e9passe le 21 ne perd pas n\u00e9c\u00e9ssairement. D\u00e9pendemment du casino, le joueur peut aussi amener le croupier \u00e0 d\u00e9passer. Notex que le croupier aura \u00e0 d\u00e9passer avec un plus grand total pour remettre une mise.&#8217;]<br \/>\n[table_row column-1=&#8217;Double Exposure Blackjack&#8217; column-2=&#8217;Cette version commence avec deux cartes non cach\u00e9es. Toutefois, le blackjack vous paie 1:1 et le joueur perd si le match est nul.&#8217;]<br \/>\n[table_row column-1=&#8217;Double Attack Blackjack&#8217; column-2=&#8217;Cette version est tr\u00e8s lib\u00e9rale. Vous pouvez augmenter vos mise apr\u00e8s avoir vu votre premi\u00e8re carte. Notez que le blackjack paie 1:1.&#8217;]<br \/>\n[table_row column-1=&#8217;Blackjack Switch&#8217; column-2=&#8217;Ce jeu se fait en deux mains, et les deuxi\u00e8emes cartes peuvent \u00eatre interchang\u00e9es. Le blackjack paie 1:1 et le croupier peut pousser \u00e0 22.&#8217;]<br \/>\n[table_row column-1=&#8217;Super Fun 21&#8242; column-2=&#8221;Cette version permet aux joueurs de diviser les mains jusqu&#8217;\u00e0 4 fois. Si le joueur a 6 cartes totalisant 20, il gagne. Les gains sont \u00e0 1:1.&#8221;]<br \/>\n[table_end]<\/p>\n<p><strong>Strat\u00e9gies Blackjack<\/strong><\/p>\n<p>D\u00e9pendemment de la version choisie, les strat\u00e9gies blackjack peuvent changer. Cela dit, les gains peuvent \u00e9galement diff\u00e9rer selon la version choisie.<\/p>\n<p>Il y a une bonne raison pour laquelle les gros joueurs pr\u00e9f\u00e8rent les jeux en direct quand vient le temps de jouer au blackjack, au <a href=\"https:\/\/www.bonus.ca\/fr\/casino-en-ligne\/baccara\">baccara live<\/a>, au Monopoly ou \u00e0 la <a href=\"https:\/\/www.bonus.ca\/fr\/casino-en-ligne\/roulette\">roulette live<\/a>. En effet, ces jeux sont op\u00e9r\u00e9s par les fournisseurs et non pas par le casino en ligne chosii. Cela veut donc dire que vous aurez une exp\u00e9rience de jeu r\u00e9elle.<\/p>\n<h2>Meilleur Casino Canadien pour Jouer au Blackjack Live<\/h2>\n<p>Il y a plusieurs casinos en ligne canadiens qui m\u00e9ritent ce titre, mais si nous devons se limiter \u00e0 un choix, nous choisissons <a href=\"https:\/\/www.bonus.ca\/fr\/leovegas\">LeoVegas<\/a>. Avec leur bonus de 500$ sur les jeux en direct, c&#8217;est assez difficile \u00e0 battre. De plus, LeoVegas offre plusieurs jeux en direct dont:<\/p>\n<ul>\n<li>Lightning roulette<\/li>\n<li>Football Studio<\/li>\n<li>Live Dream Catcher<\/li>\n<li>Video Poker<\/li>\n<li>Caribbean Stud Poker<\/li>\n<\/ul>\n<p>De nos jours, les casinos en ligne sont excellent sur mobile, alors vous n&#8217;aurez pas besoin de t\u00e9l\u00e9charger une application pour jouer depuis votre t\u00e9l\u00e9phone. Vous pourrez avoir du plaisir en tout temps. LeoVegas, un casino en ligne populaire parmi les Canadiens, vous offre un site parfait que ce soit sur votre t\u00e9l\u00e9phone ou sur votre ordinateur.<\/p>\n<p>De plus, vous pouvez m\u00eame jouer contre le croupier en direct tout en joignant d&#8217;autres joueurs. Vous aurez l&#8217;impression d&#8217;\u00eatre \u00e0 l&#8217;ext\u00e9rieur de chez vous!<\/p>\n","protected":false},"excerpt":{"rendered":"<p>Blackjack en Ligne au Canada Le blackjack est l&#8217;un des jeux de casino les plus populaires \u00e0 travers le monde. Ce jeu de table est facile \u00e0 comprendre, ce qui rend le tout plus agr\u00e9able. Vous pouvez cr\u00e9er des strat\u00e9gies pour obtenir plus de chance de gagner. Jouer au blackjack live transforme ce jeu classique [&hellip;]<\/p>\n","protected":false},"author":123,"featured_media":0,"parent":11032,"menu_order":0,"comment_status":"closed","ping_status":"closed","template":"","meta":{"inline_featured_image":false,"_glsr_average":0,"_glsr_ranking":0,"_glsr_reviews":0,"footnotes":""},"class_list":["post-8774","page","type-page","status-publish","hentry"],"yoast_head":"<!-- This site is optimized with the Yoast SEO plugin v27.4 - https:\/\/yoast.com\/product\/yoast-seo-wordpress\/ -->\n<title>Blackjack en Ligne \ud83c\udf96\ufe0f Jouez au Blackjack en Ligne | 2026<\/title>\n<meta name=\"description\" content=\"Liste des meilleurs casinos en ligne pour jouer au blackjack en ligne.\u2714\ufe0f Consultez notre liste de casinos offrant des bonus sur le blackjack.\" \/>\n<meta name=\"robots\" content=\"index, follow, max-snippet:-1, max-image-preview:large, max-video-preview:-1\" \/>\n<link rel=\"canonical\" href=\"https:\/\/www.bonus.ca\/fr\/casino-en-ligne\/blackjack\" \/>\n<meta property=\"og:type\" content=\"article\" \/>\n<meta property=\"og:title\" content=\"Blackjack en Ligne \ud83c\udf96\ufe0f Jouez au Blackjack en Ligne | 2026\" \/>\n<meta property=\"og:description\" content=\"Liste des meilleurs casinos en ligne pour jouer au blackjack en ligne.\u2714\ufe0f Consultez notre liste de casinos offrant des bonus sur le blackjack.\" \/>\n<meta property=\"og:url\" content=\"https:\/\/www.bonus.ca\/fr\/casino-en-ligne\/blackjack\" \/>\n<meta property=\"article:published_time\" content=\"2019-12-23T06:45:36+00:00\" \/>\n<meta property=\"article:modified_time\" content=\"2025-05-21T08:30:47+00:00\" \/>\n<meta name=\"twitter:card\" content=\"summary_large_image\" \/>\n<meta name=\"twitter:label1\" content=\"Est. reading time\" \/>\n\t<meta name=\"twitter:data1\" content=\"6 minutes\" \/>\n<!-- \/ Yoast SEO plugin. -->","yoast_head_json":{"title":"Blackjack en Ligne \ud83c\udf96\ufe0f Jouez au Blackjack en Ligne | 2026","description":"Liste des meilleurs casinos en ligne pour jouer au blackjack en ligne.\u2714\ufe0f Consultez notre liste de casinos offrant des bonus sur le blackjack.","robots":{"index":"index","follow":"follow","max-snippet":"max-snippet:-1","max-image-preview":"max-image-preview:large","max-video-preview":"max-video-preview:-1"},"canonical":"https:\/\/www.bonus.ca\/fr\/casino-en-ligne\/blackjack","og_type":"article","og_title":"Blackjack en Ligne \ud83c\udf96\ufe0f Jouez au Blackjack en Ligne | 2026","og_description":"Liste des meilleurs casinos en ligne pour jouer au blackjack en ligne.\u2714\ufe0f Consultez notre liste de casinos offrant des bonus sur le blackjack.","og_url":"https:\/\/www.bonus.ca\/fr\/casino-en-ligne\/blackjack","article_published_time":"2019-12-23T06:45:36+00:00","article_modified_time":"2025-05-21T08:30:47+00:00","twitter_card":"summary_large_image","twitter_misc":{"Est. reading time":"6 minutes"},"schema":{"@context":"https:\/\/schema.org","@graph":[{"@type":"WebPage","@id":"https:\/\/www.bonus.ca\/fr\/casino-en-ligne\/blackjack","url":"https:\/\/www.bonus.ca\/fr\/casino-en-ligne\/blackjack","name":"Blackjack en Ligne \ud83c\udf96\ufe0f Jouez au Blackjack en Ligne | 2026","isPartOf":{"@id":"https:\/\/www.bonus.ca\/fr\/#website"},"primaryImageOfPage":{"@id":"https:\/\/www.bonus.ca\/fr\/casino-en-ligne\/blackjack#primaryimage"},"image":{"@id":"https:\/\/www.bonus.ca\/fr\/casino-en-ligne\/blackjack#primaryimage"},"thumbnailUrl":"https:\/\/www.bonus.ca\/fr\/images\/live-blackjack-casinos.png","datePublished":"2019-12-23T06:45:36+00:00","dateModified":"2025-05-21T08:30:47+00:00","description":"Liste des meilleurs casinos en ligne pour jouer au blackjack en ligne.\u2714\ufe0f Consultez notre liste de casinos offrant des bonus sur le blackjack.","breadcrumb":{"@id":"https:\/\/www.bonus.ca\/fr\/casino-en-ligne\/blackjack#breadcrumb"},"inLanguage":"en-US","potentialAction":[{"@type":"ReadAction","target":["https:\/\/www.bonus.ca\/fr\/casino-en-ligne\/blackjack"]}]},{"@type":"ImageObject","inLanguage":"en-US","@id":"https:\/\/www.bonus.ca\/fr\/casino-en-ligne\/blackjack#primaryimage","url":"","contentUrl":""},{"@type":"BreadcrumbList","@id":"https:\/\/www.bonus.ca\/fr\/casino-en-ligne\/blackjack#breadcrumb","itemListElement":[{"@type":"ListItem","position":1,"name":"Home","item":"https:\/\/www.bonus.ca\/fr\/"},{"@type":"ListItem","position":2,"name":"Casino argent r\u00e9\u00e8l","item":"https:\/\/www.bonus.ca\/fr\/casino-en-ligne"},{"@type":"ListItem","position":3,"name":"Casinos Blackjack Live"}]},{"@type":"WebSite","@id":"https:\/\/www.bonus.ca\/fr\/#website","url":"https:\/\/www.bonus.ca\/fr\/","name":"BonusFinder Canada (Fran\u00e7ais)","description":"La source de bonus n\u00b0 1 au Canada","potentialAction":[{"@type":"SearchAction","target":{"@type":"EntryPoint","urlTemplate":"https:\/\/www.bonus.ca\/fr\/?s={search_term_string}"},"query-input":{"@type":"PropertyValueSpecification","valueRequired":true,"valueName":"search_term_string"}}],"inLanguage":"en-US"}]}},"_links":{"self":[{"href":"https:\/\/www.bonus.ca\/fr\/wp-json\/wp\/v2\/pages\/8774","targetHints":{"allow":["GET"]}}],"collection":[{"href":"https:\/\/www.bonus.ca\/fr\/wp-json\/wp\/v2\/pages"}],"about":[{"href":"https:\/\/www.bonus.ca\/fr\/wp-json\/wp\/v2\/types\/page"}],"author":[{"embeddable":true,"href":"https:\/\/www.bonus.ca\/fr\/wp-json\/wp\/v2\/users\/123"}],"replies":[{"embeddable":true,"href":"https:\/\/www.bonus.ca\/fr\/wp-json\/wp\/v2\/comments?post=8774"}],"version-history":[{"count":11,"href":"https:\/\/www.bonus.ca\/fr\/wp-json\/wp\/v2\/pages\/8774\/revisions"}],"predecessor-version":[{"id":24108,"href":"https:\/\/www.bonus.ca\/fr\/wp-json\/wp\/v2\/pages\/8774\/revisions\/24108"}],"up":[{"embeddable":true,"href":"https:\/\/www.bonus.ca\/fr\/wp-json\/wp\/v2\/pages\/11032"}],"wp:attachment":[{"href":"https:\/\/www.bonus.ca\/fr\/wp-json\/wp\/v2\/media?parent=8774"}],"curies":[{"name":"wp","href":"https:\/\/api.w.org\/{rel}","templated":true}]}}