{"id":8874,"date":"2020-01-02T04:23:14","date_gmt":"2020-01-02T04:23:14","guid":{"rendered":"https:\/\/www.bonus.ca\/fr\/?page_id=8874"},"modified":"2025-05-21T08:47:49","modified_gmt":"2025-05-21T08:47:49","slug":"baccara","status":"publish","type":"page","link":"https:\/\/www.bonus.ca\/fr\/casino-en-ligne\/baccara","title":{"rendered":"Casinos Baccara Live"},"content":{"rendered":"<h2>Sites de Casino Offrant du Baccara<\/h2>\n<p>Le baccara est un jeu de carte assez simple et facile \u00e0 comprendre. Avec la possibilit\u00e9 de jouer sur chaqun <a href=\"https:\/\/www.bonus.ca\/fr\/\">casino en ligne au canada<\/a>, le bacarra est devenu l&#8217;un des jeux de cartes les plus populaires en ligne. <\/p>\n<p>De nos jours, les casinos en ligne offrent une version de baccara en direct, ce qui rend l&#8217;exp\u00e9rience de jeu plus r\u00e9aliste et plus facile. En effet, vous pouvez jouer au baccara live depuis votre sofa.<\/p>\n<p>Le baccara en ligne vous offre une tonne d&#8217;options. Non seulement vous pourrez jouer \u00e0 plusieurs versions de baccara, mais vous pourrez \u00e9galement essayer diff\u00e9rentes &#8220;twists&#8221; du jeu et celles-ci sont disponibles seulement en ligne.<\/p>\n<p>Si le casino choisi vous offre une version mobile de qualit\u00e9, vous aurez une bonne exp\u00e9rience virtuelle peu importe l&#8217;endroit. Cela rend donc le jeu plus int\u00e9ressant, mais aussi plus facile. Si vous obtenez un bonus en plus, vous ne pourrez pas vous plaindre! Le baccara est l&#8217;un des jeux live les plus populaires. Normalement, un bon casino live devrait offrir une vari\u00e9t\u00e9 de jeux de <a href=\"https:\/\/www.bonus.ca\/fr\/casino-en-ligne\/roulette\">roulette<\/a>, de <a href=\"https:\/\/www.bonus.ca\/fr\/casino-en-ligne\/blackjack\">blackjack<\/a> et de Monopoly en plus des jeux de baccara.<\/p>\n<h2>Logiciels Offrant du Baccara Live<\/h2>\n<p>Il n&#8217;y a seulement que quelques fournisseurs de jeux offrant des jeux en direct. Le plus important est Evolution Gaming. Il offre des jeux en direct de qualit\u00e9 et a cr\u00e9\u00e9 plusieurs versions pour chacun de ses jeux avec des r\u00e8gles et des remises en argent diff\u00e9rents.<\/p>\n<p>Voici quelques faits int\u00e9ressants sur le baccara live:<\/p>\n<p>[table_start]<br \/>\n[table_head column-1=&#8217;Fournisseur de jeux&#8217; column-2=&#8217;Evolution Gaming&#8217;]<br \/>\n[table_row column-1=&#8217;Nom Officiel&#8217; column-2=&#8217;Evolution Gaming Speed Baccarat&#8217;]<br \/>\n[table_row column-1=&#8217;RTP&#8217; column-2=&#8217;98.94% (peut varier)&#8217;]<br \/>\n[table_row column-1=&#8217;Mise minimale&#8217; column-2=&#8217;1$&#8217;]<br \/>\n[table_row column-1=&#8217;Mise maximale&#8217; column-2=&#8217;15,000$&#8217;]<br \/>\n[table_row column-1=&#8217;Mise sp\u00e9ciale&#8217; column-2=&#8217;Side bets, bonus bets&#8217;]<br \/>\n[table_row column-1=&#8217;Autoplay&#8217; column-2=&#8217;Non&#8217;]<br \/>\n[table_row column-1=&#8217;Compatibilit\u00e9&#8217; column-2=&#8221;Ordinateur, Mobile, Tablette&#8221;]<br \/>\n[table_row column-1=&#8217;Croupier live&#8217; column-2=&#8221;Un&#8221;]<br \/>\n[table_row column-1=&#8217;Clavardage en direct&#8217; column-2=&#8217;Oui&#8217;]<br \/>\n[table_row column-1=&#8217;Jeu disponible&#8217; column-2=&#8217;24\/7&#8242;]<br \/>\n[table_end]<\/p>\n<p><strong>Voici les meilleurs fournisseurs de jeux de baccara live:<\/strong><\/p>\n<ul>\n<li>Authentic Gaming<\/li>\n<li>Asia Gaming<\/li>\n<li>Ezugi<\/li>\n<li>Extreme Live Gaming<\/li>\n<li>HoGaming<\/li>\n<li>Lucky Streak<\/li>\n<li>Microgaming<\/li>\n<li>NetEnt<\/li>\n<li>Playtech<\/li>\n<li>Visionary iGaming<\/li>\n<\/ul>\n<h2>Meilleurs Sites de Baccara Live au Canada<\/h2>\n<p>Il y a un bon nombre de <a href=\"https:\/\/www.bonus.ca\/fr\/casino-en-ligne\/live\">casinos ofrant des jeux live<\/a> au Canada. Cela rend donc le choix plus difficile. Pour vous aider, nous avons s\u00e9lectionner les meilleurs casinos offrant du baccara live. Nous listons les casinos qui offrent la devise canadienne et qui sont faciles \u00e0 utiliser.<\/p>\n<p>Chaque casino a son propre bonus et se spropres jeux. Choisir le meilleur casino en fonction de vos habitudes de jeu peut \u00eatre difficile. Souvenez-vous que le baccara est un jeu amusant alors, assurez-vous de choisir un casino qui offre une exp\u00e9rience de jeu de qualit\u00e9. <\/p>\n<p><strong>Voici les meilleurs casinos pour jouer au baccara live.<\/strong><\/p>\n<ul>\n<li>Leovegas<\/li>\n<li>Party Casino<\/li>\n<li>Jackpot City<\/li>\n<li>Rizk<\/li>\n<li>Unibet<\/li>\n<li>Wildz<\/li>\n<li>Mr Green<\/li>\n<li>Betway<\/li>\n<li>888<\/li>\n<li>Lucky Days<\/li>\n<\/ul>\n<h2>Baccara Live en Ligne<\/h2>\n<p>Le baccara live en ligne suit les m\u00eame r\u00e8gles que le baccara r\u00e9el. La version en ligne vous permet d&#8217;exp\u00e9rimenter le m\u00eame plaisir que si vous \u00e9tiez dans un vrai casino. Toutefois, vous n&#8217;aurez pas besoin de vous d\u00e9placer pour avoir du plaisir.<\/p>\n<p>Les jeux de baccara live sont diffus\u00e9s depuis un studio en version haute d\u00e9finition. Vous y verrez de vrai croupiers et dealers, ce qui rend le tout plus r\u00e9el. Peu importe la version de baccara que vous choisirrez, vous aurez une bonne exp\u00e9rience de jeu.<\/p>\n<p>Alors que les jeux en ligne sont un peu moins humains puisqu&#8217;il y a moins d&#8217;int\u00e9raction, le baccara live vous permet d&#8217;avoir des interractions via le clavardage en direct. De plus, vous aurez l&#8217;impression d&#8217;\u00eatre dans un casino tout en restant dans le comfort de votre foyer.<\/p>\n<p>Voici les meilleurs casinos en ligne offrant du baccara en ligne:<\/p>\n<p>[table_start]<br \/>\n[table_head column-1=&#8217;Casino&#8217; column-2=&#8217;Jeu baccara populaire&#8217; column-3=&#8217;RTP&#8217;]<br \/>\n[table_row column-1=&#8217;Leovegas&#8217; column-2=&#8217;No Comission Baccarat&#8217; column-3=&#8217;98.94%&#8217;]<br \/>\n[table_row column-1=&#8217;Party Casino&#8217; column-2=&#8217;Speed Baccarat&#8217; column-3=&#8217;98.94%&#8217;]<br \/>\n[table_row column-1=&#8217;Jackpot City Casino&#8217; column-2=&#8217;Speed Baccarat&#8217; column-3=&#8217;98.94%&#8217;]<br \/>\n[table_row column-1=&#8217;Wildz Casino&#8217; column-2=&#8217;Baccarat Squeeze&#8217; column-3=&#8217;98.94%&#8217;]<br \/>\n[table_row column-1=&#8217;Rizk Casino&#8217; column-2=&#8217;Baccarat Squeeze&#8217; column-3=&#8217;98.94%&#8217;]<br \/>\n[table_row column-1=&#8217;Mr Green&#8217; column-2=&#8217;Speed Baccarat&#8217; column-3=&#8217;98.94%&#8217;]<br \/>\n[table_end]<\/p>\n<div id=\"attachment_8877\" style=\"width: 1034px\" class=\"wp-caption alignnone\"><img loading=\"lazy\" decoding=\"async\" aria-describedby=\"caption-attachment-8877\" src=\"https:\/\/www.bonus.ca\/fr\/images\/live-baccarat-casino-sites-1024x769-1.png\" alt=\"baccara live\" width=\"1200\" height=\"901\" class=\"size-full wp-image-8877\" \/><p id=\"caption-attachment-8877\" class=\"wp-caption-text\">Voici un aper\u00e7u du casino live Leovegas. Vous pouvez y voir les versions de baccara disponibles pour les joueurs canadiens.<\/p><\/div>\n<h3>Versions de Baccara Live<\/h3>\n<p>Evolution Gaming a mis la barre haute avec ses jeux de baccara live. Ce fournisseur a cr\u00e9\u00e9 plusieurs versions du jeux incluant des mises sp\u00e9ciales, des chances de &#8220;squeezer&#8221; vos cartes pour une exp\u00e9rience de jeu en ligne de qualit\u00e9. Vous pourriez m\u00eame dire que le <a href=\"https:\/\/www.evolution.com\/games\/live-baccarat\/\" rel=\"noopener noreferrer\" target=\"_blank\">baccara d&#8217;Evolutiong Gaming<\/a> est meilleur que les versions trouv\u00e9es dans un vrai casino.<\/p>\n<p>Voici la liste des jeux de baccara cr\u00e9\u00e9s par Evolution Gaming:<\/p>\n<ul>\n<li><strong>Multi-Camera Baccarat<\/strong><br \/>\nLa cam\u00e9ra change ses angles de fa\u00e7on constante pour ajouter une touche dramatique.<\/li>\n<li><strong>Live Baccarat Squueze<\/strong><br \/>\nVous pouvez &#8220;squeezer&#8221; vos cartes pendant que plus de 15 cam\u00e9ras capturent le tout. Le croupier va donc r\u00e9v\u00e9ler la main avec le moins de potentiel tout en vous faisant suer, ha!<\/li>\n<li><strong>Live Baccarat Control Squeeze<\/strong><br \/>\nDans cette version, vous pouvez cont\u00f4ler la fonction &#8220;squeeze&#8221; par vous-m\u00eame. Les figures sont obscures avec des filtres optiques. Tout ce que vous devez faire est de tapper sur le coin de la carte pour enlever le filtre et r\u00e9v\u00e9ler la valeur de la carte. Cette version est unique, chaque joueur peut pratiquer un squeeze sans avoir besoin de miser!<\/li>\n<li><strong>Live Speed Baccarat<\/strong><br \/>\nCette version est parfaite pour ceux qui veulent miser gros tout en jouant de fa\u00e7on rapide. Cette version ultra rapide est une alternative au jeu standard.<\/li>\n<\/ul>\n<p>D&#8217;autres versions de baccara sont disponibles comme Choice of Roads et Pair Side Bets. Vous pouvez aussi miser un side bets qui offrent des chances de 200 pour 1 (pour Perfect Pair, deux paires). Nous vous sugg\u00e9rons d&#8217;apprendre le jeu standard avant d&#8217;ajouter des mises suppl\u00e9mentaires.<\/p>\n<div id=\"attachment_8878\" style=\"width: 1034px\" class=\"wp-caption alignnone\"><img loading=\"lazy\" decoding=\"async\" aria-describedby=\"caption-attachment-8878\" src=\"https:\/\/www.bonus.ca\/fr\/images\/live-baccarat-online-canada-1024x323-1.png\" alt=\"croupier au baccara live\" width=\"1200\" height=\"378\" class=\"size-full wp-image-8878\" \/><p id=\"caption-attachment-8878\" class=\"wp-caption-text\">Vous pouvez avoir des interractions avec votre croupier en direct pendant votre partie de baccara.<\/p><\/div>\n<h3>Bonus sur le Baccara Live<\/h3>\n<p>Malheureusement, la majorit\u00e9 des casinos n&#8217;offrent pas de <a href=\"https:\/\/www.bonus.ca\/fr\/casino-bonus\">bonus casino en ligne<\/a> sur le baccara puisque le retour au joueur (RTP) est trop \u00e9lev\u00e9. A 1.06% pour la main du banquier et \u00e0 1.24% pour la main du joueur, le house edge est plut\u00f4t bas.<\/p>\n<p>Les casinos en ligne donnent normalement des remises en argent sur vos mises que vous pourrez utiliser en argent bonus. Celui-ci peut \u00eatre utilis\u00e9 sur les jeux de baccara. Notez que vous pourrez rarement trouver des bonus sur le baccara. Alors, assurez-vous de conna\u00eetre les conditions sur les jeux avant d&#8217;utiliser un bonus. Les termes et conditions peuvent varier d&#8217;un casino \u00e0 l&#8217;autre, alors ne prenez pas de chance et lisez les petits caract\u00e8res d&#8217;abord.<\/p>\n<h3>R\u00e8gles du Baccara<\/h3>\n<p>Le baccara live fonctionne \u00e9galement de la m\u00eame fa\u00e7on que le baccara traditionnel. Le but du jeu est d&#8217;arriver le plus proche possible du 9 pour battre la main du banquier. Le jeu se joue avec 8 jeux de cartes contenant 52 cartes chacun et chaque main se joue avec une mise.<\/p>\n<p>Ce qui est int\u00e9ressant est que vous pouvez \u00e9galement parier sur la main du dealer! C&#8217;est assez rare alors nous avions besoin de tester cette feature sp\u00e9ciale. \u00c7a prend du temps pour s&#8217;y habituer, mais le but est de gagner le plus de mise possibles.<\/p>\n<p>M\u00eame si le baccara est plut\u00f4t facile \u00e0 comprendre, il existe plusieurs types de mise et de payout. C&#8217;est pourquoi, il est important de choisir un casino live qui vous offre de gros paiements. D&#8217;ailleurs, nous avons entendu des rumeurs comme quoi, il pourrait y avoir un jeu de baccara \u00e0 gros lot progressif dans le futur.<\/p>\n<h3>Banquier VS Joueur<\/h3>\n<p>La main du banquier gagne 45.8% des parties au baccara. C&#8217;est un peu plus que la main du joueur \u00e0 44.6%. Une partie nulle arrive \u00e0 9.6% du temps.<\/p>\n<p>Quand la partie est nulle, la main du banquier gagnera \u00e0 51% du temps. Ce petit pourcentage peut sembler petit, mais cela veut dire que la chance de gagner est plus grande que lorsqu&#8217;on flippe une pi\u00e8ce de monnaie. C&#8217;est pourquoi les joueurs pr\u00e9f\u00e8rent choisir la main du banquier. Apr\u00e8s tout, ce jeu est un jeu de chance, mais parfois vous pouvez y d\u00e9velopper des strat\u00e9gies gagnantes.<\/p>\n<h3>Termes &#038; Conditions<\/h3>\n<p>Vous devriez garder en t\u00eate que les bonus de casino ainsi que les bonus sur les jeux en direct fonctionnent de fa\u00e7on diff\u00e9rente. Les bonus de casino vous remettent une \u00e9quivalence \u00e0 pourcentage, alors que les bonus sur les jeux en direct vous offre des remises en argents. En g\u00e9n\u00e9ral, on parle ici d&#8217;un pourcentage de remise sur vos pertes.<\/p>\n<p>Les bonus viennent toujours avec un bon nombre de terme et condition, surtout sur les mises. Comprendre les conditions de mise est une \u00e9tape important si vous d\u00e9sirez \u00eatre capable de jouer en utilisant votre argent bonus.<\/p>\n<p>Par exemple, si les conditions vous demande de remiser vos gains 10x, vous devrez miser jusqu&#8217;\u00e0 1000$ pour \u00eatre en mesure de recevoir vos gains sur vos bonus avec un d\u00e9p\u00f4t de 100$.<\/p>\n<h2>M\u00e9thodes Bancaires Accept\u00e9es dans les Casinos Baccara Live<\/h2>\n<p>Si vous vous demandez comment faire un d\u00e9p\u00f4t dans un casino en ligne, c&#8217;est simple. Vous devez d&#8217;abord cr\u00e9er un compte que vous devrez valider plus tard. Ensuite, vous choisissez une option de paiement. Choisissez un casino qui offre plusieurs m\u00e9thodes bancaires (les cartes de d\u00e9bit\/cr\u00e9dit majeures, les portefeuilles \u00e9lectroniques).<\/p>\n<p>La plupart des casino explique le processus de paiement ainsi que les frais associ\u00e9s quand c&#8217;est le cas. De nos jours, la majorit\u00e9 des d\u00e9p\u00f4t se font de fa\u00e7on instantann\u00e9e, alors vous serez en mesure de jouer rapidement suite \u00e0 votre d\u00e9p\u00f4t.<\/p>\n<p>Suivez ces \u00e9tapes faciles:<\/p>\n<ol>\n<li>Connectez-vous sur votre compte<\/li>\n<li>Choisissez une m\u00e9thode bancaire<\/li>\n<li>Choisissez le montant du d\u00e9p\u00f4t ainsi qu&#8217;une devise<\/li>\n<li>Attendez que le d\u00e9p\u00f4t soit trait\u00e9<\/li>\n<li>Choisissez une version de baccara et jouez!<\/li>\n<\/ol>\n","protected":false},"excerpt":{"rendered":"<p>Sites de Casino Offrant du Baccara Le baccara est un jeu de carte assez simple et facile \u00e0 comprendre. Avec la possibilit\u00e9 de jouer sur chaqun casino en ligne au canada, le bacarra est devenu l&#8217;un des jeux de cartes les plus populaires en ligne. De nos jours, les casinos en ligne offrent une version [&hellip;]<\/p>\n","protected":false},"author":123,"featured_media":0,"parent":11032,"menu_order":0,"comment_status":"closed","ping_status":"closed","template":"","meta":{"inline_featured_image":false,"_glsr_average":0,"_glsr_ranking":0,"_glsr_reviews":0,"footnotes":""},"class_list":["post-8874","page","type-page","status-publish","hentry"],"yoast_head":"<!-- This site is optimized with the Yoast SEO plugin v27.5 - https:\/\/yoast.com\/product\/yoast-seo-wordpress\/ -->\n<title>Casino Baccara en Ligne et Live au Canada \ud83c\udf96\ufe0f [year]<\/title>\n<meta name=\"description\" content=\"Voici les meilleurs casinos en ligne offrant du baccara live au Canada. \u2714\ufe0f Consultez notre liste pour r\u00e9clamer vos bonus casino.\" \/>\n<meta name=\"robots\" content=\"index, follow, max-snippet:-1, max-image-preview:large, max-video-preview:-1\" \/>\n<link rel=\"canonical\" href=\"https:\/\/www.bonus.ca\/fr\/casino-en-ligne\/baccara\" \/>\n<meta property=\"og:type\" content=\"article\" \/>\n<meta property=\"og:title\" content=\"Casino Baccara en Ligne et Live au Canada \ud83c\udf96\ufe0f [year]\" \/>\n<meta property=\"og:description\" content=\"Voici les meilleurs casinos en ligne offrant du baccara live au Canada. \u2714\ufe0f Consultez notre liste pour r\u00e9clamer vos bonus casino.\" \/>\n<meta property=\"og:url\" content=\"https:\/\/www.bonus.ca\/fr\/casino-en-ligne\/baccara\" \/>\n<meta property=\"article:published_time\" content=\"2020-01-02T04:23:14+00:00\" \/>\n<meta property=\"article:modified_time\" content=\"2025-05-21T08:47:49+00:00\" \/>\n<meta name=\"twitter:card\" content=\"summary_large_image\" \/>\n<meta name=\"twitter:label1\" content=\"Est. reading time\" \/>\n\t<meta name=\"twitter:data1\" content=\"8 minutes\" \/>\n<!-- \/ Yoast SEO plugin. -->","yoast_head_json":{"title":"Casino Baccara en Ligne et Live au Canada \ud83c\udf96\ufe0f [year]","description":"Voici les meilleurs casinos en ligne offrant du baccara live au Canada. \u2714\ufe0f Consultez notre liste pour r\u00e9clamer vos bonus casino.","robots":{"index":"index","follow":"follow","max-snippet":"max-snippet:-1","max-image-preview":"max-image-preview:large","max-video-preview":"max-video-preview:-1"},"canonical":"https:\/\/www.bonus.ca\/fr\/casino-en-ligne\/baccara","og_type":"article","og_title":"Casino Baccara en Ligne et Live au Canada \ud83c\udf96\ufe0f [year]","og_description":"Voici les meilleurs casinos en ligne offrant du baccara live au Canada. \u2714\ufe0f Consultez notre liste pour r\u00e9clamer vos bonus casino.","og_url":"https:\/\/www.bonus.ca\/fr\/casino-en-ligne\/baccara","article_published_time":"2020-01-02T04:23:14+00:00","article_modified_time":"2025-05-21T08:47:49+00:00","twitter_card":"summary_large_image","twitter_misc":{"Est. reading time":"8 minutes"},"schema":{"@context":"https:\/\/schema.org","@graph":[{"@type":"WebPage","@id":"https:\/\/www.bonus.ca\/fr\/casino-en-ligne\/baccara","url":"https:\/\/www.bonus.ca\/fr\/casino-en-ligne\/baccara","name":"Casino Baccara en Ligne et Live au Canada \ud83c\udf96\ufe0f [year]","isPartOf":{"@id":"https:\/\/www.bonus.ca\/fr\/#website"},"primaryImageOfPage":{"@id":"https:\/\/www.bonus.ca\/fr\/casino-en-ligne\/baccara#primaryimage"},"image":{"@id":"https:\/\/www.bonus.ca\/fr\/casino-en-ligne\/baccara#primaryimage"},"thumbnailUrl":"https:\/\/www.bonus.ca\/fr\/images\/live-baccarat-casino-sites-1024x769-1.png","datePublished":"2020-01-02T04:23:14+00:00","dateModified":"2025-05-21T08:47:49+00:00","description":"Voici les meilleurs casinos en ligne offrant du baccara live au Canada. \u2714\ufe0f Consultez notre liste pour r\u00e9clamer vos bonus casino.","breadcrumb":{"@id":"https:\/\/www.bonus.ca\/fr\/casino-en-ligne\/baccara#breadcrumb"},"inLanguage":"en-US","potentialAction":[{"@type":"ReadAction","target":["https:\/\/www.bonus.ca\/fr\/casino-en-ligne\/baccara"]}]},{"@type":"ImageObject","inLanguage":"en-US","@id":"https:\/\/www.bonus.ca\/fr\/casino-en-ligne\/baccara#primaryimage","url":"","contentUrl":""},{"@type":"BreadcrumbList","@id":"https:\/\/www.bonus.ca\/fr\/casino-en-ligne\/baccara#breadcrumb","itemListElement":[{"@type":"ListItem","position":1,"name":"Home","item":"https:\/\/www.bonus.ca\/fr\/"},{"@type":"ListItem","position":2,"name":"Casino argent r\u00e9\u00e8l","item":"https:\/\/www.bonus.ca\/fr\/casino-en-ligne"},{"@type":"ListItem","position":3,"name":"Casinos Baccara Live"}]},{"@type":"WebSite","@id":"https:\/\/www.bonus.ca\/fr\/#website","url":"https:\/\/www.bonus.ca\/fr\/","name":"BonusFinder Canada (Fran\u00e7ais)","description":"La source de bonus n\u00b0 1 au Canada","potentialAction":[{"@type":"SearchAction","target":{"@type":"EntryPoint","urlTemplate":"https:\/\/www.bonus.ca\/fr\/?s={search_term_string}"},"query-input":{"@type":"PropertyValueSpecification","valueRequired":true,"valueName":"search_term_string"}}],"inLanguage":"en-US"}]}},"_links":{"self":[{"href":"https:\/\/www.bonus.ca\/fr\/wp-json\/wp\/v2\/pages\/8874","targetHints":{"allow":["GET"]}}],"collection":[{"href":"https:\/\/www.bonus.ca\/fr\/wp-json\/wp\/v2\/pages"}],"about":[{"href":"https:\/\/www.bonus.ca\/fr\/wp-json\/wp\/v2\/types\/page"}],"author":[{"embeddable":true,"href":"https:\/\/www.bonus.ca\/fr\/wp-json\/wp\/v2\/users\/123"}],"replies":[{"embeddable":true,"href":"https:\/\/www.bonus.ca\/fr\/wp-json\/wp\/v2\/comments?post=8874"}],"version-history":[{"count":10,"href":"https:\/\/www.bonus.ca\/fr\/wp-json\/wp\/v2\/pages\/8874\/revisions"}],"predecessor-version":[{"id":24782,"href":"https:\/\/www.bonus.ca\/fr\/wp-json\/wp\/v2\/pages\/8874\/revisions\/24782"}],"up":[{"embeddable":true,"href":"https:\/\/www.bonus.ca\/fr\/wp-json\/wp\/v2\/pages\/11032"}],"wp:attachment":[{"href":"https:\/\/www.bonus.ca\/fr\/wp-json\/wp\/v2\/media?parent=8874"}],"curies":[{"name":"wp","href":"https:\/\/api.w.org\/{rel}","templated":true}]}}