{"id":8954,"date":"2020-01-06T10:57:04","date_gmt":"2020-01-06T10:57:04","guid":{"rendered":"https:\/\/www.bonus.ca\/fr\/?post_type=bookmakers&#038;p=8954"},"modified":"2026-04-02T12:28:57","modified_gmt":"2026-04-02T12:28:57","slug":"captain-spins","status":"publish","type":"page","link":"https:\/\/www.bonus.ca\/fr\/captain-spins","title":{"rendered":"Captain Spins"},"content":{"rendered":"<h2>Captain Spins Casino Avis<\/h2>\n<p><strong>Captain Spins Casino<\/strong> est un nouveau <a href=\"https:\/\/www.bonus.ca\/fr\/\">meilleur casino en ligne canada<\/a>, mais il fait d\u00e9j\u00e0 tr\u00e8s bonne impression chez les joueurs canadiens.  <\/p>\n<p>Ce nouveau casino vous donnes acc\u00e8s \u00e0 plus de 1350 jeux de machines \u00e0 sous, 62 jeux \u00e0 gros lots progressifs, 69 jeux de tables et 16 jeux live parmis lesquels choisir. <\/p>\n<p>Captain Spins Casino accueille les nouveaux joueurs avec un bonus casino \u00e9norme.<\/p>\n<p>[table_start]<br \/>\n[table_row column-1=&#8217;<strong>Faisant partie du groupe<\/strong>&#8216; column-2=&#8217;White Hat Gaming Limited&#8217;]<br \/>\n[table_row column-1=&#8217;<strong>Nom du site<\/strong>&#8216; column-2=&#8217;Casino Captain Spins&#8217;]<br \/>\n[table_row column-1=&#8217;<strong>Casino Mobile<\/strong>&#8216; column-2=&#8217;Oui (Android, iOS, Windows)&#8217;]<br \/>\n[table_row column-1=&#8217;<strong>Nombre de Jeux<\/strong>&#8216; column-2=&#8217;1500+&#8217;]<br \/>\n[table_row column-1=&#8217;<strong>Licence<\/strong>&#8216; column-2=&#8217;Commission des jeux du Royaume-Uni, Autorit\u00e9 des jeux de Malte&#8217;]<br \/>\n[table_end]<\/p>\n<div id=\"attachment_17095\" style=\"width: 1546px\" class=\"wp-caption alignnone\"><img loading=\"lazy\" decoding=\"async\" aria-describedby=\"caption-attachment-17095\" src=\"https:\/\/mediafr.bonus.ca\/images\/Logo-Captain-Spins.png\" alt=\"logo captain spins\" width=\"1536\" height=\"920\" class=\"size-full wp-image-17095\" srcset=\"https:\/\/mediafr.bonus.ca\/images\/Logo-Captain-Spins.png 1536w, https:\/\/mediafr.bonus.ca\/images\/Logo-Captain-Spins-300x180.png 300w, https:\/\/mediafr.bonus.ca\/images\/Logo-Captain-Spins-1024x613.png 1024w, https:\/\/mediafr.bonus.ca\/images\/Logo-Captain-Spins-1048x628.png 1048w, https:\/\/mediafr.bonus.ca\/images\/Logo-Captain-Spins-90x54.png 90w\" sizes=\"auto, (max-width: 1536px) 100vw, 1536px\" \/><p id=\"caption-attachment-17095\" class=\"wp-caption-text\">Lors de votre inscription, vous avez la possibilit\u00e9 de recevoir un bonus de d\u00e9p\u00f4t d&#8217;un montant de 1200 $ + 260 tours gratuits.<\/p><\/div>\n<h3>Captain Spins Casino Canada pour les joueurs canadiens<\/h3>\n<p>Bien que le casino en ligne Captain Spin soit un <a href=\"https:\/\/www.bonus.ca\/fr\/casino-en-ligne\/nouveaux\">nouveau casino<\/a>, ses cr\u00e9ateurs savent comment combler les joueurs du Canada et du Qu\u00e9bec. <\/p>\n<p>D&#8217;abord, il est possible de <strong>jouer en dollars canadiens<\/strong>.<\/p>\n<p>Ensuite, vous trouverez toutes les m\u00e9thodes bancaires pr\u00e9f\u00e9r\u00e9es et faciles au Canada. <\/p>\n<p>Puis, vous trouverez les jeux populaires au Canada comme <strong>Book of Dead<\/strong>.<\/p>\n<h3>Casino en fran\u00e7ais<\/h3>\n<p>Que vous soyez passionn\u00e9 de machines \u00e0 sous, de jeux de table ou de jackpots, vous pourrez explorer une vaste s\u00e9lection de jeux et de sections, <strong>le tout pr\u00e9sent\u00e9 en fran\u00e7ais<\/strong> pour une navigation fluide et agr\u00e9able. <\/p>\n<p>Cette initiative d\u00e9montre l&#8217;engagement du casino \u00e0 offrir une<strong> exp\u00e9rience de jeu conviviale<\/strong> et personnalis\u00e9e \u00e0 sa pr\u00e9cieuse client\u00e8le canadienne.<\/p>\n<h2>Captain Spins Casino Bonus 2026<\/h2>\n<p>Le Bonus Captain Spins est divis\u00e9 en 4 \u00e9tapes pour un total de 1200$ ainsi que 260 tours gratuits. Jetons-y un coup d&#8217;oeil.<\/p>\n<p>[table_start]<br \/>\n[table_head left=&#8217;<strong>Captain Spins Bonus<\/strong>&#8216; right=&#8221;<strong>Termes &#038; Conditions<\/strong>&#8220;]<br \/>\n[table_row left=&#8217;<strong>Bonus total<\/strong>&#8216; right=&#8221;Jusqu&#8217;\u00e0 1200$ en bonus&#8221;]<br \/>\n[table_row left=&#8217;<strong>Tours gratuits en bonus<\/strong>&#8216; right=&#8221;Jusqu&#8217;\u00e0 260 tours gratuits&#8221;]<br \/>\n[table_row left=&#8217;<strong>Tours gratuits sur<\/strong>&#8216; right=&#8217;Book of Dead &#8216;]<br \/>\n[table_row left=&#8217;<strong>Code pour le bonus de bienvenue<\/strong>&#8216; right=&#8217;Non requis&#8217;]<br \/>\n[table_row left=&#8217;<strong>D\u00e9p\u00f4t minimum<\/strong>&#8216; right=&#8217;10$&#8217;]<br \/>\n[table_row left=&#8217;<strong>Conditions de mise<\/strong>&#8216; right=&#8217;35x&#8217;]<br \/>\n[table_end]<\/p>\n<h3>Captain Spins code bonus<\/h3>\n<p>Bonne nouvelle! <strong>Pas besoin d&#8217;utiliser un code bonus<\/strong> pour r\u00e9clamer cette offre.<\/p>\n<p>Vous n&#8217;aurez qu&#8217;\u00e0 cliquer sur le bouton &#8220;obtenez ce bonus&#8221; pour obtenir votre bonus casino de <strong>1200$ en 4 parties<\/strong>. C&#8217;est \u00e9galement le cas pour les tours gratuits.<\/p>\n<h3>Captain Spins Bonus de Bienvenue<\/h3>\n<p>Captain Spins Casino offre 4 pr\u00e9cieux bonus sur les 4 premiers d\u00e9p\u00f4ts faits par les nouveaux joueurs.  <\/p>\n<p>Voici comment est r\u00e9parti ce bonus en 5 parties : <\/p>\n<ul>\n<li><strong>D\u00e9p\u00f4t #1:<\/strong> Bonus \u00e0 100% jusqu&#8217;\u00e0 300$ + 50 tours gratuits<\/li>\n<li><strong>D\u00e9p\u00f4t #2:<\/strong> Bonus \u00e0 100% jusqu&#8217;\u00e0 300$ + 60 tours gratuits<\/li>\n<li><strong>D\u00e9p\u00f4t #3:<\/strong> Bonus \u00e0 100% jusqu&#8217;\u00e0 300$ + 70 tours gratuits<\/li>\n<li><strong>D\u00e9p\u00f4t #4:<\/strong> Bonus \u00e0 100% jusqu&#8217;\u00e0 300$ + 80 tours gratuits<\/li>\n<\/ul>\n<p>Les bonus sont les m\u00eames du deuxi\u00e8me d\u00e9p\u00f4t au dernier alors si vous d\u00e9posez le montant maximum pour chacune de ces \u00e9tapes, vous recevrez 1200$ en argent bonus. <\/p>\n<p>Avec chaque d\u00e9p\u00f4t, vous obtenez 50, 60, 70 et 80 tours gratuits sur Book of Dead, le jeu de machine \u00e0 sous en ligne pr\u00e9f\u00e9r\u00e9 des joueurs canadiens.<\/p>\n<p>Tout comme sur <a href=\"https:\/\/www.bonus.ca\/fr\/playamo\">Playamo<\/a>, les bonus expirent lors qu&#8217;ils ne sont pas utilis\u00e9s.  <\/p>\n<p>Dans ce cas-ci, <strong>vous avez 30 jours pour commencer \u00e0 utiliser votre argent bonus<\/strong> pour avoir la chance de gagner de l&#8217;argent r\u00e9el. <\/p>\n<div id=\"attachment_17094\" style=\"width: 1546px\" class=\"wp-caption alignnone\"><img loading=\"lazy\" decoding=\"async\" aria-describedby=\"caption-attachment-17094\" src=\"https:\/\/mediafr.bonus.ca\/images\/Captain-Spins-Logo.png\" alt=\"Logo Captain Spins \" width=\"1536\" height=\"920\" class=\"size-full wp-image-17094\" srcset=\"https:\/\/mediafr.bonus.ca\/images\/Captain-Spins-Logo.png 1536w, https:\/\/mediafr.bonus.ca\/images\/Captain-Spins-Logo-300x180.png 300w, https:\/\/mediafr.bonus.ca\/images\/Captain-Spins-Logo-1024x613.png 1024w, https:\/\/mediafr.bonus.ca\/images\/Captain-Spins-Logo-1048x628.png 1048w, https:\/\/mediafr.bonus.ca\/images\/Captain-Spins-Logo-90x54.png 90w\" sizes=\"auto, (max-width: 1536px) 100vw, 1536px\" \/><p id=\"caption-attachment-17094\" class=\"wp-caption-text\">En vous inscrivant sur ce casino en ligne, vous allez b\u00e9n\u00e9ficier d&#8217;une offre qui peut atteindre 260 tours gratuits sur Book of Dead.<\/p><\/div>\n<h3>Captain Spins Bonus Sans D\u00e9p\u00f4t<\/h3>\n<p>Captain Spins <strong>ne vous remet pas de bonus sans d\u00e9p\u00f4t<\/strong> en ce moment. En effet, vous aurez des free spins seulement avec vos d\u00e9p\u00f4ts, y compris le premier d\u00e9p\u00f4t.<\/p>\n<h3>Offres promotionnelles<\/h3>\n<p>Tout au long de l&#8217;ann\u00e9e, l&#8217;op\u00e9rateur propose une <strong>gamme d&#8217;offres promotionnelles<\/strong> permettant aux joueurs de profiter d&#8217;une exp\u00e9rience de jeu plus abordable tout en conservant les m\u00eames opportunit\u00e9s de gains attractifs !<\/p>\n<p>En plus des promotions temporaires, deux bonus sont disponibles en permanence sur Captain Spins.<\/p>\n<ul>\n<li><strong>Daily Intel Drops:<\/strong><br \/>\nCette offre quotidienne peut se traduire par un remboursement en argent sur les mises non gagnantes, des tours gratuits et bien d&#8217;autres surprises encore.<\/li>\n<li><strong>Play Another Day:<\/strong><br \/>\nPlus vous jouez au cours de la m\u00eame semaine, plus votre r\u00e9compense sera int\u00e9ressante pour le week-end suivant!<\/li>\n<\/ul>\n<h2>R\u00e9compenses et programme de fid\u00e9lit\u00e9<\/h2>\n<p>En plus d&#8217;un bonus casino \u00e9lev\u00e9, Captain Spins offre quelques promos additionnelles pour ses membres <strong>le casino comporte m\u00eame un calendrier<\/strong> qui informe les joueurs \u00e0 propos de la promo sp\u00e9cifique qui est en cours chaque jour. <\/p>\n<h3>Programme Points de Loyaut\u00e9 <\/h3>\n<p>L&#8217;offre principale dont il faut prendre avantage est le <strong>Programme Points de Loyaut\u00e9 R\u00e9compenses<\/strong>. <\/p>\n<p>Plus vous jouez, plus vous recevez de points de loyaut\u00e9 et montez au classement, tout en amassant des Badges de Mission. <\/p>\n<p>Plus vous jouez, plus vous accumulez de badges et plus vous montez en grade sur Captain Spins.<\/p>\n<p>Mais le programme de loyaut\u00e9 est beaucoup plus que des cr\u00e9dits suppl\u00e9mentaires. <\/p>\n<p>Les joueurs les plus loyaux sur Captain Spins gravissent les \u00e9chelons pour d\u00e9bloquer des avantages et des renseignements exclusifs et leur taux d&#8217;accumulation des points est acc\u00e9l\u00e9r\u00e9.<\/p>\n<h3>Daily Intel Drop<\/h3>\n<p>Vous obtenez \u00e9galement votre <strong>&#8220;Daily Intel Drop&#8221;<\/strong>. Le Capitaine d\u00e9voile une parcelle d&#8217;informations \u00e0 propos de l&#8217;offre du jour. <\/p>\n<p>Il peut s&#8217;agir de n&#8217;importe quoi, des tours gratuits jusqu&#8217;\u00e0 des bonus d&#8217;\u00e9quivalences. <\/p>\n<p>Le meilleur moyen de recevoir ce renseignement est de s&#8217;inscrire aux notifications par courriel ou texto de Captain Spins.<\/p>\n<h2>Termes et conditions<\/h2>\n<p>Captain Spins Casino en ligne impose une <strong>condition de mise de 35x<\/strong> autant pour le bonus en argent que pour les tours gratuits, ce qui est assez standard pour un site de casino en ligne. <\/p>\n<p>Vous devrez vous conformer \u00e0 ces exigences avant de pouvoir retirer vos gains.<\/p>\n<p>Prenez note que, comme sur n&#8217;importe quel casino en ligne, ce ne sont pas tous les jeux qui contribuent \u00e0 la condition de mise. <\/p>\n<p>La plupart des machines \u00e0 sous en ligne y contribuent, mais il y en a quelques unes qui ne comptent que pour 20% et m\u00eame d&#8217;autres qui ont une contribution de 0%.<\/p>\n<p>Consultez la liste des jeux approuv\u00e9s sur le site de Captain Spins avant de d\u00e9penser tout votre argent bonus sur un jeu qui ne contribue pas \u00e0 la condition de mise.<\/p>\n<p>La majorit\u00e9 des autres cat\u00e9gories de jeux ont une contribution de 0% \u00e0 la condition de mise, comme les jeux de table, le poker vid\u00e9o et les machines \u00e0 sous progressives. <\/p>\n<p>Par contre, vous pouvez jouer aux cartes Scratch et \u00e0 Keno avec votre argent bonus, puisque les deux ont une contribution de 100%. <\/p>\n<h2>Jeux decasino<\/h2>\n<p>Si on faisait un sondage aupr\u00e8s de 10 joueurs canadiens de casino en ligne et qu&#8217;on leur demandait pourquoi ils ont choisi Captain Spins Casino, ils mentionneraient probablement tous la quantit\u00e9 incroyable de jeux qu&#8217;on y trouve.<\/p>\n<p>Ce site de casino en ligne vous offre plus de 1500 jeux. En plus, de nouveaux jeux s&#8217;ajoutent chaque semaine.<\/p>\n<h3>Machines \u00e0 Sous payantes sur Captain Spins<\/h3>\n<p>Parmi les plus de 1500 jeux de casino offerts sur Captain Spins, plus de <strong>1350 d&#8217;entre eux sont des machines \u00e0 sous en ligne<\/strong>.<\/p>\n<p>Chez Captain Spin, le lobby r\u00e9unit des milliers de jeux de dizaines d&#8217;\u00e9diteurs (NetEnt, Play&#8217;n GO, Relax, Nolimit City, Pragmatic, etc.). \u00c7a veut dire : des titres \u00e0 RTP \u00e9lev\u00e9 <em>et<\/em> des slots \u00e0 tr\u00e8s gros potentiel, selon ta province et la version propos\u00e9e.<\/p>\n<p><a href=\"https:\/\/www.bonus.ca\/fr\/casino-en-ligne\/le-plus-payant\">Machines \u00e0 sous payantes plus payante<\/a>, \u00e7a veut dire quoi concr\u00e8tement ?<\/p>\n<ol>\n<li><strong>RTP \u00e9lev\u00e9<\/strong> (rendement long terme).<\/li>\n<li><strong>Potentiel max<\/strong> (gains en x mise) sur des slots \u00e0 haute volatilit\u00e9.<\/li>\n<li><strong>Jackpot progressif<\/strong> (valeur absolue en $) \u2014 on vise un gros lot, pas un RTP \u00e9lev\u00e9.<\/li>\n<\/ol>\n<p>Id\u00e9alement, combine RTP correct <em>et<\/em> potentiel bonus solide.<\/p>\n<h4>Captain Spin a-t-il des slots \u00e0 RTP &#8220;tr\u00e8s haut&#8221; (98\u201399%) ?<\/h4>\n<p> Certains \u00e9diteurs publient des titres \u00e0 RTP ~99&#038;% (ex. <em>Book of 99<\/em> de Relax). Leur pr\u00e9sence d\u00e9pend de ton march\u00e9 et de l&#8217;accord de l&#8217;op\u00e9rateur \u2014 cherche le titre via la barre de recherche et v\u00e9rifie la fiche &#8220;Info&#8221; in-game.<\/p>\n<h4>Quelles familles de jeux rechercher pour &#8220;payer mieux&#8221; ?<\/h4>\n<ul>\n<li><strong>RTP \u00e9lev\u00e9s :<\/strong> Relax (<em>Book of 99<\/em>), Thunderkick (<em>1429 Uncharted Seas<\/em>), certains NetEnt classiques.<\/li>\n<li><strong>Potentiel extr\u00eame :<\/strong> Nolimit City (<em>San Quentin<\/em>), Relax (<em>Money Train<\/em>), BTG (<em>Bonanza<\/em>).<\/li>\n<li><strong>Progressifs :<\/strong> r\u00e9seaux Mega\/Jackpot (ex. <em>Mega Moolah<\/em> via Games Global).<\/li>\n<\/ul>\n<p>Disponibilit\u00e9 selon province\/juridiction : v\u00e9rifie toujours dans le lobby.<\/p>\n<h4>Comment v\u00e9rifier le RTP d&#8217;une machine \u00e0 sous sur Captain Spin ?<\/h4>\n<ul>\n<li>Ouvre le jeu, puis clique sur <strong>Info<\/strong> ou <strong>Paytable<\/strong>.<\/li>\n<li>Rep\u00e8re le <strong>RTP<\/strong> et la <strong>volatilit\u00e9<\/strong> affich\u00e9s dans la fiche.<\/li>\n<li>Si le RTP est bas (ex. 92\u201394%), quitte et choisis une autre version \u00e9quivalente avec un RTP \u2265 96% si possible.<\/li>\n<\/ul>\n<p><strong>Astuce :<\/strong> Play&#8217;n GO propose souvent des versions \u00e0 96% chez Captain Spin.<\/p>\n<h3>Casino Captain Spins Live<\/h3>\n<p>Certains casinos en ligne sont tellement ax\u00e9s sur les machines \u00e0 sous qu&#8217;ils ne voient pas l&#8217;importance de fournir des jeux de casino live \u00e0 leurs joueurs.<\/p>\n<p>Captain Spins ne voit pas les choses ainsi. <\/p>\n<p>Le casino CaptainSpin croit dur comme fer \u00e0 la n\u00e9cessit\u00e9 d&#8217;offrir un peu de tout, des machines \u00e0 sous classiques ou vid\u00e9o jusqu&#8217;\u00e0 une bonne s\u00e9lection de jeux de croupiers  live.<\/p>\n<p>Le Casino Live Captain Spins offre de tout, de la Roulette Live en passant par le Blackjack Live jusqu&#8217;au Monopoly LIVE, tous diffus\u00e9s en direct \u00e0 partir d&#8217;un d\u00e9cor de casino pour plonger les joueurs dans l&#8217;action.  <\/p>\n<p>Tous les jeux live proviennent du fournisseur de logiciels Evolution Gaming qui offre les meilleurs jeux live de l&#8217;industrie.<\/p>\n<h3>Logiciel de jeux<\/h3>\n<p>Le casino en ligne Captain Spins est la destination ultime si vous cherchez des exp\u00e9riences de casino en ligne divertissantes qui ne vous laissent jamais sur votre faim. <\/p>\n<p>Peu importe le logiciel de jeux que vous voulez, aussi prestigieux soit-il &#8211; Microgaming, NetEnt, Scientific Games, Elk Studios\u2026 Captain Spins Casino les offre tous. <\/p>\n<h2>Casino Captain Spins mobile<\/h2>\n<p>La version mobile du casino Captain Spins est bien con\u00e7ue, facile \u00e0 naviguer et plaisante pour les yeux. <\/p>\n<p>Comme toujours avec les casinos en ligne au Canada, aucune app n&#8217;est n\u00e9cessaire puisque vous pouvez jouer directement sur votre navigateur.<\/p>\n<p>La version mobile du casino vous permet non seulement de jouer, mais aussi de retirer et d\u00e9poser des fonds facilement.<\/p>\n<p>Si vous avez un appareil iOS ou Android, il est simple d&#8217;acc\u00e9der \u00e0 <strong>Captain Spins sur mobile<\/strong> et d&#8217;y jouer. <\/p>\n<p>Si vous jouez beaucoup lors de vos d\u00e9placements, vous pouvez faire confiance \u00e0 la version mobile du casino Captain Spins pour une exp\u00e9rience de jeu optimale.<\/p>\n<h2>Service \u00e0 la client\u00e8le<\/h2>\n<p>Le site offre un service client\u00e8le d&#8217;excellence, <strong>disponible 24 heures sur 24 et 7 jours sur 7<\/strong>, afin de permettre aux joueurs de r\u00e9soudre leurs questions \u00e0 tout moment.<\/p>\n<p>[table_start]<br \/>\n[table_row column-1=&#8217;<strong>Live Chat<\/strong>&#8216; column-2=&#8217;24\/7&#8242;]<br \/>\n[table_row column-1=&#8217;<strong>Email<\/strong>&#8216; column-2=&#8217;support@captainspins.com&#8217;]<br \/>\n[table_end]<\/p>\n<h2> M\u00e9thodes bancaires<\/h2>\n<p>Les Canadiens qui jouent au Casino Captain Spin l&#8217;ont facile quand vient le temps de d\u00e9poser de l&#8217;argent.  <\/p>\n<p>Que vous soyez un gros joueur ou que vous pr\u00e9f\u00e9riez ne pas prendre trop de risques, vous avez plein d&#8217;options pour payer. <\/p>\n<p>\u00c9videmment, vous pouvez payer avec une carte de cr\u00e9dit ou de d\u00e9bit Visa, Mastercard ou Maestro.<\/p>\n<p><strong>Voici un aper\u00e7u des m\u00e9thodes bancaires disponibles:<\/strong><\/p>\n<p>[table_start]<br \/>\n[table_head column-1=&#8217;<strong>M\u00e9thodes bancaires<\/strong>&#8216; column-2=&#8217;<strong>Pris en charge<\/strong>&#8216;]<br \/>\n[table_row column-1=&#8217;<strong>Interac<\/strong>&#8216; column-2=&#8217;Oui&#8217;]<br \/>\n[table_row column-1=&#8217;<strong>Visa\/Mastercard<\/strong>&#8216; column-2=&#8217;Oui&#8217;]<br \/>\n[table_row column-1=&#8217;<strong>eCheck<\/strong>&#8216; column-2=&#8217;Non&#8217;]<br \/>\n[table_row column-1=&#8217;<strong>Instadebit<\/strong>&#8216; column-2=&#8217;Non&#8217;]<br \/>\n[table_row column-1=&#8217;<strong>Muchbetter<\/strong>&#8216; column-2=&#8217;Oui&#8217;]<br \/>\n[table_row column-1=&#8217;<strong>Paysafecard<\/strong>&#8216; column-2=&#8217;Oui&#8217;]<br \/>\n[table_end]<\/p>\n<h3>D\u00e9p\u00f4ts<\/h3>\n<p>Vous pouvez \u00e9galement utiliser une carte pr\u00e9pay\u00e9e Paysafecard, Interac en ligne ou faire un virement Interac.  Tous les d\u00e9p\u00f4ts sont trait\u00e9s imm\u00e9diatement et les retraits les plus rapides se font en 24 heures.<\/p>\n<p>Les temps de traitement les plus longs se produisent avec les transferts bancaires, qui peuvent prendre jusqu&#8217;\u00e0 3 \u00e0 5 jours. <\/p>\n<p>Peu importe la m\u00e9thode de paiement que vous choisissez, Captain Spins mise sur la commodit\u00e9 et, plus importante encore, la s\u00e9curit\u00e9.<\/p>\n<h2> Notre Conclusion<\/h2>\n<p>M\u00eame avec son statut de nouveau casino sur la sc\u00e8ne des casinos en ligne canadiens, Captain Spins Casino s&#8217;est rapidement fait un nom.<\/p>\n<p>Il y a plusieurs facteurs qui ont contribu\u00e9 \u00e0 cela, dont sa s\u00e9lection de plus de 1500 jeux, ses m\u00e9thodes de paiement conviviales pour les canadiens et son interface mobile agr\u00e9able \u00e0 regarder.<\/p>\n<p>Cependant, la plus grande raison expliquant cet engouement est sans contredit l&#8217;offre all\u00e9chante en argent r\u00e9el qui se classe tr\u00e8s haut parmi tous les <a href=\"https:\/\/www.bonus.ca\/fr\/casino-bonus\">Bonus de casinos canadiens<\/a>. <\/p>\n<p>Plusieurs casinos offrent de nombreuses promotions, bonus en argent et bonus sur plusieurs d\u00e9p\u00f4ts \u00e0 leurs nouveaux membres, mais Captain Spins sort du lot avec son bonus \u00e0 l&#8217;inscription.<\/p>\n","protected":false},"excerpt":{"rendered":"<p>Captain Spins Casino Avis Captain Spins Casino est un nouveau meilleur casino en ligne canada, mais il fait d\u00e9j\u00e0 tr\u00e8s bonne impression chez les joueurs canadiens. Ce nouveau casino vous donnes acc\u00e8s \u00e0 plus de 1350 jeux de machines \u00e0 sous, 62 jeux \u00e0 gros lots progressifs, 69 jeux de tables et 16 jeux live [&hellip;]<\/p>\n","protected":false},"author":123,"featured_media":0,"parent":0,"menu_order":0,"comment_status":"closed","ping_status":"closed","template":"","meta":{"inline_featured_image":false,"_glsr_average":0,"_glsr_ranking":0,"_glsr_reviews":0,"footnotes":""},"class_list":["post-8954","page","type-page","status-publish","hentry"],"yoast_head":"<!-- This site is optimized with the Yoast SEO plugin v27.4 - https:\/\/yoast.com\/product\/yoast-seo-wordpress\/ -->\n<title>Captain Spins Casino \ud83c\udf96\ufe0f 260 Tours Gratuits + 1200$<\/title>\n<meta name=\"description\" content=\"CaptainSpin Casino est un nouvel arriv\u00e9 sur le march\u00e9 de l\u2019iGambling lanc\u00e9 en 2019. Bonus total de 1200$. 260 tours gratuits .\" \/>\n<meta name=\"robots\" content=\"index, follow, max-snippet:-1, max-image-preview:large, max-video-preview:-1\" \/>\n<link rel=\"canonical\" href=\"https:\/\/www.bonus.ca\/fr\/captain-spins\" \/>\n<meta property=\"og:type\" content=\"article\" \/>\n<meta property=\"og:title\" content=\"Captain Spins Casino \ud83c\udf96\ufe0f 260 Tours Gratuits + 1200$\" \/>\n<meta property=\"og:description\" content=\"CaptainSpin Casino est un nouvel arriv\u00e9 sur le march\u00e9 de l\u2019iGambling lanc\u00e9 en 2019. Bonus total de 1200$. 260 tours gratuits .\" \/>\n<meta property=\"og:url\" content=\"https:\/\/www.bonus.ca\/fr\/captain-spins\" \/>\n<meta property=\"article:published_time\" content=\"2020-01-06T10:57:04+00:00\" \/>\n<meta property=\"article:modified_time\" content=\"2026-04-02T12:28:57+00:00\" \/>\n<meta property=\"og:image\" content=\"https:\/\/mediafr.bonus.ca\/images\/Logo-Captain-Spins.png\" \/>\n\t<meta property=\"og:image:width\" content=\"1536\" \/>\n\t<meta property=\"og:image:height\" content=\"920\" \/>\n\t<meta property=\"og:image:type\" content=\"image\/png\" \/>\n<meta name=\"twitter:card\" content=\"summary_large_image\" \/>\n<meta name=\"twitter:label1\" content=\"Est. reading time\" \/>\n\t<meta name=\"twitter:data1\" content=\"10 minutes\" \/>\n<!-- \/ Yoast SEO plugin. -->","yoast_head_json":{"title":"Captain Spins Casino \ud83c\udf96\ufe0f 260 Tours Gratuits + 1200$","description":"CaptainSpin Casino est un nouvel arriv\u00e9 sur le march\u00e9 de l\u2019iGambling lanc\u00e9 en 2019. Bonus total de 1200$. 260 tours gratuits .","robots":{"index":"index","follow":"follow","max-snippet":"max-snippet:-1","max-image-preview":"max-image-preview:large","max-video-preview":"max-video-preview:-1"},"canonical":"https:\/\/www.bonus.ca\/fr\/captain-spins","og_type":"article","og_title":"Captain Spins Casino \ud83c\udf96\ufe0f 260 Tours Gratuits + 1200$","og_description":"CaptainSpin Casino est un nouvel arriv\u00e9 sur le march\u00e9 de l\u2019iGambling lanc\u00e9 en 2019. Bonus total de 1200$. 260 tours gratuits .","og_url":"https:\/\/www.bonus.ca\/fr\/captain-spins","article_published_time":"2020-01-06T10:57:04+00:00","article_modified_time":"2026-04-02T12:28:57+00:00","og_image":[{"width":1536,"height":920,"url":"https:\/\/mediafr.bonus.ca\/images\/Logo-Captain-Spins.png","type":"image\/png"}],"twitter_card":"summary_large_image","twitter_misc":{"Est. reading time":"10 minutes"},"schema":{"@context":"https:\/\/schema.org","@graph":[{"@type":"WebPage","@id":"https:\/\/www.bonus.ca\/fr\/captain-spins","url":"https:\/\/www.bonus.ca\/fr\/captain-spins","name":"Captain Spins Casino \ud83c\udf96\ufe0f 260 Tours Gratuits + 1200$","isPartOf":{"@id":"https:\/\/www.bonus.ca\/fr\/#website"},"primaryImageOfPage":{"@id":"https:\/\/www.bonus.ca\/fr\/captain-spins#primaryimage"},"image":{"@id":"https:\/\/www.bonus.ca\/fr\/captain-spins#primaryimage"},"thumbnailUrl":"https:\/\/mediafr.bonus.ca\/images\/Logo-Captain-Spins.png","datePublished":"2020-01-06T10:57:04+00:00","dateModified":"2026-04-02T12:28:57+00:00","description":"CaptainSpin Casino est un nouvel arriv\u00e9 sur le march\u00e9 de l\u2019iGambling lanc\u00e9 en 2019. Bonus total de 1200$. 260 tours gratuits .","breadcrumb":{"@id":"https:\/\/www.bonus.ca\/fr\/captain-spins#breadcrumb"},"inLanguage":"en-US","potentialAction":[{"@type":"ReadAction","target":["https:\/\/www.bonus.ca\/fr\/captain-spins"]}]},{"@type":"ImageObject","inLanguage":"en-US","@id":"https:\/\/www.bonus.ca\/fr\/captain-spins#primaryimage","url":"https:\/\/mediafr.bonus.ca\/images\/Logo-Captain-Spins.png","contentUrl":"https:\/\/mediafr.bonus.ca\/images\/Logo-Captain-Spins.png"},{"@type":"BreadcrumbList","@id":"https:\/\/www.bonus.ca\/fr\/captain-spins#breadcrumb","itemListElement":[{"@type":"ListItem","position":1,"name":"Home","item":"https:\/\/www.bonus.ca\/fr\/"},{"@type":"ListItem","position":2,"name":"Captain Spins"}]},{"@type":"WebSite","@id":"https:\/\/www.bonus.ca\/fr\/#website","url":"https:\/\/www.bonus.ca\/fr\/","name":"BonusFinder Canada (Fran\u00e7ais)","description":"La source de bonus n\u00b0 1 au Canada","potentialAction":[{"@type":"SearchAction","target":{"@type":"EntryPoint","urlTemplate":"https:\/\/www.bonus.ca\/fr\/?s={search_term_string}"},"query-input":{"@type":"PropertyValueSpecification","valueRequired":true,"valueName":"search_term_string"}}],"inLanguage":"en-US"}]}},"_links":{"self":[{"href":"https:\/\/www.bonus.ca\/fr\/wp-json\/wp\/v2\/pages\/8954","targetHints":{"allow":["GET"]}}],"collection":[{"href":"https:\/\/www.bonus.ca\/fr\/wp-json\/wp\/v2\/pages"}],"about":[{"href":"https:\/\/www.bonus.ca\/fr\/wp-json\/wp\/v2\/types\/page"}],"author":[{"embeddable":true,"href":"https:\/\/www.bonus.ca\/fr\/wp-json\/wp\/v2\/users\/123"}],"replies":[{"embeddable":true,"href":"https:\/\/www.bonus.ca\/fr\/wp-json\/wp\/v2\/comments?post=8954"}],"version-history":[{"count":11,"href":"https:\/\/www.bonus.ca\/fr\/wp-json\/wp\/v2\/pages\/8954\/revisions"}],"predecessor-version":[{"id":26442,"href":"https:\/\/www.bonus.ca\/fr\/wp-json\/wp\/v2\/pages\/8954\/revisions\/26442"}],"wp:attachment":[{"href":"https:\/\/www.bonus.ca\/fr\/wp-json\/wp\/v2\/media?parent=8954"}],"curies":[{"name":"wp","href":"https:\/\/api.w.org\/{rel}","templated":true}]}}