{"id":8964,"date":"2020-01-07T11:18:01","date_gmt":"2020-01-07T11:18:01","guid":{"rendered":"https:\/\/www.bonus.ca\/fr\/?page_id=8964"},"modified":"2025-03-25T20:26:14","modified_gmt":"2025-03-25T20:26:14","slug":"roulette","status":"publish","type":"page","link":"https:\/\/www.bonus.ca\/fr\/casino-en-ligne\/roulette","title":{"rendered":"Casinos Roulette Live"},"content":{"rendered":"<h2>Sites de Casino en Ligne Offrant la Roulette en Direct<\/h2>\n<p>Si vous aimez les jeux en ligne, vous avez probablement d\u00e9j\u00e0 jou\u00e9 \u00e0 la roulette live. Vous savez qu&#8217;il existe plusieurs diff\u00e9rentes versions de roulette. Jouez \u00e0 la roulette live vous permet d&#8217;appr\u00e9cier l&#8217;adr\u00e9naline tout en exp\u00e9rimentant plusieurs versions.<\/p>\n<p>Les jeux en ligne sont r\u00e9gul\u00e9s, et les dealers sont professionnels. Que vous jouez sur une table ou sur une roue, vous devriez avoir une exp\u00e9rience excellente. Les joueurs qui choisissent de jouer en ligne pourront profiter de l&#8217;exp\u00e9rience HD offrant des vues et diff\u00e9rents angles pour que vous puissiez ressentir l&#8217;excitation monter.<\/p>\n<p>Si nous devions choisir le <a href=\"https:\/\/www.bonus.ca\/fr\/\">meilleur casino en ligne canada<\/a> pour jouer \u00e0 la roulette, notre choix serait le casino LeoVegas. Ce casino offrent des jeux en direct de qualit\u00e9 et plusieurs options de roulette. Le tout fonctionne parfaitement sur mobile.<\/p>\n<p>Les joueurs canadiens peuvent jouer \u00e0 diff\u00e9rents jeux de casino gratuits ou en live. Les joueurs peuvent interragir entre eux tout en discutant avec le croupier. Le tout est pr\u00e9sent\u00e9 en version optimis\u00e9e selon l&#8217;appareil choisi. Vous pourrez donc jouer depuis votre ordinateur, votre mobile ou votre tablette.<\/p>\n<div id=\"attachment_8967\" style=\"width: 1034px\" class=\"wp-caption alignnone\"><img loading=\"lazy\" decoding=\"async\" aria-describedby=\"caption-attachment-8967\" src=\"https:\/\/www.bonus.ca\/fr\/images\/live-online-roulette-1024x382-1.png\" alt=\"roulette live casino\" width=\"1200\" height=\"448\" class=\"size-full wp-image-8967\" \/><p id=\"caption-attachment-8967\" class=\"wp-caption-text\">Mr Green a une grande vari\u00e9t\u00e9 de versions de roulette.<\/p><\/div>\n<h2>Meilleurs Casinos pour Jouer \u00e0 la Roulette Live<\/h2>\n<p>Les joueurs canadiens sont plut\u00f4t chanceux puisqu&#8217;ils trouveront plusieurs casinos offrant la roulette. Nous vous recommandons d&#8217;essayer diff\u00e9rents casinos pour trouver celui qui correspond \u00e0 vos besoins et \u00e0 vos habitudes de jeux.<\/p>\n<p>Vous pourrez toujours essayer diff\u00e9rentes versions de jeux de roulette. De plus certains casinos offrent diff\u00e9rents bonus, alors \u00e7a vaut la peine d&#8217;essayer plusieurs casinos pour tirer avantage de ceux-ci.<\/p>\n<p>Voici une liste des meilleurs sites de casino pour jouer \u00e0 la roulette en direct en 2026:<\/p>\n<p>[table_start]<br \/>\n[table_head column-1=&#8217;Sites de Roulette Live&#8217; column-2=&#8217;Bonus&#8217; column-3=&#8217;\u00c9valuation&#8217;]<br \/>\n[table_row column-1=&#8217;LeoVegas&#8217; column-2=&#8221;Jusqu&#8217;\u00e0 500$ en bonus live&#8221; column-3=&#8217;98&#8217;]<br \/>\n[table_row column-1=&#8217;Rizk&#8217; column-2=&#8221;100% Jusqu&#8217;\u00e0 250$ en bonus live&#8221; column-3=&#8217;98&#8217;]<br \/>\n[table_row column-1=&#8217;Vegas Hero&#8217; column-2=&#8221;Jusqu&#8217;\u00e0 100$ en bonus live&#8221; column-3=&#8217;98&#8217;]<br \/>\n[table_row column-1=&#8217;Guts&#8217; column-2=&#8217;500$ en bonus&#8217; column-3=&#8217;98&#8217;]<br \/>\n[table_row column-1=&#8217;888 Casino&#8217; column-2=&#8217;88$ en freePlay &#038; 1500$ en bonus&#8217; column-3=&#8217;98&#8217;]<br \/>\n[table_row column-1=&#8217;Mr Green&#8217; column-2=&#8217;1225$ en bonus + 225 tours gratuits&#8217; column-3=&#8217;97&#8217;]<br \/>\n[table_row column-1=&#8217;Lucky Days&#8217; column-2=&#8217;1500$ en bonus de bienvenue &#038; 20 tours gratuits sans d\u00e9p\u00f4t&#8217; column-3=&#8217;97&#8217;]<br \/>\n[table_row column-1=&#8217;Unibet&#8217; column-2=&#8221;Jusqu&#8217;\u00e0 100$ en bonus&#8221; column-3=&#8217;96&#8217;]<br \/>\n[table_row column-1=&#8217;Casumo&#8217; column-2=&#8217;20 tours gratuits sans d\u00e9p\u00f4t&#8217; column-3=&#8217;96&#8217;]<br \/>\n[table_row column-1=&#8217;PlayOJO&#8217; column-2=&#8217;50 tours gratuits&#8217; column-3=&#8217;95&#8217;]<br \/>\n[table_row column-1=&#8217;Spin Casino&#8217; column-2=&#8217;1000$ en bonus de bienvenue&#8217; column-3=&#8217;95&#8217;]<br \/>\n[table_row column-1=&#8217;Casumo&#8217; column-2=&#8221;Jusqu&#8217;\u00e0 500$ en bonus&#8221; column-3=&#8217;95&#8217;]<br \/>\n[table_row column-1=&#8217;William Hill&#8217; column-2=&#8221;Jusqu&#8217;\u00e0 300$ en bonus&#8221; column-3=&#8217;95&#8217;]<br \/>\n[table_end] <\/p>\n<p>Il y a quelques diff\u00e9rentes entre les casinos live. Lorsque vous regardez les jeux live offerts, vous pourriez \u00e9galement remarquer des diff\u00e9rences li\u00e9es aux bonus. Vous pouvez utiliser les <a href=\"https:\/\/www.bonus.ca\/fr\/casino-en-ligne\/live\">bonus casino live<\/a> pour augmenter vos chances de gagner.<\/p>\n<p>Pr\u00e9sentement, le casino en ligne LeoVegas offre le meilleur bonus sur les jeux live. En effet, les joueurs canadiens obtiendront jusqu&#8217;\u00e0 100% en \u00e9quivalence pour un total de 500$. Vous pouvez utiliser ce bonus pour essayer les diff\u00e9rentes versions de jeux de roulette. Il y a \u00e9galement des options \u00e0 grandes mises, si vous aimez miser gros.<\/p>\n<h3>Meilleurs Fournisseurs de Jeux de Roulette<\/h3>\n<p>La roulette live est disponible dans plusieurs casinos canadiens. Il y a deux principaux fournisseurs de jeux de roulettes live: NetEnt et Evolution Gaming.<\/p>\n<p>Voici la liste des autres fournisseurs de jeux de roulette live:<\/p>\n<ul>\n<li>Authentic Gaming<\/li>\n<li>Asia Gaming<\/li>\n<li>Evolution Gaming<\/li>\n<li>Ezugi<\/li>\n<li>Extreme Live Gaming<\/li>\n<li>HoGaming<\/li>\n<li>Lucky Streak<\/li>\n<li>Microgaming<\/li>\n<li>NetEnt<\/li>\n<li>Playtech<\/li>\n<li>Visionary iGaming<\/li>\n<\/ul>\n<p>De plus, les gros casinos comme Leo Vegas ou Guts, ont leurs propres tables de jeux en direct. Toutefois, bien que ces jeux soit &#8220;exclusifs&#8221; &#8211; par exemple, Guts Exclusive Roulette, ils sont cr\u00e9\u00e9s par l&#8217;un des fournisseurs mentionn\u00e9s dans la liste ci-dessus.<\/p>\n<h3>Probabilit\u00e9 et Paiements sur les Jeux de Roulette<\/h3>\n<p>Jouer aux jeux de roulette est assez simple. Vous n&#8217;avez qu&#8217;\u00e0 faire une mise et le croupier va aire tourner la roue. Normalement, vous pouvez faire une mise all\u00e9atoire et sur un groupe avec diff\u00e9rents num\u00e9ros.<\/p>\n<p>Il y a plusieurs strat\u00e9gies quand vient le temps de miser sur la roulette. Tout d\u00e9pend des probabilit\u00e9s et des paiements associ\u00e9s aux jeux. Toutefois, il s&#8217;agit d&#8217;un jeu de chance. Conna\u00eetre le fonctionnement du jeu vous donnera un avantage. Voici certaines informations \u00e0 savoir en fonction de la verrsion choisie et des probabilit\u00e9s de gagner.<\/p>\n<p>Les joueurs de roulette devraient garder ces strat\u00e9gies en t\u00eates. <\/p>\n<p>D&#8217;abord, il existe deux types de mise:Outside Bets et Inside Bets.<\/p>\n<p>Les noms sont li\u00e9es \u00e0 la position de la mise ainsi qu&#8217;au layout de la table. Les outside bets ont plus de chances de gagner, mais les paiements sont plus petits. Les inside bets ont moins de chances de ganer, mais les paiements sont plus gros.<\/p>\n<p>Voici un tableau qui vous donne de l&#8217;info sur les pourcentages et probabilit\u00e9s sur vos mises sur la roulette:<\/p>\n<p>[table_start]<br \/>\n[table_head column-1=&#8217;Mises sur la Roulette&#8217; column-2=&#8217;Paiement&#8217; column-3=&#8217;Probabilit\u00e9s European Roulette&#8217; column-4=&#8217;Probabilit\u00e9s American Roulette&#8217;]<br \/>\n[table_row column-1=&#8217;Rouge ou Noir&#8217; column-2=&#8217;1 pour 1&#8242; column-3=&#8217;48.60%&#8217; column-4=&#8217;47.4%&#8217;]<br \/>\n[table_row column-1=&#8217;Pair ou Impair&#8217; column-2=&#8217;1 pour 1&#8242; column-3=&#8217;48.60%&#8217; column-4=&#8217;47.4%&#8217;]<br \/>\n[table_row column-1=&#8217;Petit or \u00c9lev\u00e9&#8217; column-2=&#8217;1 pour 1&#8242; column-3=&#8217;48.60%&#8217; column-4=&#8217;47.4%&#8217;]<br \/>\n[table_row column-1=&#8217;Colonne&#8217; column-2=&#8217;2 pour 1&#8242; column-3=&#8217;32.40%&#8217; column-4=&#8217;31.6%&#8217;]<br \/>\n[table_row column-1=&#8217;Douzaine&#8217; column-2=&#8217;2 pour 1&#8242; column-3=&#8217;32.40%&#8217; column-4=&#8217;31.6%&#8217;]<br \/>\n[table_row column-1=&#8217;1 Num\u00e9ro&#8217; column-2=&#8217;35 pour 1&#8242; column-3=&#8217;2.70%&#8217; column-4=&#8217;2.60%&#8217;]<br \/>\n[table_row column-1=&#8217;2 Num\u00e9ros&#8217; column-2=&#8217;17 pour 1&#8242; column-3=&#8217;5.4%&#8217; column-4=&#8217;5.3%&#8217;]<br \/>\n[table_row column-1=&#8217;3 Num\u00e9ros&#8217; column-2=&#8217;11 pour 1&#8242; column-3=&#8217;8.1%&#8217; column-4=&#8217;7.9%&#8217;]<br \/>\n[table_row column-1=&#8217;4 Num\u00e9ros&#8217; column-2=&#8217;8 pour 1&#8242; column-3=&#8217;10.8%&#8217; column-4=&#8217;10.5%&#8217;]<br \/>\n[table_row column-1=&#8217;5 Num\u00e9ros&#8217; column-2=&#8217;6 pour 1&#8242; column-3=&#8217;13.5%&#8217; column-4=&#8217;13.2%&#8217;]<br \/>\n[table_row column-1=&#8217;6 Num\u00e9ros&#8217; column-2=&#8217;5 pour 1&#8242;  column-3=&#8217;16.2%&#8217; column-4=&#8217;15.8%&#8217;]<br \/>\n[table_end]<\/p>\n<p>\u00c9videmment, les probabilit\u00e9s peuvent changer en fonction du jeu de roulette choisi. Nous avons list\u00e9s les versions populaires dans la section suiviante. Assurez-vous d&#8217;utiliser la bonne strat\u00e9gie selon la version choisie.<\/p>\n<h3>Versions de Roulette Live<\/h3>\n<p>Il existe plusieurs versions de roulette live. La plus populaire \u00e9tant la Roulette Europ\u00e9enne ou (European Roulette) qui a 37 segments avec une table de paiement plut\u00f4t standard. Cette version a un house edge de 2.7%. <\/p>\n<p>La Roulette Am\u00e9ricaine (ou American roulette) est similaire. Il y a, toutefois, un segment suppl\u00e9mentraire, le double z\u00e9ro. Cela veut dire que le house edge est un peu plus grand, soit 5.26%. <\/p>\n<p>Finalement, il y a \u00e9galement la Roulette Fran\u00e7aise (ou French Roulette), qui a le house edge le plus bad, \u00e0 1.35%. Ceci est possible puisqu&#8217;il existe plus d&#8217;options de mise dont des half bets si la balle att\u00e9rit sur un segment vert.<\/p>\n<p><strong>Voici la liste de toutes les versions de roulette disponibles en ligne:<\/strong><\/p>\n<ul>\n<li>Live dealer roulette<\/li>\n<li>Speed roulette<\/li>\n<li>Auto roulette<\/li>\n<li>Immersive roulette<\/li>\n<li>Double ball roulette<\/li>\n<li>Golden ball roulette<\/li>\n<li>European roulette<\/li>\n<li>American roulette<\/li>\n<li>French roulette<\/li>\n<\/ul>\n<p>Si vous aimez les jeux de roulette, vous allez aimer la Roulette Lightning!<\/p>\n<div id=\"attachment_8968\" style=\"width: 1034px\" class=\"wp-caption alignnone\"><img loading=\"lazy\" decoding=\"async\" aria-describedby=\"caption-attachment-8968\" src=\"https:\/\/www.bonus.ca\/fr\/images\/live-casino-roulette-1-1024x331-1.png\" alt=\"versions de roulette live\" width=\"1200\" height=\"388\" class=\"size-full wp-image-8968\" \/><p id=\"caption-attachment-8968\" class=\"wp-caption-text\">Voici diff\u00e9rentes versions de roulette en ligne.<\/p><\/div>\n<h2>M\u00e9thodes Bancaires dans les Casinos Live<\/h2>\n<p>Lorsque vous faites un d\u00e9p\u00f4t ou un retrait dans un casino, vous pouvez utiliser les m\u00eame m\u00e9thodes bancaires. Lorsque vous jouez en argent r\u00e9el, vous serez en mesure de jouer \u00e0 diff\u00e9rents jeux &#8211; jeux classiques, jeux de tables, machines \u00e0 sous ainsi que les jeux live.<\/p>\n<ol>\n<li>Choisissez une m\u00e9thode bancaire<\/li>\n<li>S\u00e9lectionnez le montant du d\u00e9p\u00f4t<\/li>\n<li>Liez votre m\u00e9thode bancaire \u00e0 votre compte<\/li>\n<li>Confirmez le tout<\/li>\n<li>S\u00e9lectionnez un jeu de roulette<\/li>\n<li>Faites vos mises<\/li>\n<\/ol>\n<p>Une fois que vous avez choisi un <a href=\"https:\/\/www.bonus.ca\/fr\/casino-en-ligne\/le-plus-payant\">casino en ligne plus payant<\/a>, vous n&#8217;aurez qu&#8217;\u00e0 choisir la m\u00e9thode bancaire qui vous convient. Si vous aimez jouez depuis votre mobile, ce ne sera pas un probl\u00e8me puisque la plupart des jeux en direct fonctionnent parfaitement sur mobile.<\/p>\n<p>Puisque la plupart des joueurs jouent depuis leur t\u00e9l\u00e9phone, les casinos en ligne se doivent d&#8217;optimiser leurs jeux. Cela dit, vous pourrez jouer depuis le navigateur ou utiliser l&#8217;application mobile offerte sur le site. De nos jours, les jeux sont excellents sur mobile.<\/p>\n<h2>Meilleur Casino pour Jouer \u00e0 la Roulette Live 2026: LeoVegas<\/h2>\n<p>Les jeux en direct sont r\u00e9gul\u00e9s et licensi\u00e9s par les sites de casino. Chaque <a href=\"https:\/\/www.bonus.ca\/fr\/casino-en-ligne\">casino en ligne Canada populaire<\/a> list\u00e9 ci-dessus offrent des jeux de roulette.<\/p>\n<p>Les jeux de roulette live sont excitants, et de grande qualit\u00e9. Vous n&#8217;aurez pas besoin de quitter le confort de votre foyer pour jouer depuis votre appareil de pr\u00e9dilection. Vous aurez le m\u00eame plaisir et vous pourrez interragir avec le dealer ainsi qu&#8217;avec les autres joueurs.<\/p>\n","protected":false},"excerpt":{"rendered":"<p>Sites de Casino en Ligne Offrant la Roulette en Direct Si vous aimez les jeux en ligne, vous avez probablement d\u00e9j\u00e0 jou\u00e9 \u00e0 la roulette live. Vous savez qu&#8217;il existe plusieurs diff\u00e9rentes versions de roulette. Jouez \u00e0 la roulette live vous permet d&#8217;appr\u00e9cier l&#8217;adr\u00e9naline tout en exp\u00e9rimentant plusieurs versions. Les jeux en ligne sont r\u00e9gul\u00e9s, [&hellip;]<\/p>\n","protected":false},"author":123,"featured_media":0,"parent":11032,"menu_order":0,"comment_status":"closed","ping_status":"closed","template":"","meta":{"inline_featured_image":false,"_glsr_average":0,"_glsr_ranking":0,"_glsr_reviews":0,"footnotes":""},"class_list":["post-8964","page","type-page","status-publish","hentry"],"yoast_head":"<!-- This site is optimized with the Yoast SEO plugin v27.4 - https:\/\/yoast.com\/product\/yoast-seo-wordpress\/ -->\n<title>Casino Roulette en Ligne en Direct \ud83c\udf96\ufe0f Canada [year]<\/title>\n<meta name=\"description\" content=\"Voici les meilleurs casinos en ligne pour jouer \u00e0 la roulette en ligne en direct et en argent r\u00e9el. \u2714\ufe0f Casinos fiables qui paient rapidement.\" \/>\n<meta name=\"robots\" content=\"index, follow, max-snippet:-1, max-image-preview:large, max-video-preview:-1\" \/>\n<link rel=\"canonical\" href=\"https:\/\/www.bonus.ca\/fr\/casino-en-ligne\/roulette\" \/>\n<meta property=\"og:type\" content=\"article\" \/>\n<meta property=\"og:title\" content=\"Casino Roulette en Ligne en Direct \ud83c\udf96\ufe0f Canada [year]\" \/>\n<meta property=\"og:description\" content=\"Voici les meilleurs casinos en ligne pour jouer \u00e0 la roulette en ligne en direct et en argent r\u00e9el. \u2714\ufe0f Casinos fiables qui paient rapidement.\" \/>\n<meta property=\"og:url\" content=\"https:\/\/www.bonus.ca\/fr\/casino-en-ligne\/roulette\" \/>\n<meta property=\"article:published_time\" content=\"2020-01-07T11:18:01+00:00\" \/>\n<meta property=\"article:modified_time\" content=\"2025-03-25T20:26:14+00:00\" \/>\n<meta property=\"og:image\" content=\"https:\/\/mediafr.bonus.ca\/images\/live-online-roulette-1024x382-1.png\" \/>\n<meta name=\"twitter:card\" content=\"summary_large_image\" \/>\n<meta name=\"twitter:label1\" content=\"Est. reading time\" \/>\n\t<meta name=\"twitter:data1\" content=\"7 minutes\" \/>\n<!-- \/ Yoast SEO plugin. -->","yoast_head_json":{"title":"Casino Roulette en Ligne en Direct \ud83c\udf96\ufe0f Canada [year]","description":"Voici les meilleurs casinos en ligne pour jouer \u00e0 la roulette en ligne en direct et en argent r\u00e9el. \u2714\ufe0f Casinos fiables qui paient rapidement.","robots":{"index":"index","follow":"follow","max-snippet":"max-snippet:-1","max-image-preview":"max-image-preview:large","max-video-preview":"max-video-preview:-1"},"canonical":"https:\/\/www.bonus.ca\/fr\/casino-en-ligne\/roulette","og_type":"article","og_title":"Casino Roulette en Ligne en Direct \ud83c\udf96\ufe0f Canada [year]","og_description":"Voici les meilleurs casinos en ligne pour jouer \u00e0 la roulette en ligne en direct et en argent r\u00e9el. \u2714\ufe0f Casinos fiables qui paient rapidement.","og_url":"https:\/\/www.bonus.ca\/fr\/casino-en-ligne\/roulette","article_published_time":"2020-01-07T11:18:01+00:00","article_modified_time":"2025-03-25T20:26:14+00:00","og_image":[{"url":"https:\/\/mediafr.bonus.ca\/images\/live-online-roulette-1024x382-1.png","type":"","width":"","height":""}],"twitter_card":"summary_large_image","twitter_misc":{"Est. reading time":"7 minutes"},"schema":{"@context":"https:\/\/schema.org","@graph":[{"@type":"WebPage","@id":"https:\/\/www.bonus.ca\/fr\/casino-en-ligne\/roulette","url":"https:\/\/www.bonus.ca\/fr\/casino-en-ligne\/roulette","name":"Casino Roulette en Ligne en Direct \ud83c\udf96\ufe0f Canada [year]","isPartOf":{"@id":"https:\/\/www.bonus.ca\/fr\/#website"},"primaryImageOfPage":{"@id":"https:\/\/www.bonus.ca\/fr\/casino-en-ligne\/roulette#primaryimage"},"image":{"@id":"https:\/\/www.bonus.ca\/fr\/casino-en-ligne\/roulette#primaryimage"},"thumbnailUrl":"https:\/\/www.bonus.ca\/fr\/images\/live-online-roulette-1024x382-1.png","datePublished":"2020-01-07T11:18:01+00:00","dateModified":"2025-03-25T20:26:14+00:00","description":"Voici les meilleurs casinos en ligne pour jouer \u00e0 la roulette en ligne en direct et en argent r\u00e9el. \u2714\ufe0f Casinos fiables qui paient rapidement.","breadcrumb":{"@id":"https:\/\/www.bonus.ca\/fr\/casino-en-ligne\/roulette#breadcrumb"},"inLanguage":"en-US","potentialAction":[{"@type":"ReadAction","target":["https:\/\/www.bonus.ca\/fr\/casino-en-ligne\/roulette"]}]},{"@type":"ImageObject","inLanguage":"en-US","@id":"https:\/\/www.bonus.ca\/fr\/casino-en-ligne\/roulette#primaryimage","url":"https:\/\/www.bonus.ca\/fr\/images\/live-online-roulette-1024x382-1.png","contentUrl":"https:\/\/www.bonus.ca\/fr\/images\/live-online-roulette-1024x382-1.png"},{"@type":"BreadcrumbList","@id":"https:\/\/www.bonus.ca\/fr\/casino-en-ligne\/roulette#breadcrumb","itemListElement":[{"@type":"ListItem","position":1,"name":"Home","item":"https:\/\/www.bonus.ca\/fr\/"},{"@type":"ListItem","position":2,"name":"Casino argent r\u00e9\u00e8l","item":"https:\/\/www.bonus.ca\/fr\/casino-en-ligne"},{"@type":"ListItem","position":3,"name":"Casinos Roulette Live"}]},{"@type":"WebSite","@id":"https:\/\/www.bonus.ca\/fr\/#website","url":"https:\/\/www.bonus.ca\/fr\/","name":"BonusFinder Canada (Fran\u00e7ais)","description":"La source de bonus n\u00b0 1 au Canada","potentialAction":[{"@type":"SearchAction","target":{"@type":"EntryPoint","urlTemplate":"https:\/\/www.bonus.ca\/fr\/?s={search_term_string}"},"query-input":{"@type":"PropertyValueSpecification","valueRequired":true,"valueName":"search_term_string"}}],"inLanguage":"en-US"}]}},"_links":{"self":[{"href":"https:\/\/www.bonus.ca\/fr\/wp-json\/wp\/v2\/pages\/8964","targetHints":{"allow":["GET"]}}],"collection":[{"href":"https:\/\/www.bonus.ca\/fr\/wp-json\/wp\/v2\/pages"}],"about":[{"href":"https:\/\/www.bonus.ca\/fr\/wp-json\/wp\/v2\/types\/page"}],"author":[{"embeddable":true,"href":"https:\/\/www.bonus.ca\/fr\/wp-json\/wp\/v2\/users\/123"}],"replies":[{"embeddable":true,"href":"https:\/\/www.bonus.ca\/fr\/wp-json\/wp\/v2\/comments?post=8964"}],"version-history":[{"count":11,"href":"https:\/\/www.bonus.ca\/fr\/wp-json\/wp\/v2\/pages\/8964\/revisions"}],"predecessor-version":[{"id":24111,"href":"https:\/\/www.bonus.ca\/fr\/wp-json\/wp\/v2\/pages\/8964\/revisions\/24111"}],"up":[{"embeddable":true,"href":"https:\/\/www.bonus.ca\/fr\/wp-json\/wp\/v2\/pages\/11032"}],"wp:attachment":[{"href":"https:\/\/www.bonus.ca\/fr\/wp-json\/wp\/v2\/media?parent=8964"}],"curies":[{"name":"wp","href":"https:\/\/api.w.org\/{rel}","templated":true}]}}