{"id":9137,"date":"2020-01-18T02:40:07","date_gmt":"2020-01-18T02:40:07","guid":{"rendered":"https:\/\/www.bonus.ca\/fr\/?page_id=9137"},"modified":"2026-04-15T11:50:16","modified_gmt":"2026-04-15T11:50:16","slug":"jeu-responsable","status":"publish","type":"page","link":"https:\/\/www.bonus.ca\/fr\/jeu-responsable","title":{"rendered":"Jeu Responsable"},"content":{"rendered":"<h2>Jouer avec responsabilit\u00e9<\/h2>\n<p>Le jeu dans les <a href=\"https:\/\/www.bonus.ca\/fr\/\">casinos en ligne au Canada<\/a> devrait \u00eatre une fa\u00e7on amusante de vous occuper et de vous divertir. Il y a cependant des moments o\u00f9 jouer devient plus qu&#8217;un simple plaisir. Il est alors temps de prendre une pause ou d&#8217;envisager d&#8217;arr\u00eater compl\u00e8tement.<\/p>\n<p>Chez BonusFinder, nous encourageons le jeu responsable. Tous les casinos, sites de poker et sites de paris sportifs avec lesquels nous sommes partenaires offrent la possibilit\u00e9 de d\u00e9finir des limites de d\u00e9p\u00f4t ou de s&#8217;exclure automatiquement pendant une p\u00e9riode d\u00e9termin\u00e9e ou de fa\u00e7on permanente.<\/p>\n<p>Nous ne sommes pas des professionnels de la sant\u00e9, mais nous avons rassembl\u00e9 ci dessous des informations sur le jeu responsable et les probl\u00e8mes de jeu. Jetez un coup d&#8217;\u0153il, r\u00e9fl\u00e9chissez et demandez de l&#8217;aide si vous pensez en avoir besoin.<\/p>\n<div class=\"bf-rgsa\" id=\"bf-rgsa-root\" role=\"region\" aria-label=\"&Eacute;valuation des risques li&eacute;s aux jeux d&#039;argent\">\n\t\t<div class=\"bf-rgsa__intro\" id=\"bf-rgsa-intro\">\n\t\t<h2 class=\"bf-rgsa__heading\">&Eacute;valuation des risques li&eacute;s aux jeux d&#039;argent<\/h2>\n\t\t<p class=\"bf-rgsa__description\">Ce court outil d&#039;auto-&eacute;valuation peut vous aider &agrave; r&eacute;fl&eacute;chir &agrave; vos habitudes de jeu. Vos r&eacute;ponses sont enti&egrave;rement priv&eacute;es et ne sont ni stock&eacute;es ni transmises.<\/p>\n\t\t<div class=\"bf-rgsa__disclaimer\" role=\"note\">\n\t\t\t<svg class=\"bf-rgsa__disclaimer-icon\" width=\"16\" height=\"16\" viewBox=\"0 0 16 16\" fill=\"none\" aria-hidden=\"true\">\n\t\t\t\t<circle cx=\"8\" cy=\"8\" r=\"8\" fill=\"currentColor\"\/>\n\t\t\t\t<text x=\"8\" y=\"12\" text-anchor=\"middle\" fill=\"white\" font-size=\"11\" font-family=\"Georgia, 'Times New Roman', serif\" font-style=\"italic\" font-weight=\"700\">i<\/text>\n\t\t\t<\/svg>\n\t\t\t<span>Ceci est un outil de sensibilisation, pas un diagnostic clinique.<\/span>\n\t\t<\/div>\n\t\t<button class=\"bf-rgsa__btn bf-rgsa__btn--primary bf-rgsa__start-btn\" type=\"button\" id=\"bf-rgsa-start\">\n\t\t\tCommen&ccedil;ons\n\t\t<\/button>\n\t<\/div>\n\n\t\t<div class=\"bf-rgsa__app\" id=\"bf-rgsa-app\" aria-live=\"polite\" style=\"display:none;\">\n\t<\/div>\n\n\t\t<div class=\"bf-rgsa__seo-content\" aria-hidden=\"true\">\n\t\t<h3>About this gambling self-assessment<\/h3>\n\t\t<p>This responsible gambling self-assessment is based on the Problem Gambling Severity Index (PGSI) and DSM-5 diagnostic criteria. It helps you reflect on gambling habits and identify potential risks.<\/p>\n\t\t<h4>Questions covered<\/h4>\n\t\t<ol>\n\t\t\t\t\t<li>Pour qui remplissez-vous cette &eacute;valuation ?<\/li>\n\t\t\t\t\t<li>Vous arrive-t-il de vous inqui&eacute;ter &agrave; propos de votre jeu ?<\/li>\n\t\t\t\t\t<li>Votre jeu vous cause-t-il des difficult&eacute;s ?<\/li>\n\t\t\t\t\t<li>Ressentez-vous le besoin de jouer avec des sommes de plus en plus importantes ?<\/li>\n\t\t\t\t\t<li>Avez-vous d&eacute;j&agrave; jou&eacute; plus que ce que vous pouviez vous permettre de perdre ?<\/li>\n\t\t\t\t\t<li>Avez-vous d&eacute;j&agrave; essay&eacute; de r&eacute;cup&eacute;rer de l&#039;argent perdu en jouant ?<\/li>\n\t\t\t\t\t<li>Avez-vous d&eacute;j&agrave; cach&eacute; quelque chose concernant votre jeu ?<\/li>\n\t\t\t\t<\/ol>\n\t\t<h4>Risk levels<\/h4>\n\t\t<ul>\n\t\t\t<li><strong>Aucun risque<\/strong> \u2014 Continuez ainsi ! D&eacute;finir des limites de d&eacute;p&ocirc;t et des rappels peut vous aider &agrave; garder le contr&ocirc;le.<\/li>\n\t\t\t<li><strong>Faible risque<\/strong> \u2014 M&ecirc;me avec un faible risque, il est utile de surveiller ses habitudes et d&#039;utiliser des outils de jeu responsable.<\/li>\n\t\t\t<li><strong>Risque mod&eacute;r&eacute;<\/strong> \u2014 Vous pourriez b&eacute;n&eacute;ficier de limites plus strictes et de parler &agrave; une personne de confiance.<\/li>\n\t\t\t<li><strong>Risque &eacute;lev&eacute;<\/strong> \u2014 C&#039;est une &eacute;tape importante. Envisagez de demander de l&#039;aide.<\/li>\n\t\t<\/ul>\n\t\t<h4>Support resources<\/h4>\n\t\t<ul>\n\t\t\t<li>Gamblers Anonymous \u2014 <a href=\"https:\/\/www.gamblersanonymous.org\" rel=\"noopener\">gamblersanonymous.org<\/a><\/li>\n\t\t\t<li>National Problem Gambling Helpline (US) \u2014 1-800-522-4700<\/li>\n\t\t\t<li>BeGambleAware (UK) \u2014 <a href=\"https:\/\/www.begambleaware.org\" rel=\"noopener\">begambleaware.org<\/a><\/li>\n\t\t\t<li>Gambling Therapy (International) \u2014 <a href=\"https:\/\/www.gamblingtherapy.org\" rel=\"noopener\">gamblingtherapy.org<\/a><\/li>\n\t\t<\/ul>\n\t<\/div>\n\n\t<noscript>\n\t\t<div class=\"bf-rgsa__noscript\" role=\"alert\">\n\t\t\tCette &eacute;valuation n&eacute;cessite JavaScript. Veuillez l&#039;activer dans les param&egrave;tres de votre navigateur.\n\t\t<\/div>\n\t<\/noscript>\n<\/div>\n\n<h2>Comment jouer prudemment<\/h2>\n<p>Le <a href=\"https:\/\/www.responsiblegambling.org\/fr\/\" rel=\"noopener nofollow noreferrer\" target=\"_blank\">Conseil canadien sur le jeu responsable (CCJR)<\/a> est l&#8217;organisation nationale canadienne d\u00e9di\u00e9e \u00e0 la pr\u00e9vention des probl\u00e8mes de jeu. Voici leurs conseils pour jouer en toute s\u00e9curit\u00e9 :<\/p>\n<ol>\n<li>Ne pensez pas au jeu comme \u00e9tant un moyen de faire de l&#8217;argent.<\/li>\n<li>Jouez seulement avec de l&#8217;argent que vous pouvez vous permettre de perdre.<\/li>\n<li>Fixez une limite d&#8217;argent \u00e0 l&#8217;avance.<\/li>\n<li>Fixez une limite de temps \u00e0 l&#8217;avance.<\/li>\n<li>N&#8217;essayez pas de renflouer vos pertes.<\/li>\n<li>Ne jouez pas lorsque vous \u00eates d\u00e9prim\u00e9 ou contrari\u00e9.<\/li>\n<li>\u00c9quilibrez le jeu avec d&#8217;autres activit\u00e9s.<\/li>\n<li>Prenez des pauses r\u00e9guli\u00e8res.<\/li>\n<li>Ne buvez pas et ne consommez pas de drogues lorsque vous jouez.<\/li>\n<li>Utilisez les limites de d\u00e9p\u00f4t et les limites de temps disponibles sur votre casino en ligne.<\/li>\n<\/ol>\n<p>Nous vous recommandons fortement d&#8217;utiliser les limites de d\u00e9p\u00f4t et les limites de dur\u00e9e de session offertes par tous les casinos en ligne licenci\u00e9s au Canada.<\/p>\n<h2>Indices que vous jouez de fa\u00e7on probl\u00e9matique<\/h2>\n<p>La d\u00e9finition de jeu probl\u00e9matique, de la d\u00e9pendance ou de troubles varie selon les pays et les sources. L&#8217;Association Psychiatrique Am\u00e9ricaine (APA) appelle cela un <a href=\"https:\/\/www.psychiatry.org\/patients-families\/gambling-disorder\/what-is-gambling-disorder\" rel=\"noopener nofollow noreferrer\" target=\"_blank\">trouble du jeu<\/a> et le d\u00e9finit comme suit : &#8221; le trouble du jeu implique un comportement de jeu r\u00e9p\u00e9t\u00e9 qui cause des probl\u00e8mes importants ou de la d\u00e9tresse. &#8221;<\/p>\n<p>Selon l&#8217;APA, un diagnostic de trouble du jeu n\u00e9cessite au moins quatre des \u00e9l\u00e9ments suivants au cours de la derni\u00e8re ann\u00e9e :<\/p>\n<ol>\n<li>Besoin de jouer avec des sommes d&#8217;argent croissantes pour obtenir l&#8217;excitation d\u00e9sir\u00e9e.<\/li>\n<li>Agit\u00e9 ou irritable lorsque l&#8217;on essaie de r\u00e9duire ou d&#8217;arr\u00eater de jouer.<\/li>\n<li>Efforts r\u00e9p\u00e9t\u00e9s et infructueux pour contr\u00f4ler, r\u00e9duire ou arr\u00eater le jeu.<\/li>\n<li>R\u00e9flexions fr\u00e9quentes sur le jeu (par exemple, revivre les exp\u00e9riences de jeu du pass\u00e9, planifier son prochain moment de jeu, r\u00e9fl\u00e9chir aux moyens d&#8217;obtenir de l&#8217;argent pour jouer).<\/li>\n<li>Jouer fr\u00e9quemment lorsqu&#8217;en d\u00e9tresse.<\/li>\n<li>Revenir fr\u00e9quemment pour renflouer un montant d&#8217;argent apr\u00e8s l&#8217;avoir perdu en jouant (ce qu&#8217;on appelle &#8221; vouloir renflouer ses pertes &#8220;).<\/li>\n<li>Mentir pour cacher une activit\u00e9 de jeu.<\/li>\n<li>Mettre en p\u00e9ril ou perdre une relation importante, un emploi ou une opportunit\u00e9 d&#8217;\u00e9tudes ou de carri\u00e8re \u00e0 cause du jeu.<\/li>\n<li>Compter sur les autres pour r\u00e9soudre ses probl\u00e8mes caus\u00e9s par le jeu.<\/li>\n<\/ol>\n<p>Si vous avez d\u00e9j\u00e0 ressenti ou fait l&#8217;une des choses \u00e9num\u00e9r\u00e9es ci dessus, vous devrez peut \u00eatre prendre le contr\u00f4le de votre jeu. Le <a href=\"https:\/\/www.camh.ca\/en\/health-info\/guides-and-publications\/self-check\" rel=\"noopener noreferrer\" target=\"_blank\">Centre de toxicomanie et de sant\u00e9 mentale (CAMH)<\/a> offre un outil d&#8217;auto\u00e9valuation anonyme pour vous aider \u00e0 \u00e9valuer vos habitudes de jeu.<\/p>\n<h2>Le Jeu Responsable au Qu\u00e9bec<\/h2>\n<p>Le Qu\u00e9bec dispose de sa propre infrastructure en mati\u00e8re de jeu responsable, distincte du reste du Canada. Loto Qu\u00e9bec publie chaque ann\u00e9e des donn\u00e9es sur la pr\u00e9valence du jeu probl\u00e9matique et les initiatives de pr\u00e9vention dans la province.<\/p>\n<p>[table_start]<br \/>\n[table_head column-1=&#8217;Statistique&#8217; column-2=&#8217;Donn\u00e9e&#8217; column-3=&#8217;Source&#8217;]<br \/>\n[table_row column-1=&#8217;Qu\u00e9b\u00e9cois qui jouent au moins une fois par ann\u00e9e&#8217; column-2=&#8217;~70%&#8217; column-3=&#8217;<a href=\"https:\/\/www.lotoquebec.com\/fr\/corporatif\/responsabilite-societale\/jeu-responsable\" rel=\"noopener\" target=\"_blank\">Loto-Qu\u00e9bec Responsabilit\u00e9 soci\u00e9tale<\/a>&#8216;]<br \/>\n[table_row column-1=&#8217;Adultes qu\u00e9b\u00e9cois pr\u00e9sentant un probl\u00e8me de jeu grave&#8217; column-2=&#8217;~0,7%&#8217; column-3=&#8217;<a href=\"https:\/\/www.inspq.qc.ca\" rel=\"noopener\" target=\"_blank\">Institut national de sant\u00e9 publique du Qu\u00e9bec (INSPQ)<\/a>&#8216;]<br \/>\n[table_row column-1=&#8217;Adultes qu\u00e9b\u00e9cois pr\u00e9sentant un jeu probl\u00e9matique mod\u00e9r\u00e9 ou grave&#8217; column-2=&#8217;~2%&#8217; column-3=&#8217;<a href=\"https:\/\/www.cqeptj.ca\" rel=\"noopener\" target=\"_blank\">Centre qu\u00e9b\u00e9cois d excellence pour la pr\u00e9vention et le traitement du jeu (CQEPTJ)<\/a>&#8216;]<br \/>\n[table_row column-1=&#8217;Adultes canadiens pr\u00e9sentant un probl\u00e8me de jeu&#8217; column-2=&#8217;1\u20133%&#8217; column-3=&#8217;<a href=\"https:\/\/www.ccsa.ca\" rel=\"noopener\" target=\"_blank\">Centre canadien sur les d\u00e9pendances et l usage de substances (CCSA)<\/a>&#8216;]<br \/>\n[table_row column-1=&#8217;Co\u00fbt \u00e9conomique annuel du jeu probl\u00e9matique au Canada&#8217; column-2=&#8217;~3,1 milliards $&#8217; column-3=&#8217;<a href=\"https:\/\/www.ccsa.ca\" rel=\"noopener\" target=\"_blank\">CCSA<\/a>&#8216;]<br \/>\n[table_end]<\/p>\n<p>Quelle que soit la pr\u00e9valence actuelle, vous n&#8217;\u00eates pas seul. Des millions de Canadiens sont touch\u00e9s par les m\u00e9faits li\u00e9s au jeu, et des ressources de soutien existent dans chaque province et territoire.<\/p>\n<h2>Outils de Protection au Qu\u00e9bec<\/h2>\n<p>Le Qu\u00e9bec dispose de son propre programme d&#8217;autoexclusion, distinct de celui d&#8217;iGaming Ontario. Les joueurs qu\u00e9b\u00e9cois qui souhaitent s&#8217;exclure du jeu en ligne doivent s&#8217;adresser directement \u00e0 Loto Qu\u00e9bec les outils d&#8217;iGaming Ontario ne s&#8217;appliquent pas au Qu\u00e9bec, car la province n&#8217;a pas adh\u00e9r\u00e9 au cadre r\u00e9glementaire de l&#8217;Ontario.<\/p>\n<div class=\"bonusfinder-tip expert-pick-card\">\n\t<div class=\"title\">\n\t\t<div class=\"tip-icon\">\n\t\t\t<img decoding=\"async\" src=\"https:\/\/mediafr.bonus.ca\/images\/crown.svg\" width=\"36\" height=\"36\" class=\"icon-xlarge\" loading=\"lazy\" alt=\"expert-pick-icon\" srcset=\"https:\/\/mediafr.bonus.ca\/images\/crown.svg 1x, https:\/\/mediafr.bonus.ca\/images\/crown.svg 2x\" \/>\n\t\t<\/div>\n\t\t<div class=\"expert-title\">Recommandation de Notre Expert BonusFinder<\/div>\n\t<\/div>\n\t<div><strong>Programme Mise sur toi Autoexclusion au Qu\u00e9bec<\/strong> : Le programme <a href=\"https:\/\/www.misesurtoi.ca\" rel=\"noopener\" target=\"_blank\">Mise sur toi<\/a> est le programme national d autoexclusion du jeu au Qu\u00e9bec, administr\u00e9 par Loto-Qu\u00e9bec. Il vous permet de vous exclure des casinos terrestres, des salons de jeux et de la plateforme en ligne de Loto-Qu\u00e9bec. T\u00e9l\u00e9phone : 1-800-461-0140.<\/div>\n    <\/div>\n\n<p>[table_start]<br \/>\n[table_head column-1=&#8217;Outil&#8217; column-2=&#8217;Description&#8217; column-3=&#8217;Comment y acc\u00e9der&#8217;]<br \/>\n[table_row column-1=&#8217;<strong>Autoexclusion (Mise sur toi)<\/strong>&#8216; column-2=&#8217;Excluez-vous des plateformes de Loto-Qu\u00e9bec pour une p\u00e9riode d\u00e9termin\u00e9e ou de fa\u00e7on permanente. S applique aux casinos terrestres et en ligne de Loto-Qu\u00e9bec.&#8217; column-3=&#8217;<a href=\"https:\/\/www.misesurtoi.ca\" rel=\"noopener\" target=\"_blank\">misesurtoi.ca<\/a> ou 1-800-461-0140&#8242;]<br \/>\n[table_row column-1=&#8217;<strong>Limites de d\u00e9p\u00f4t<\/strong>&#8216; column-2=&#8217;D\u00e9finissez un montant maximum que vous pouvez d\u00e9poser quotidiennement, hebdomadairement ou mensuellement sur votre compte de jeu.&#8217; column-3=&#8217;Param\u00e8tres du compte \u2192 Jeu responsable&#8217;]<br \/>\n[table_row column-1=&#8217;<strong>Limites de temps de session<\/strong>&#8216; column-2=&#8217;Fixez une dur\u00e9e maximale de session. Vous recevrez un avertissement lorsque votre temps sera \u00e9coul\u00e9.&#8217; column-3=&#8217;Param\u00e8tres du compte \u2192 Notifications&#8217;]<br \/>\n[table_row column-1=&#8217;<strong>P\u00e9riode de r\u00e9flexion (cool-off)<\/strong>&#8216; column-2=&#8217;Suspendez temporairement votre compte pour 24 heures, 7 jours ou 30 jours. Prend effet imm\u00e9diatement.&#8217; column-3=&#8217;Param\u00e8tres du compte \u2192 Autoexclusion&#8217;]<br \/>\n[table_row column-1=&#8217;<strong>Auto\u00e9valuation en ligne<\/strong>&#8216; column-2=&#8217;Test anonyme pour \u00e9valuer vos habitudes de jeu et d\u00e9terminer si vous avez besoin d aide.&#8217; column-3=&#8217;<a href=\"https:\/\/www.jeu-aidereference.qc.ca\" rel=\"noopener\" target=\"_blank\">jeu-aidereference.qc.ca<\/a>&#8216;]<br \/>\n[table_end]<\/p>\n<h2>O\u00f9 trouver de l&#8217;aide<\/h2>\n<p><strong>Ressources prioritaires pour les joueurs qu\u00e9b\u00e9cois<\/strong><\/p>\n<p>[table_start]<br \/>\n[table_head column-1=&#8217;Organisation&#8217; column-2=&#8217;Contact&#8217; column-3=&#8217;Services&#8217;]<br \/>\n[table_row column-1=&#8217;<strong>Jeu : Aide et R\u00e9f\u00e9rence (Qu\u00e9bec)<\/strong>&#8216; column-2=&#8217;1-800-461-0140 (24h\/24, 7j\/7) \/ <a href=\"https:\/\/www.jeu-aidereference.qc.ca\" rel=\"noopener\" target=\"_blank\">jeu-aidereference.qc.ca<\/a>&#8216; column-3=&#8217;Ligne d assistance t\u00e9l\u00e9phonique principale au Qu\u00e9bec pour les probl\u00e8mes de jeu confidentielle et gratuite&#8217;]<br \/>\n[table_row column-1=&#8217;<strong>CQEPTJ<\/strong>&#8216; column-2=&#8217;<a href=\"https:\/\/www.cqeptj.ca\" rel=\"noopener\" target=\"_blank\">cqeptj.ca<\/a>&#8216; column-3=&#8217;Centre qu\u00e9b\u00e9cois d excellence pour la pr\u00e9vention et le traitement du jeu recherche et ressources cliniques&#8217;]<br \/>\n[table_row column-1=&#8217;<strong>Joueurs Anonymes<\/strong>&#8216; column-2=&#8217;<a href=\"https:\/\/www.joueurs-anonymes.ca\" rel=\"noopener\" target=\"_blank\">joueurs-anonymes.ca<\/a>&#8216; column-3=&#8217;Groupes de soutien par les pairs, r\u00e9unions en personne et en ligne partout au Qu\u00e9bec&#8217;]<br \/>\n[table_end]<\/p>\n<p><strong>Ressources nationales<\/strong><\/p>\n<p>[table_start]<br \/>\n[table_head column-1=&#8217;Organisation&#8217; column-2=&#8217;Contact&#8217; column-3=&#8217;Services&#8217;]<br \/>\n[table_row column-1=&#8217;<strong>Conseil canadien sur le jeu responsable (CCJR)<\/strong>&#8216; column-2=&#8217;<a href=\"https:\/\/www.responsiblegambling.org\/fr\/\" rel=\"noopener\" target=\"_blank\">responsiblegambling.org\/fr<\/a>&#8216; column-3=&#8217;R\u00e9pertoire national des lignes d assistance, outils d autoaide, trouver un conseiller&#8217;]<br \/>\n[table_row column-1=&#8217;<strong>Centre de toxicomanie et de sant\u00e9 mentale (CAMH)<\/strong>&#8216; column-2=&#8217;416-535-8501 \/ <a href=\"https:\/\/www.camh.ca\" rel=\"noopener\" target=\"_blank\">camh.ca<\/a>&#8216; column-3=&#8217;Traitement de la d\u00e9pendance au jeu, recherche, outils d auto\u00e9valuation&#8217;]<br \/>\n[table_row column-1=&#8217;<strong>CCSA Centre canadien sur les d\u00e9pendances<\/strong>&#8216; column-2=&#8217;<a href=\"https:\/\/www.ccsa.ca\" rel=\"noopener\" target=\"_blank\">ccsa.ca<\/a>&#8216; column-3=&#8217;Recherche, politiques et strat\u00e9gie nationale sur les m\u00e9faits du jeu&#8217;]<br \/>\n[table_end]<\/p>\n<p><strong>Lignes d&#8217;assistance par province et territoire<\/strong><\/p>\n<p>Tous les num\u00e9ros ci-dessous sont gratuits, confidentiels et disponibles 24h\/24, 7j\/7, sauf indication contraire.<\/p>\n<p>[table_start]<br \/>\n[table_head column-1=&#8217;Province \/ Territoire&#8217; column-2=&#8217;Ligne d assistance&#8217; column-3=&#8217;Ressource suppl\u00e9mentaire&#8217;]<br \/>\n[table_row column-1=&#8217;<strong>Alberta<\/strong>&#8216; column-2=&#8217;1-866-332-2322&#8242; column-3=&#8217;<a href=\"https:\/\/aglc.ca\/gambling\/responsible-gambling\" rel=\"noopener\" target=\"_blank\">AGLC Jeu responsable<\/a>&#8216;]<br \/>\n[table_row column-1=&#8217;<strong>Colombie-Britannique<\/strong>&#8216; column-2=&#8217;1-888-795-6111&#8242; column-3=&#8217;<a href=\"https:\/\/www.bcresponsiblegambling.ca\" rel=\"noopener\" target=\"_blank\">bcresponsiblegambling.ca<\/a>&#8216;]<br \/>\n[table_row column-1=&#8217;<strong>Manitoba<\/strong>&#8216; column-2=&#8217;1-800-463-1554&#8242; column-3=&#8217;Manitoba Gambling Helpline&#8217;]<br \/>\n[table_row column-1=&#8217;<strong>Nouveau-Brunswick<\/strong>&#8216; column-2=&#8217;1-800-461-1234&#8242; column-3=&#8217;Services de sant\u00e9 mentale et d\u00e9pendances NB&#8217;]<br \/>\n[table_row column-1=&#8217;<strong>Terre-Neuve-et-Labrador<\/strong>&#8216; column-2=&#8217;1-888-899-4357&#8242; column-3=&#8217;Sant\u00e9 mentale et d\u00e9pendances TNL&#8217;]<br \/>\n[table_row column-1=&#8217;<strong>Territoires du Nord-Ouest<\/strong>&#8216; column-2=&#8217;1-800-661-0844&#8242; column-3=&#8217;Ligne d aide TNO&#8217;]<br \/>\n[table_row column-1=&#8217;<strong>Nouvelle-\u00c9cosse<\/strong>&#8216; column-2=&#8217;1-888-347-8888&#8242; column-3=&#8217;Nova Scotia Problem Gambling Helpline&#8217;]<br \/>\n[table_row column-1=&#8217;<strong>Nunavut<\/strong>&#8216; column-2=&#8217;1-800-265-3333&#8242; column-3=&#8217;Kamatsiaqtut Help Line&#8217;]<br \/>\n[table_row column-1=&#8217;<strong>Ontario<\/strong>&#8216; column-2=&#8217;1-888-230-3505&#8242; column-3=&#8217;<a href=\"https:\/\/www.connexontario.ca\" rel=\"noopener\" target=\"_blank\">ConnexOntario<\/a>&#8216;]<br \/>\n[table_row column-1=&#8217;<strong>\u00cele-du-Prince-\u00c9douard<\/strong>&#8216; column-2=&#8217;1-888-299-8399&#8242; column-3=&#8217;Services de d\u00e9pendances de l \u00ce.-P.-\u00c9.&#8217;]<br \/>\n[table_row column-1=&#8217;<strong>Qu\u00e9bec<\/strong>&#8216; column-2=&#8217;1-800-461-0140&#8242; column-3=&#8217;<a href=\"https:\/\/www.jeu-aidereference.qc.ca\" rel=\"noopener\" target=\"_blank\">Jeu : Aide et R\u00e9f\u00e9rence<\/a> (24h\/24)&#8217;]<br \/>\n[table_row column-1=&#8217;<strong>Saskatchewan<\/strong>&#8216; column-2=&#8217;1-800-306-6789&#8242; column-3=&#8217;Saskatchewan Problem Gambling Helpline&#8217;]<br \/>\n[table_row column-1=&#8217;<strong>Yukon<\/strong>&#8216; column-2=&#8217;1-800-661-0408&#8242; column-3=&#8217;Services en mati\u00e8re d alcool et de drogues du Yukon&#8217;]<br \/>\n[table_end]<\/p>\n<p>Si vous avez besoin d&#8217;aide urgente, veuillez visiter votre service d&#8217;urgence local ou appeler le 911.<\/p>\n","protected":false},"excerpt":{"rendered":"<p>Jouer avec responsabilit\u00e9 Le jeu dans les casinos en ligne au Canada devrait \u00eatre une fa\u00e7on amusante de vous occuper et de vous divertir. Il y a cependant des moments o\u00f9 jouer devient plus qu&#8217;un simple plaisir. Il est alors temps de prendre une pause ou d&#8217;envisager d&#8217;arr\u00eater compl\u00e8tement. Chez BonusFinder, nous encourageons le jeu [&hellip;]<\/p>\n","protected":false},"author":123,"featured_media":0,"parent":0,"menu_order":0,"comment_status":"closed","ping_status":"closed","template":"","meta":{"inline_featured_image":false,"_glsr_average":0,"_glsr_ranking":0,"_glsr_reviews":0,"footnotes":""},"class_list":["post-9137","page","type-page","status-publish","hentry"],"yoast_head":"<!-- This site is optimized with the Yoast SEO plugin v27.4 - https:\/\/yoast.com\/product\/yoast-seo-wordpress\/ -->\n<title>Jeu Responsable | BonusFinder Canada (Fran\u00e7ais)<\/title>\n<meta name=\"description\" content=\"Contactez l&#039;\u00e9quipe de BonusFinder tout en vous renseignant sur le jeu en ligne responsable. Quand le fun s&#039;arr\u00eate, arr\u00eatez vous.\" \/>\n<meta name=\"robots\" content=\"index, follow, max-snippet:-1, max-image-preview:large, max-video-preview:-1\" \/>\n<link rel=\"canonical\" href=\"https:\/\/www.bonus.ca\/fr\/jeu-responsable\" \/>\n<meta property=\"og:type\" content=\"article\" \/>\n<meta property=\"og:title\" content=\"Jeu Responsable | BonusFinder Canada (Fran\u00e7ais)\" \/>\n<meta property=\"og:description\" content=\"Contactez l&#039;\u00e9quipe de BonusFinder tout en vous renseignant sur le jeu en ligne responsable. Quand le fun s&#039;arr\u00eate, arr\u00eatez vous.\" \/>\n<meta property=\"og:url\" content=\"https:\/\/www.bonus.ca\/fr\/jeu-responsable\" \/>\n<meta property=\"article:published_time\" content=\"2020-01-18T02:40:07+00:00\" \/>\n<meta property=\"article:modified_time\" content=\"2026-04-15T11:50:16+00:00\" \/>\n<meta name=\"twitter:card\" content=\"summary_large_image\" \/>\n<meta name=\"twitter:label1\" content=\"Est. reading time\" \/>\n\t<meta name=\"twitter:data1\" content=\"6 minutes\" \/>\n<!-- \/ Yoast SEO plugin. -->","yoast_head_json":{"title":"Jeu Responsable | BonusFinder Canada (Fran\u00e7ais)","description":"Contactez l'\u00e9quipe de BonusFinder tout en vous renseignant sur le jeu en ligne responsable. Quand le fun s'arr\u00eate, arr\u00eatez vous.","robots":{"index":"index","follow":"follow","max-snippet":"max-snippet:-1","max-image-preview":"max-image-preview:large","max-video-preview":"max-video-preview:-1"},"canonical":"https:\/\/www.bonus.ca\/fr\/jeu-responsable","og_type":"article","og_title":"Jeu Responsable | BonusFinder Canada (Fran\u00e7ais)","og_description":"Contactez l'\u00e9quipe de BonusFinder tout en vous renseignant sur le jeu en ligne responsable. Quand le fun s'arr\u00eate, arr\u00eatez vous.","og_url":"https:\/\/www.bonus.ca\/fr\/jeu-responsable","article_published_time":"2020-01-18T02:40:07+00:00","article_modified_time":"2026-04-15T11:50:16+00:00","twitter_card":"summary_large_image","twitter_misc":{"Est. reading time":"6 minutes"},"schema":{"@context":"https:\/\/schema.org","@graph":[{"@type":"WebPage","@id":"https:\/\/www.bonus.ca\/fr\/jeu-responsable","url":"https:\/\/www.bonus.ca\/fr\/jeu-responsable","name":"Jeu Responsable | BonusFinder Canada (Fran\u00e7ais)","isPartOf":{"@id":"https:\/\/www.bonus.ca\/fr\/#website"},"datePublished":"2020-01-18T02:40:07+00:00","dateModified":"2026-04-15T11:50:16+00:00","description":"Contactez l'\u00e9quipe de BonusFinder tout en vous renseignant sur le jeu en ligne responsable. Quand le fun s'arr\u00eate, arr\u00eatez vous.","breadcrumb":{"@id":"https:\/\/www.bonus.ca\/fr\/jeu-responsable#breadcrumb"},"inLanguage":"en-US","potentialAction":[{"@type":"ReadAction","target":["https:\/\/www.bonus.ca\/fr\/jeu-responsable"]}]},{"@type":"BreadcrumbList","@id":"https:\/\/www.bonus.ca\/fr\/jeu-responsable#breadcrumb","itemListElement":[{"@type":"ListItem","position":1,"name":"Home","item":"https:\/\/www.bonus.ca\/fr\/"},{"@type":"ListItem","position":2,"name":"Jeu Responsable"}]},{"@type":"WebSite","@id":"https:\/\/www.bonus.ca\/fr\/#website","url":"https:\/\/www.bonus.ca\/fr\/","name":"BonusFinder Canada (Fran\u00e7ais)","description":"La source de bonus n\u00b0 1 au Canada","potentialAction":[{"@type":"SearchAction","target":{"@type":"EntryPoint","urlTemplate":"https:\/\/www.bonus.ca\/fr\/?s={search_term_string}"},"query-input":{"@type":"PropertyValueSpecification","valueRequired":true,"valueName":"search_term_string"}}],"inLanguage":"en-US"}]}},"_links":{"self":[{"href":"https:\/\/www.bonus.ca\/fr\/wp-json\/wp\/v2\/pages\/9137","targetHints":{"allow":["GET"]}}],"collection":[{"href":"https:\/\/www.bonus.ca\/fr\/wp-json\/wp\/v2\/pages"}],"about":[{"href":"https:\/\/www.bonus.ca\/fr\/wp-json\/wp\/v2\/types\/page"}],"author":[{"embeddable":true,"href":"https:\/\/www.bonus.ca\/fr\/wp-json\/wp\/v2\/users\/123"}],"replies":[{"embeddable":true,"href":"https:\/\/www.bonus.ca\/fr\/wp-json\/wp\/v2\/comments?post=9137"}],"version-history":[{"count":12,"href":"https:\/\/www.bonus.ca\/fr\/wp-json\/wp\/v2\/pages\/9137\/revisions"}],"predecessor-version":[{"id":26508,"href":"https:\/\/www.bonus.ca\/fr\/wp-json\/wp\/v2\/pages\/9137\/revisions\/26508"}],"wp:attachment":[{"href":"https:\/\/www.bonus.ca\/fr\/wp-json\/wp\/v2\/media?parent=9137"}],"curies":[{"name":"wp","href":"https:\/\/api.w.org\/{rel}","templated":true}]}}